{"id":890,"date":"2025-03-19T09:40:35","date_gmt":"2025-03-19T09:40:35","guid":{"rendered":"https:\/\/clinicadomnitachiajna.ro\/medic\/?post_type=product&#038;p=890"},"modified":"2025-07-21T15:42:45","modified_gmt":"2025-07-21T15:42:45","slug":"alvarix","status":"publish","type":"product","link":"https:\/\/clinicadomnitachiajna.ro\/medic\/product\/alvarix\/","title":{"rendered":"Alvarix"},"content":{"rendered":"<p data-start=\"53\" data-end=\"624\">\u00centr-o lume \u00een care stresul cotidian \u0219i alimenta\u021bia nes\u0103n\u0103toas\u0103 pot avea un impact semnificativ asupra s\u0103n\u0103t\u0103\u021bii cardiovasculare, este esen\u021bial s\u0103 acord\u0103m o aten\u021bie deosebit\u0103 \u00eengrijirii inimii \u0219i men\u021binerii unui sistem circulator s\u0103n\u0103tos. Unul dintre produsele care a c\u00e2\u0219tigat popularitate \u00een acest domeniu este <strong data-start=\"365\" data-end=\"376\">Alvarix<\/strong> \u2013 un supliment natural sub form\u0103 de capsule, destinat regl\u0103rii tensiunii arteriale \u0219i \u00eembun\u0103t\u0103\u021birii s\u0103n\u0103t\u0103\u021bii inimii. \u00cen acest articol, vom explora \u00een detaliu ce este Alvarix, ce beneficii aduce, cum se utilizeaz\u0103 \u0219i de unde poate fi achizi\u021bionat.<\/p>\n<h2 data-start=\"626\" data-end=\"661\"><strong data-start=\"630\" data-end=\"661\">Prezentare general\u0103 Alvarix<\/strong><\/h2>\n<p data-start=\"663\" data-end=\"1185\">Alvarix este un supliment alimentar conceput pentru a sprijini s\u0103n\u0103tatea cardiovascular\u0103 \u0219i pentru a ajuta la reglarea tensiunii arteriale. Acesta este formulat din ingrediente naturale, care au fost selectate pentru propriet\u0103\u021bile lor benefice asupra sistemului circulator \u0219i a inimii. Alvarix a fost creat pentru a fi utilizat de persoanele care doresc s\u0103 \u00eembun\u0103t\u0103\u021beasc\u0103 s\u0103n\u0103tatea inimii lor sau care se confrunt\u0103 cu fluctua\u021bii ale tensiunii arteriale, dar \u0219i pentru cei care doresc s\u0103 previn\u0103 problemele cardiovasculare.<\/p>\n<p data-start=\"1187\" data-end=\"1389\">Produsul este disponibil sub form\u0103 de capsule \u0219i se remarc\u0103 prin eficien\u021ba sa datorit\u0103 ingredientelor sale naturale, fiind o alternativ\u0103 sigur\u0103 \u0219i f\u0103r\u0103 riscuri pentru tratamentele chimice conven\u021bionale.<\/p>\n<h2 data-start=\"1391\" data-end=\"1427\"><strong data-start=\"1395\" data-end=\"1427\">Compozi\u021bie Alvarix \u0219i efecte<\/strong><\/h2>\n<p data-start=\"1429\" data-end=\"1771\">Alvarix con\u021bine un amestec unic de ingrediente naturale, fiecare cu un rol important \u00een sprijinirea s\u0103n\u0103t\u0103\u021bii cardiovasculare. Printre ingredientele principale se num\u0103r\u0103 extractele din plante \u0219i vitaminele esen\u021biale care au demonstrat beneficii semnificative pentru reglarea tensiunii arteriale \u0219i pentru men\u021binerea unui ritm cardiac s\u0103n\u0103tos.<\/p>\n<p data-start=\"1773\" data-end=\"1800\"><strong>Compozi\u021bia Alvarix include:<\/strong><\/p>\n<ul data-start=\"1802\" data-end=\"2565\">\n<li data-start=\"1802\" data-end=\"1931\"><strong data-start=\"1804\" data-end=\"1826\">Extract de usturoi<\/strong> \u2013 cunoscut pentru capacitatea sa de a reduce tensiunea arterial\u0103 \u0219i de a \u00eembun\u0103t\u0103\u021bi circula\u021bia s\u00e2ngelui.<\/li>\n<li data-start=\"1932\" data-end=\"2052\"><strong data-start=\"1934\" data-end=\"1955\">Extract de m\u0103ce\u0219e<\/strong> \u2013 bogat \u00een vitamine \u0219i antioxidan\u021bi, care contribuie la protejarea inimii \u0219i a vaselor de s\u00e2nge.<\/li>\n<li data-start=\"2053\" data-end=\"2237\"><strong data-start=\"2055\" data-end=\"2077\">Extract de p\u0103ducel<\/strong> \u2013 un ingredient tradi\u021bional utilizat pentru \u00eembun\u0103t\u0103\u021birea s\u0103n\u0103t\u0103\u021bii inimii, ajut\u00e2nd la men\u021binerea unui ritm cardiac normal \u0219i la reducerea presiunii arteriale.<\/li>\n<li data-start=\"2238\" data-end=\"2363\"><strong data-start=\"2240\" data-end=\"2252\">Magneziu<\/strong> \u2013 un mineral esen\u021bial care ajut\u0103 la reglarea b\u0103t\u0103ilor inimii \u0219i la men\u021binerea unei tensiuni arteriale normale.<\/li>\n<li data-start=\"2364\" data-end=\"2565\"><strong data-start=\"2366\" data-end=\"2388\">Vitamina B6 \u0219i B12<\/strong> \u2013 necesare pentru s\u0103n\u0103tatea general\u0103 a sistemului cardiovascular \u0219i pentru reducerea nivelului de homocistein\u0103 din s\u00e2nge, care este asociat cu un risc crescut de boli de inim\u0103.<\/li>\n<\/ul>\n<p data-start=\"2567\" data-end=\"2931\">Efectele Alvarix asupra organismului sunt multiple \u0219i variate. \u00cen primul r\u00e2nd, acest supliment ajut\u0103 la reducerea tensiunii arteriale, favoriz\u00e2nd circula\u021bia s\u00e2ngelui \u0219i prevenind posibilele complica\u021bii ale hipertensiunii. De asemenea, ingredientele din Alvarix contribuie la \u00eent\u0103rirea vaselor de s\u00e2nge \u0219i la reducerea riscurilor asociate cu bolile cardiovasculare.<\/p>\n<h2 data-start=\"2933\" data-end=\"2976\"><strong data-start=\"2937\" data-end=\"2976\">Efecte secundare \u0219i contraindica\u021bii<\/strong><\/h2>\n<p data-start=\"2978\" data-end=\"3373\">Unul dintre aspectele remarcabile ale <strong data-start=\"3016\" data-end=\"3027\">Alvarix<\/strong> este faptul c\u0103 este un supliment natural, ceea ce \u00eenseamn\u0103 c\u0103 riscurile asociate cu utilizarea sa sunt minime. Ingredientele naturale din compozi\u021bia produsului sunt foarte bine tolerate de majoritatea persoanelor \u0219i nu sunt asociate cu efecte secundare grave. Totu\u0219i, este important s\u0103 se \u021bin\u0103 cont de urm\u0103toarele contraindica\u021bii \u0219i recomand\u0103ri:<\/p>\n<ul data-start=\"3375\" data-end=\"3880\">\n<li data-start=\"3375\" data-end=\"3880\"><strong data-start=\"3377\" data-end=\"3396\">Contraindica\u021bii<\/strong>:\n<ol data-start=\"3400\" data-end=\"3880\">\n<li data-start=\"3400\" data-end=\"3514\">Persoanele care sunt alergice la oricare dintre ingredientele produsului ar trebui s\u0103 evite utilizarea Alvarix.<\/li>\n<li data-start=\"3517\" data-end=\"3619\">Femeile \u00eens\u0103rcinate sau care al\u0103pteaz\u0103 ar trebui s\u0103 consulte un medic \u00eenainte de a utiliza Alvarix.<\/li>\n<li data-start=\"3622\" data-end=\"3803\">Persoanele care urmeaz\u0103 tratamente pentru boli de inim\u0103 sau care iau medicamente pentru tensiune arterial\u0103 trebuie s\u0103 consulte un specialist \u00eenainte de a utiliza acest supliment.<\/li>\n<li data-start=\"3806\" data-end=\"3880\">Nu este recomandat persoanelor sub 18 ani f\u0103r\u0103 recomandarea unui medic.<\/li>\n<\/ol>\n<\/li>\n<\/ul>\n<p data-start=\"3882\" data-end=\"4185\">Este important de men\u021bionat c\u0103 Alvarix este formulat pentru a fi un supliment alimentar, iar pentru a beneficia de cele mai bune rezultate, este indicat s\u0103 fie utilizat \u00een paralel cu un stil de via\u021b\u0103 s\u0103n\u0103tos, care include alimenta\u021bie echilibrat\u0103, exerci\u021bii fizice moderate \u0219i evitarea stresului excesiv.<\/p>\n<p style=\"text-align: center;\" data-start=\"3882\" data-end=\"4185\"><a class=\"border-button\" href=\"https:\/\/lucrnxgg.worldkate.com\">www.alvarix.ro<\/a><\/p>\n<h2 data-start=\"4187\" data-end=\"4250\"><strong data-start=\"4191\" data-end=\"4250\">Instruc\u021biuni de utilizare Alvarix, recomand\u0103ri generale<\/strong><\/h2>\n<p data-start=\"4252\" data-end=\"4399\">Pentru a beneficia la maximum de efectele Alvarix, este important s\u0103 respecta\u021bi instruc\u021biunile de utilizare. Iat\u0103 cum trebuie administrat produsul:<\/p>\n<ol data-start=\"4401\" data-end=\"5217\">\n<li data-start=\"4401\" data-end=\"4520\"><strong data-start=\"4404\" data-end=\"4424\">Doza recomandat\u0103<\/strong>: Se recomand\u0103 administrarea a <strong data-start=\"4455\" data-end=\"4474\">2 capsule pe zi<\/strong>, de preferin\u021b\u0103 dup\u0103 mas\u0103, cu un pahar de ap\u0103.<\/li>\n<li data-start=\"4521\" data-end=\"4742\"><strong data-start=\"4524\" data-end=\"4548\">Durata tratamentului<\/strong>: Efectele pozitive pot fi observate dup\u0103 c\u00e2teva s\u0103pt\u0103m\u00e2ni de utilizare constant\u0103. Pentru rezultate optime, este recomandat s\u0103 utiliza\u021bi Alvarix pe o perioad\u0103 mai lung\u0103, de cel pu\u021bin 30 de zile.<\/li>\n<li data-start=\"4743\" data-end=\"5217\"><strong data-start=\"4746\" data-end=\"4774\">Recomand\u0103ri suplimentare<\/strong>:\n<ul data-start=\"4779\" data-end=\"5217\">\n<li data-start=\"4779\" data-end=\"4939\">Este esen\u021bial s\u0103 men\u021bine\u021bi un stil de via\u021b\u0103 s\u0103n\u0103tos, s\u0103 evita\u021bi alimentele bogate \u00een gr\u0103simi saturate \u0219i zaharuri, \u0219i s\u0103 consuma\u021bi mai multe fructe \u0219i legume.<\/li>\n<li data-start=\"4943\" data-end=\"5073\">Practicarea unui program regulat de exerci\u021bii fizice moderate ajut\u0103 la \u00eembun\u0103t\u0103\u021birea circula\u021biei s\u00e2ngelui \u0219i a s\u0103n\u0103t\u0103\u021bii inimii.<\/li>\n<li data-start=\"5077\" data-end=\"5217\">Reducerea stresului prin tehnici de relaxare, cum ar fi medita\u021bia sau yoga, poate contribui la men\u021binerea unei tensiuni arteriale normale.<\/li>\n<\/ul>\n<\/li>\n<\/ol>\n<h2 data-start=\"5219\" data-end=\"5273\"><strong data-start=\"5223\" data-end=\"5273\">De unde s\u0103 cump\u0103ra\u021bi Alvarix, care este pre\u021bul<\/strong><\/h2>\n<p data-start=\"5275\" data-end=\"5409\">Alvarix poate fi achizi\u021bionat foarte u\u0219or, direct de pe site-ul oficial al produc\u0103torului. Procesul de cump\u0103rare este simplu \u0219i rapid:<\/p>\n<ol data-start=\"5411\" data-end=\"5848\">\n<li data-start=\"5411\" data-end=\"5540\"><strong data-start=\"5414\" data-end=\"5453\">Completarea formularului de comand\u0103<\/strong>: Vizita\u021bi site-ul oficial \u0219i completa\u021bi formularul de comand\u0103 cu datele dumneavoastr\u0103.<\/li>\n<li data-start=\"5541\" data-end=\"5646\"><strong data-start=\"5544\" data-end=\"5568\">Confirmarea comenzii<\/strong>: Un specialist va contacta utilizatorul pentru a confirma detaliile comenzii.<\/li>\n<li data-start=\"5647\" data-end=\"5731\"><strong data-start=\"5650\" data-end=\"5662\">Livrarea<\/strong>: Dup\u0103 confirmarea comenzii, Alvarix va fi livrat la adresa indicat\u0103.<\/li>\n<li data-start=\"5732\" data-end=\"5848\"><strong data-start=\"5735\" data-end=\"5744\">Plata<\/strong>: Exist\u0103 posibilitatea de a pl\u0103ti produsul <strong data-start=\"5787\" data-end=\"5801\">la livrare<\/strong>, astfel \u00eenc\u00e2t s\u0103 nu existe riscuri financiare.<\/li>\n<\/ol>\n<p data-start=\"5850\" data-end=\"6046\">Pre\u021bul pentru o cutie de <strong data-start=\"5875\" data-end=\"5886\">Alvarix<\/strong> variaz\u0103, \u00eens\u0103 este competitiv fa\u021b\u0103 de alte suplimente similare de pe pia\u021b\u0103, iar ofertele promo\u021bionale pot reduce semnificativ costul achizi\u021bion\u0103rii produsului.<\/p>\n<p data-start=\"6048\" data-end=\"6367\" data-is-last-node=\"\" data-is-only-node=\"\">Alvarix este o alegere excelent\u0103 pentru persoanele care doresc s\u0103 \u00eembun\u0103t\u0103\u021beasc\u0103 s\u0103n\u0103tatea cardiovascular\u0103 \u0219i s\u0103 regleze tensiunea arterial\u0103. Cu ingrediente naturale, riscuri minime \u0219i un mod de utilizare simplu, acest supliment poate fi un aliat de \u00eencredere \u00een men\u021binerea unui sistem circulator s\u0103n\u0103tos.<\/p>\n<h2 data-start=\"0\" data-end=\"29\"><strong data-start=\"4\" data-end=\"29\">Recenzii reale, forum<\/strong><\/h2>\n<p data-start=\"31\" data-end=\"485\">Atunci c\u00e2nd vine vorba de a alege un supliment alimentar pentru s\u0103n\u0103tatea inimii \u0219i reglarea tensiunii arteriale, este esen\u021bial s\u0103 analiz\u0103m \u0219i p\u0103rerile celor care l-au utilizat deja. Recenziile \u0219i feedback-ul consumatorilor sunt un indicator important al eficien\u021bei unui produs. \u00cen cazul <strong data-start=\"319\" data-end=\"330\">Alvarix<\/strong>, exist\u0103 o mul\u021bime de recenzii pozitive \u0219i testimoniale de la utilizatori mul\u021bumi\u021bi, care au observat \u00eembun\u0103t\u0103\u021biri semnificative \u00een starea lor de s\u0103n\u0103tate.<\/p>\n<p data-start=\"487\" data-end=\"748\">Pe forumuri \u0219i site-uri de specialitate, utilizatorii care au \u00eencercat Alvarix au l\u0103udat, \u00een mod constant, eficien\u021ba sa \u00een reducerea tensiunii arteriale \u0219i \u00eembun\u0103t\u0103\u021birea s\u0103n\u0103t\u0103\u021bii inimii. Iat\u0103 c\u00e2teva dintre cele mai frecvente avantaje men\u021bionate de consumatori:<\/p>\n<ul data-start=\"750\" data-end=\"1761\">\n<li data-start=\"750\" data-end=\"1060\">\n<p data-start=\"752\" data-end=\"1060\"><strong data-start=\"752\" data-end=\"785\">Reducerea tensiunii arteriale<\/strong>: Majoritatea utilizatorilor au remarcat o sc\u0103dere semnificativ\u0103 a tensiunii arteriale \u00een doar c\u00e2teva s\u0103pt\u0103m\u00e2ni de utilizare a produsului. Mul\u021bi au afirmat c\u0103 Alvarix a fost o solu\u021bie eficient\u0103 pentru a \u021bine sub control hipertensiunea f\u0103r\u0103 a depinde de medicamentele chimice.<\/p>\n<\/li>\n<li data-start=\"1064\" data-end=\"1302\">\n<p data-start=\"1066\" data-end=\"1302\"><strong data-start=\"1066\" data-end=\"1104\">\u00cembun\u0103t\u0103\u021birea circula\u021biei s\u00e2ngelui<\/strong>: O alt\u0103 caracteristic\u0103 apreciat\u0103 de consumatori a fost faptul c\u0103 acest supliment ajut\u0103 la \u00eembun\u0103t\u0103\u021birea circula\u021biei s\u00e2ngelui, ceea ce a dus la o senza\u021bie general\u0103 de energie \u0219i vitalitate crescut\u0103.<\/p>\n<\/li>\n<li data-start=\"1304\" data-end=\"1539\">\n<p data-start=\"1306\" data-end=\"1539\"><strong data-start=\"1306\" data-end=\"1343\">Ingrediente naturale \u0219i siguran\u021b\u0103<\/strong>: Un alt aspect men\u021bionat frecvent a fost faptul c\u0103 Alvarix este un produs complet natural, ceea ce \u00eel face o op\u021biune sigur\u0103 \u0219i f\u0103r\u0103 riscuri pentru s\u0103n\u0103tate, comparativ cu alte tratamente chimice.<\/p>\n<\/li>\n<li data-start=\"1541\" data-end=\"1761\">\n<p data-start=\"1543\" data-end=\"1761\"><strong data-start=\"1543\" data-end=\"1568\">F\u0103r\u0103 efecte secundare<\/strong>: Utilizatorii au men\u021bionat c\u0103, spre deosebire de alte suplimente sau medicamente pentru tensiune arterial\u0103, Alvarix nu a avut efecte secundare nepl\u0103cute, ceea ce l-a f\u0103cut o alegere preferat\u0103.<\/p>\n<\/li>\n<\/ul>\n<p data-start=\"1763\" data-end=\"1950\">Aceste recenzii, venite din partea unui num\u0103r mare de utilizatori, demonstreaz\u0103 eficien\u021ba \u0219i siguran\u021ba Alvarix, f\u0103c\u00e2ndu-l un produs popular pe pia\u021ba suplimentelor pentru s\u0103n\u0103tatea inimii.<\/p>\n<h2 data-start=\"1952\" data-end=\"2001\"><strong data-start=\"1956\" data-end=\"2001\">Feedback de la utilizatori despre Alvarix<\/strong><\/h2>\n<p data-start=\"2003\" data-end=\"2142\">Iat\u0103 c\u00e2teva dintre p\u0103rerile ale utilizatorilor despre <strong data-start=\"2066\" data-end=\"2077\">Alvarix<\/strong>, care reflect\u0103 impactul real al produsului asupra s\u0103n\u0103t\u0103\u021bii lor:<\/p>\n<ol data-start=\"2144\" data-end=\"3289\">\n<li data-start=\"2144\" data-end=\"2569\">\n<p data-start=\"2147\" data-end=\"2569\"><strong data-start=\"2147\" data-end=\"2169\">Ionela M., 5 stele<\/strong><br data-start=\"2169\" data-end=\"2172\" \/><em data-start=\"2175\" data-end=\"2569\">\u201eAm \u00eenceput s\u0103 folosesc Alvarix acum aproximativ 2 luni, dup\u0103 ce am avut c\u00e2teva probleme cu tensiunea arterial\u0103 crescut\u0103. Dup\u0103 doar c\u00e2teva s\u0103pt\u0103m\u00e2ni de utilizare, am observat o sc\u0103dere semnificativ\u0103 a tensiunii, iar acum m\u0103 simt mult mai energic\u0103 \u0219i mai activ\u0103. \u00cemi place foarte mult c\u0103 este un produs natural \u0219i nu am avut nicio reac\u021bie advers\u0103. Cu siguran\u021b\u0103 \u00eel voi continua s\u0103 \u00eel folosesc!\u201c<\/em><\/p>\n<\/li>\n<li data-start=\"2571\" data-end=\"2903\">\n<p data-start=\"2574\" data-end=\"2903\"><strong data-start=\"2574\" data-end=\"2599\">Alexandru T., 5 stele<\/strong><br data-start=\"2599\" data-end=\"2602\" \/><em data-start=\"2605\" data-end=\"2903\">\u201eSunt foarte mul\u021bumit de Alvarix. Folosesc acest supliment de o lun\u0103 \u0219i jum\u0103tate \u0219i tensiunea mea arterial\u0103 a sc\u0103zut constant. Nu m\u0103 simt obosit \u0219i am mult mai mult\u0103 energie, iar pulsul meu este mult mai stabil. M\u0103 bucur c\u0103 am g\u0103sit o solu\u021bie natural\u0103 \u0219i eficient\u0103 pentru problemele de tensiune.\u201c<\/em><\/p>\n<\/li>\n<li data-start=\"2905\" data-end=\"3289\">\n<p data-start=\"2908\" data-end=\"3289\"><strong data-start=\"2908\" data-end=\"2929\">Maria G., 4 stele<\/strong><br data-start=\"2929\" data-end=\"2932\" \/><em data-start=\"2935\" data-end=\"3289\">\u201eAlvarix m-a ajutat s\u0103 \u00eemi reglez tensiunea arterial\u0103 \u0219i am observat o \u00eembun\u0103t\u0103\u021bire considerabil\u0103 a circula\u021biei. De asemenea, \u00eemi simt mai bine inima, iar nivelul meu de stres a sc\u0103zut. Produsul este u\u0219or de utilizat, iar livrarea a fost rapid\u0103. Singurul motiv pentru care nu \u00eei dau 5 stele este c\u0103 mi-ar pl\u0103cea s\u0103 fie disponibil \u00een ambalaje mai mari.\u201c<\/em><\/p>\n<\/li>\n<\/ol>\n<p style=\"text-align: center;\"><a class=\"border-button\" href=\"https:\/\/lucrnxgg.worldkate.com\">(\u221250%) Direct de la produc\u0103tor!<\/a><\/p>\n<p data-start=\"3291\" data-end=\"3681\" data-is-last-node=\"\" data-is-only-node=\"\">Aceste recenzii reflect\u0103 opinia majorit\u0103\u021bii utilizatorilor, care consider\u0103 <strong data-start=\"3366\" data-end=\"3377\">Alvarix<\/strong> un supliment eficient, sigur \u0219i accesibil pentru men\u021binerea unei tensiuni arteriale normale \u0219i \u00eembun\u0103t\u0103\u021birea s\u0103n\u0103t\u0103\u021bii cardiovasculare. Multe persoane au raportat \u00eembun\u0103t\u0103\u021biri notabile \u00een starea lor general\u0103 de s\u0103n\u0103tate, sim\u021bindu-se mai energice \u0219i mai protejate de riscurile asociate cu hipertensiunea.<\/p>\n","protected":false},"excerpt":{"rendered":"<p style=\"text-align: center;\"><a class=\"border-button\" href=\"https:\/\/lucrnxgg.worldkate.com\">Cump\u0103ra\u021bi<\/a><\/p>\n<p style=\"text-align: left;\">#prod. 762981138<\/p>\n","protected":false},"featured_media":891,"comment_status":"open","ping_status":"closed","template":"","meta":[],"product_brand":[],"product_cat":[15],"product_tag":[],"class_list":{"0":"post-890","1":"product","2":"type-product","3":"status-publish","4":"has-post-thumbnail","6":"product_cat-medic","8":"first","9":"instock","10":"sale","11":"shipping-taxable","12":"purchasable","13":"product-type-simple"},"aioseo_notices":[],"_links":{"self":[{"href":"https:\/\/clinicadomnitachiajna.ro\/medic\/wp-json\/wp\/v2\/product\/890","targetHints":{"allow":["GET"]}}],"collection":[{"href":"https:\/\/clinicadomnitachiajna.ro\/medic\/wp-json\/wp\/v2\/product"}],"about":[{"href":"https:\/\/clinicadomnitachiajna.ro\/medic\/wp-json\/wp\/v2\/types\/product"}],"replies":[{"embeddable":true,"href":"https:\/\/clinicadomnitachiajna.ro\/medic\/wp-json\/wp\/v2\/comments?post=890"}],"wp:featuredmedia":[{"embeddable":true,"href":"https:\/\/clinicadomnitachiajna.ro\/medic\/wp-json\/wp\/v2\/media\/891"}],"wp:attachment":[{"href":"https:\/\/clinicadomnitachiajna.ro\/medic\/wp-json\/wp\/v2\/media?parent=890"}],"wp:term":[{"taxonomy":"product_brand","embeddable":true,"href":"https:\/\/clinicadomnitachiajna.ro\/medic\/wp-json\/wp\/v2\/product_brand?post=890"},{"taxonomy":"product_cat","embeddable":true,"href":"https:\/\/clinicadomnitachiajna.ro\/medic\/wp-json\/wp\/v2\/product_cat?post=890"},{"taxonomy":"product_tag","embeddable":true,"href":"https:\/\/clinicadomnitachiajna.ro\/medic\/wp-json\/wp\/v2\/product_tag?post=890"}],"curies":[{"name":"wp","href":"https:\/\/api.w.org\/{rel}","templated":true}]}}