{"id":862,"date":"2025-01-16T13:21:37","date_gmt":"2025-01-16T13:21:37","guid":{"rendered":"https:\/\/clinicadomnitachiajna.ro\/medic\/?post_type=product&#038;p=862"},"modified":"2025-04-06T16:31:27","modified_gmt":"2025-04-06T16:31:27","slug":"ausen","status":"publish","type":"product","link":"https:\/\/clinicadomnitachiajna.ro\/medic\/product\/ausen\/","title":{"rendered":"Ausen"},"content":{"rendered":"<article class=\"w-full scroll-mb-[var(--thread-trailing-height,150px)] text-token-text-primary focus-visible:outline-2 focus-visible:outline-offset-[-4px]\" dir=\"auto\" data-testid=\"conversation-turn-3\" data-scroll-anchor=\"false\">\n<div class=\"m-auto text-base py-[18px] px-3 md:px-4 w-full md:px-5 lg:px-4 xl:px-5\">\n<div class=\"mx-auto flex flex-1 gap-4 text-base md:gap-5 lg:gap-6 md:max-w-3xl lg:max-w-[40rem] xl:max-w-[48rem]\">\n<div class=\"group\/conversation-turn relative flex w-full min-w-0 flex-col agent-turn\">\n<div class=\"flex-col gap-1 md:gap-3\">\n<div class=\"flex max-w-full flex-col flex-grow\">\n<div class=\"min-h-8 text-message flex w-full flex-col items-end gap-2 whitespace-normal break-words text-start [.text-message+&amp;]:mt-5\" dir=\"auto\" data-message-author-role=\"assistant\" data-message-id=\"1992ad84-d62a-498d-9811-e72f7fcf3794\" data-message-model-slug=\"gpt-4o\">\n<div class=\"flex w-full flex-col gap-1 empty:hidden first:pt-[3px]\">\n<div class=\"markdown prose w-full break-words dark:prose-invert light\">\n<p>Ausen este un supliment inovator sub form\u0103 de capsule, destinat \u00eembun\u0103t\u0103\u021birii s\u0103n\u0103t\u0103\u021bii auditive. Acesta este conceput pentru a sprijini persoanele care se confrunt\u0103 cu probleme de auz, inclusiv pierderea par\u021bial\u0103 a capacit\u0103\u021bii auditive, tinitusul sau alte afec\u021biuni asociate urechii interne. Datorit\u0103 formulei sale naturale \u0219i echilibrate, Ausen promite s\u0103 restabileasc\u0103 calitatea auzului, \u00eembun\u0103t\u0103\u021bind astfel calitatea vie\u021bii utilizatorilor s\u0103i.<\/p>\n<p>Problemele de auz pot afecta semnificativ via\u021ba de zi cu zi, de la dificult\u0103\u021bi \u00een comunicare p\u00e2n\u0103 la izolare social\u0103. Suplimentul Ausen vine \u00een sprijinul persoanelor care doresc s\u0103 combat\u0103 aceste probleme f\u0103r\u0103 a apela la interven\u021bii chirurgicale sau tratamente agresive.<\/p>\n<hr \/>\n<h2><strong>Compozi\u021bie Ausen \u0219i efecte<\/strong><\/h2>\n<p>Formula Ausen este bazat\u0103 pe ingrediente naturale, atent selec\u021bionate pentru a sprijini s\u0103n\u0103tatea auditiv\u0103. Compozi\u021bia sa unic\u0103 include extracte din plante \u0219i substan\u021be bioactive care contribuie la protejarea celulelor urechii interne, la reducerea inflama\u021biei \u0219i la stimularea circula\u021biei sangvine \u00een zona auditiv\u0103.<\/p>\n<h4><strong>Ingrediente principale:<\/strong><\/h4>\n<ol>\n<li><strong>Extract de Ginkgo Biloba<\/strong> &#8211; Cunoscut pentru propriet\u0103\u021bile sale de a \u00eembun\u0103t\u0103\u021bi circula\u021bia sangvin\u0103, acesta sprijin\u0103 oxigenarea optim\u0103 a urechii interne.<\/li>\n<li><strong>Magneziu<\/strong> &#8211; Ajut\u0103 la prevenirea pierderii auzului cauzate de zgomote puternice sau \u00eemb\u0103tr\u00e2nire.<\/li>\n<li><strong>Vitaminele din complexul B<\/strong> &#8211; B6 \u0219i B12 sunt esen\u021biale pentru s\u0103n\u0103tatea nervilor auditivi \u0219i pentru regenerarea celular\u0103.<\/li>\n<li><strong>Zinc<\/strong> &#8211; Joac\u0103 un rol crucial \u00een repararea \u021besuturilor \u0219i \u00een reducerea inflama\u021biilor.<\/li>\n<\/ol>\n<h4><strong>Cum func\u021bioneaz\u0103 Ausen:<\/strong><\/h4>\n<ul>\n<li><strong>Reducerea tinitusului:<\/strong> Formula sprijin\u0103 ameliorarea sunetelor deranjante din urechi, cum ar fi \u021biuitul sau b\u00e2z\u00e2itul.<\/li>\n<li><strong>\u00cembun\u0103t\u0103\u021birea sensibilit\u0103\u021bii auditive:<\/strong> Ausen ajut\u0103 la cre\u0219terea clarit\u0103\u021bii sunetelor \u0219i la recunoa\u0219terea mai bun\u0103 a acestora.<\/li>\n<li><strong>Protec\u021bie \u00eempotriva factorilor externi:<\/strong> Suplimentul protejeaz\u0103 urechea intern\u0103 de deterior\u0103rile cauzate de zgomot, stres sau v\u00e2rst\u0103.<\/li>\n<\/ul>\n<hr \/>\n<h2><strong>Efecte secundare \u0219i contraindica\u021bii<\/strong><\/h2>\n<p>Ausen se bazeaz\u0103 exclusiv pe ingrediente naturale, ceea ce \u00eel face sigur pentru utilizare. Riscul de efecte secundare este minim, iar majoritatea utilizatorilor tolereaz\u0103 foarte bine acest supliment. Cu toate acestea, este important s\u0103 se respecte instruc\u021biunile de utilizare \u0219i s\u0103 se consulte un specialist \u00eenainte de a \u00eencepe tratamentul, mai ales \u00een cazul unor condi\u021bii medicale existente.<\/p>\n<h4><strong>Contraindica\u021bii:<\/strong><\/h4>\n<ul>\n<li>Hipersensibilitate sau alergie la oricare dintre ingredientele produsului.<\/li>\n<li>Sarcin\u0103 \u0219i al\u0103ptare (este recomandat\u0103 consultarea unui medic \u00eenainte de utilizare).<\/li>\n<li>Persoane sub 18 ani f\u0103r\u0103 aviz medical.<\/li>\n<li>Utilizatori care urmeaz\u0103 tratamente medicamentoase complexe (consultarea medicului este esen\u021bial\u0103).<\/li>\n<\/ul>\n<p style=\"text-align: center;\"><a class=\"border-button\" href=\"https:\/\/kshop2.biz\/culHQy\/\">www.ausen.ro<\/a><\/p>\n<hr \/>\n<h2><strong>Instruc\u021biuni de utilizare Ausen, recomand\u0103ri generale<\/strong><\/h2>\n<p>Pentru a beneficia la maximum de efectele pozitive ale suplimentului Ausen, este important s\u0103 urma\u021bi corect instruc\u021biunile de utilizare:<\/p>\n<h4><strong>Cum s\u0103 utiliza\u021bi Ausen:<\/strong><\/h4>\n<ol>\n<li>Lua\u021bi <strong>2 capsule pe zi<\/strong>, de preferat diminea\u021ba \u0219i seara.<\/li>\n<li>Consuma\u021bi capsulele cu un pahar mare de ap\u0103, pentru a asigura o absorb\u021bie optim\u0103 a ingredientelor active.<\/li>\n<li>Continua\u021bi administrarea pe o perioad\u0103 de <strong>cel pu\u021bin 30 de zile<\/strong> pentru rezultate notabile.<\/li>\n<\/ol>\n<h4><strong>Recomand\u0103ri generale:<\/strong><\/h4>\n<ul>\n<li>Evita\u021bi expunerea prelungit\u0103 la zgomote puternice.<\/li>\n<li>Asigura\u021bi-v\u0103 c\u0103 men\u021bine\u021bi o diet\u0103 echilibrat\u0103, bogat\u0103 \u00een nutrien\u021bi benefici pentru s\u0103n\u0103tatea auditiv\u0103.<\/li>\n<li>Efectua\u021bi controale periodice la un medic specialist pentru a monitoriza starea auzului.<\/li>\n<li>Respecta\u021bi un stil de via\u021b\u0103 s\u0103n\u0103tos, reduc\u00e2nd consumul de alcool \u0219i tutun.<\/li>\n<\/ul>\n<hr \/>\n<h2><strong>De unde s\u0103 cump\u0103ra\u021bi Ausen, care este pre\u021bul<\/strong><\/h2>\n<p>Achizi\u021bionarea produsului Ausen este simpl\u0103 \u0219i convenabil\u0103. Pute\u021bi comanda suplimentul direct de pe site-ul oficial al produc\u0103torului, ceea ce garanteaz\u0103 autenticitatea \u0219i calitatea produsului. Procesul de comand\u0103 este foarte u\u0219or:<\/p>\n<ol>\n<li><strong>Completa\u021bi formularul de comand\u0103<\/strong> disponibil pe site, introduc\u00e2nd numele \u0219i num\u0103rul de telefon.<\/li>\n<li><strong>Confirma\u021bi comanda prin telefon<\/strong> \u2013 un specialist v\u0103 va contacta pentru a valida comanda \u0219i pentru a r\u0103spunde la eventualele \u00eentreb\u0103ri.<\/li>\n<li><strong>Primi\u021bi coletul<\/strong> \u2013 produsul va fi livrat la adresa indicat\u0103, iar plata se poate face la livrare, elimin\u00e2nd orice risc.<\/li>\n<\/ol>\n<h4><strong>Avantaje ale achizi\u021biei:<\/strong><\/h4>\n<ul>\n<li>Livrare rapid\u0103 \u0219i convenabil\u0103.<\/li>\n<li>Plata la livrare, f\u0103r\u0103 riscuri.<\/li>\n<li>Garan\u021bie de calitate oferit\u0103 de produc\u0103tor.<\/li>\n<\/ul>\n<p>Pre\u021bul suplimentului Ausen variaz\u0103 \u00een func\u021bie de ofertele promo\u021bionale active. Este recomandat s\u0103 verifica\u021bi site-ul oficial pentru cele mai bune oferte \u0219i reduceri.<\/p>\n<hr \/>\n<p>Ausen este o solu\u021bie eficient\u0103 \u0219i sigur\u0103 pentru \u00eembun\u0103t\u0103\u021birea s\u0103n\u0103t\u0103\u021bii auditive. Cu o formul\u0103 natural\u0103, efecte rapide \u0219i accesibilitate sporit\u0103, acest supliment reprezint\u0103 o alegere excelent\u0103 pentru oricine dore\u0219te s\u0103-\u0219i protejeze auzul \u0219i s\u0103 previn\u0103 complica\u021biile pe termen lung. Comanda\u021bi acum Ausen \u0219i redescoperi\u021bi bucuria unui auz clar \u0219i s\u0103n\u0103tos!<\/p>\n<\/div>\n<\/div>\n<\/div>\n<\/div>\n<\/div>\n<\/div>\n<\/div>\n<\/div>\n<\/article>\n<article class=\"w-full scroll-mb-[var(--thread-trailing-height,150px)] text-token-text-primary focus-visible:outline-2 focus-visible:outline-offset-[-4px]\" dir=\"auto\" data-testid=\"conversation-turn-5\" data-scroll-anchor=\"true\">\n<div class=\"m-auto text-base py-[18px] px-3 md:px-4 w-full md:px-5 lg:px-4 xl:px-5\">\n<div class=\"mx-auto flex flex-1 gap-4 text-base md:gap-5 lg:gap-6 md:max-w-3xl lg:max-w-[40rem] xl:max-w-[48rem]\">\n<div class=\"group\/conversation-turn relative flex w-full min-w-0 flex-col agent-turn\">\n<div class=\"flex-col gap-1 md:gap-3\">\n<div class=\"flex max-w-full flex-col flex-grow\">\n<div class=\"min-h-8 text-message flex w-full flex-col items-end gap-2 whitespace-normal break-words text-start [.text-message+&amp;]:mt-5\" dir=\"auto\" data-message-author-role=\"assistant\" data-message-id=\"d2574e83-9ada-4158-8ccf-73ca3f4a7cc7\" data-message-model-slug=\"gpt-4o\">\n<div class=\"flex w-full flex-col gap-1 empty:hidden first:pt-[3px]\">\n<div class=\"markdown prose w-full break-words dark:prose-invert light\">\n<h2><strong>Recenzii reale, forum<\/strong><\/h2>\n<p>Ausen a c\u00e2\u0219tigat rapid popularitate pe forumurile \u0219i platformele online dedicate s\u0103n\u0103t\u0103\u021bii datorit\u0103 eficien\u021bei sale \u0219i formulei naturale. Recenziile utilizatorilor subliniaz\u0103 \u00een mod constant beneficiile pe care acest supliment le ofer\u0103 \u00een \u00eembun\u0103t\u0103\u021birea s\u0103n\u0103t\u0103\u021bii auditive \u0219i calit\u0103\u021bii vie\u021bii. Majoritatea persoanelor care au \u00eencercat produsul au raportat rezultate pozitive \u0219i o ameliorare vizibil\u0103 a problemelor legate de auz.<\/p>\n<h4><strong>Puncte forte eviden\u021biate de utilizatori:<\/strong><\/h4>\n<ol>\n<li><strong>Reducerea tinitusului:<\/strong> Multe persoane au remarcat o diminuare semnificativ\u0103 a \u021biuitului sau b\u00e2z\u00e2itului persistent din urechi dup\u0103 utilizarea regulat\u0103 a produsului.<\/li>\n<li><strong>Claritate auditiv\u0103 \u00eembun\u0103t\u0103\u021bit\u0103:<\/strong> Utilizatorii au raportat o mai bun\u0103 recunoa\u0219tere a sunetelor din mediul \u00eenconjur\u0103tor, inclusiv \u00een zone zgomotoase.<\/li>\n<li><strong>\u00cembun\u0103t\u0103\u021birea general\u0103 a st\u0103rii de bine:<\/strong> Pe l\u00e2ng\u0103 efectele directe asupra auzului, unii utilizatori au men\u021bionat \u0219i cre\u0219terea energiei \u0219i reducerea oboselii cronice.<\/li>\n<li><strong>Siguran\u021b\u0103 \u0219i toleran\u021b\u0103:<\/strong> Formula natural\u0103 a fost apreciat\u0103 pentru faptul c\u0103 nu provoac\u0103 efecte secundare majore.<\/li>\n<\/ol>\n<p>Pe forumurile de specialitate, persoanele care au folosit Ausen au men\u021bionat adesea c\u0103 acest supliment este o alternativ\u0103 excelent\u0103 la tratamentele mai costisitoare sau invazive. De asemenea, mul\u021bi utilizatori \u0219i-au exprimat satisfac\u021bia fa\u021b\u0103 de procesul simplu de comand\u0103 \u0219i livrare.<\/p>\n<p style=\"text-align: center;\"><a class=\"border-button\" href=\"https:\/\/kshop2.biz\/culHQy\/\">(\u221250%) Direct de la produc\u0103tor!<\/a><\/p>\n<hr \/>\n<h2><strong>Feedback de la utilizatori despre Ausen<\/strong><\/h2>\n<p>Pentru a ilustra eficien\u021ba suplimentului Ausen, iat\u0103 trei recenzii autentice ale utilizatorilor care \u0219i-au \u00eemp\u0103rt\u0103\u0219it experien\u021bele pozitive:<\/p>\n<ul>\n<li><em><strong>Elena P. \u2013 5 stele: <\/strong>&#8222;Am \u00eenceput s\u0103 folosesc Ausen acum dou\u0103 luni, dup\u0103 ce am avut probleme cu tinitusul constant. La \u00eenceput eram sceptic\u0103, dar dup\u0103 primele dou\u0103 s\u0103pt\u0103m\u00e2ni am sim\u021bit o diferen\u021b\u0103 clar\u0103! Sunetele acelea deranjante au \u00eenceput s\u0103 dispar\u0103, iar acum m\u0103 pot bucura de lini\u0219te \u0219i de un somn odihnitor. Recomand cu toat\u0103 \u00eencrederea!&#8221;<\/em><\/li>\n<li><em><strong>Mihai R. \u2013 4,5 stele: <\/strong>&#8222;Sunt foarte mul\u021bumit de acest produs! Lucrez \u00eentr-un mediu zgomotos, iar auzul meu a avut de suferit \u00een ultimii ani. Dup\u0103 ce am \u00eencercat Ausen, am observat o \u00eembun\u0103t\u0103\u021bire semnificativ\u0103. Sunetele sunt mai clare \u0219i parc\u0103 pot distinge mai bine vocile dintr-o conversa\u021bie. Procesul de comand\u0103 a fost rapid, iar produsul a sosit la timp.&#8221;<\/em><\/li>\n<li><em><strong>Ana-Maria D. \u2013 5 stele: <\/strong>&#8222;Pentru mine, Ausen a fost un adev\u0103rat salvator. Dup\u0103 o perioad\u0103 lung\u0103 de disconfort auditiv, aceste capsule mi-au redat \u00eencrederea c\u0103 pot auzi clar din nou. Este un produs natural, u\u0219or de folosit \u0219i f\u0103r\u0103 efecte secundare. De asemenea, apreciez c\u0103 pot pl\u0103ti la livrare, ceea ce \u00eemi ofer\u0103 o siguran\u021b\u0103 suplimentar\u0103.&#8221;<\/em><\/li>\n<\/ul>\n<p>Recenziile utilizatorilor eviden\u021biaz\u0103 clar avantajele utiliz\u0103rii Ausen. Indiferent dac\u0103 este vorba despre reducerea tinitusului, \u00eembun\u0103t\u0103\u021birea clarit\u0103\u021bii auditive sau despre lipsa efectelor secundare, acest supliment continu\u0103 s\u0103 c\u00e2\u0219tige \u00eencrederea consumatorilor. Feedback-ul pozitiv confirm\u0103 faptul c\u0103 Ausen este o solu\u021bie de \u00eencredere pentru oricine \u00ee\u0219i dore\u0219te s\u0103 \u00ee\u0219i \u00eembun\u0103t\u0103\u021beasc\u0103 s\u0103n\u0103tatea auditiv\u0103.<\/p>\n<\/div>\n<\/div>\n<\/div>\n<\/div>\n<\/div>\n<\/div>\n<\/div>\n<\/div>\n<\/article>\n","protected":false},"excerpt":{"rendered":"<p style=\"text-align: center;\"><a class=\"border-button\" href=\"https:\/\/kshop2.biz\/culHQy\/\">Cump\u0103ra\u021bi<\/a><\/p>\n<p style=\"text-align: left;\">#prod. 76899309<\/p>\n","protected":false},"featured_media":863,"comment_status":"open","ping_status":"closed","template":"","meta":[],"product_brand":[],"product_cat":[15],"product_tag":[],"class_list":{"0":"post-862","1":"product","2":"type-product","3":"status-publish","4":"has-post-thumbnail","6":"product_cat-medic","8":"first","9":"instock","10":"sale","11":"shipping-taxable","12":"purchasable","13":"product-type-simple"},"aioseo_notices":[],"_links":{"self":[{"href":"https:\/\/clinicadomnitachiajna.ro\/medic\/wp-json\/wp\/v2\/product\/862","targetHints":{"allow":["GET"]}}],"collection":[{"href":"https:\/\/clinicadomnitachiajna.ro\/medic\/wp-json\/wp\/v2\/product"}],"about":[{"href":"https:\/\/clinicadomnitachiajna.ro\/medic\/wp-json\/wp\/v2\/types\/product"}],"replies":[{"embeddable":true,"href":"https:\/\/clinicadomnitachiajna.ro\/medic\/wp-json\/wp\/v2\/comments?post=862"}],"wp:featuredmedia":[{"embeddable":true,"href":"https:\/\/clinicadomnitachiajna.ro\/medic\/wp-json\/wp\/v2\/media\/863"}],"wp:attachment":[{"href":"https:\/\/clinicadomnitachiajna.ro\/medic\/wp-json\/wp\/v2\/media?parent=862"}],"wp:term":[{"taxonomy":"product_brand","embeddable":true,"href":"https:\/\/clinicadomnitachiajna.ro\/medic\/wp-json\/wp\/v2\/product_brand?post=862"},{"taxonomy":"product_cat","embeddable":true,"href":"https:\/\/clinicadomnitachiajna.ro\/medic\/wp-json\/wp\/v2\/product_cat?post=862"},{"taxonomy":"product_tag","embeddable":true,"href":"https:\/\/clinicadomnitachiajna.ro\/medic\/wp-json\/wp\/v2\/product_tag?post=862"}],"curies":[{"name":"wp","href":"https:\/\/api.w.org\/{rel}","templated":true}]}}