{"id":83,"date":"2024-09-18T10:21:27","date_gmt":"2024-09-18T10:21:27","guid":{"rendered":"https:\/\/clinicadomnitachiajna.ro\/medic\/?post_type=product&#038;p=83"},"modified":"2025-04-07T11:25:04","modified_gmt":"2025-04-07T11:25:04","slug":"fleboxin","status":"publish","type":"product","link":"https:\/\/clinicadomnitachiajna.ro\/medic\/product\/fleboxin\/","title":{"rendered":"Fleboxin"},"content":{"rendered":"<p><strong>Fleboxin<\/strong> func\u021bioneaz\u0103 prin \u00eent\u0103rirea pere\u021bilor vaselor de s\u00e2nge \u0219i \u00eembun\u0103t\u0103\u021birea circula\u021biei sanguine, contribuind astfel la reducerea inflama\u021biilor \u0219i prevenirea form\u0103rii de noi varice. Pe l\u00e2ng\u0103 faptul c\u0103 este u\u0219or de aplicat, gelul ofer\u0103 o solu\u021bie eficient\u0103, natural\u0103 \u0219i non-invaziv\u0103 pentru a trata varicele f\u0103r\u0103 a recurge la proceduri medicale dureroase sau costisitoare.<\/p>\n<h2>Compozi\u021bie Fleboxin \u0219i efecte<\/h2>\n<p>Unul dintre avantajele majore ale <strong>Fleboxin<\/strong> este compozi\u021bia sa bazat\u0103 pe ingrediente naturale atent selec\u021bionate, fiecare dintre acestea av\u00e2nd un rol important \u00een combaterea varicelor. Printre ingredientele cheie ale acestui gel se num\u0103r\u0103 extractele de plante cu propriet\u0103\u021bi antiinflamatorii, antioxidante \u0219i vasoprotectoare, cum ar fi:<\/p>\n<ul>\n<li><strong>Extract de castan s\u0103lbatic<\/strong>: cunoscut pentru capacitatea sa de a reduce inflama\u021bia \u0219i de a \u00eent\u0103ri pere\u021bii vaselor de s\u00e2nge, prevenind astfel apari\u021bia varicelor.<\/li>\n<li><strong>Mentol<\/strong>: ofer\u0103 o senza\u021bie r\u0103coritoare, calmant\u0103, reduc\u00e2nd disconfortul \u0219i durerea asociate cu varicele.<\/li>\n<li><strong>Hamamelis<\/strong>: un puternic astringent care ajut\u0103 la reducerea edemului \u0219i a inflama\u021biei.<\/li>\n<li><strong>Extract de Ginkgo biloba<\/strong>: \u00eembun\u0103t\u0103\u021be\u0219te circula\u021bia sanguin\u0103 \u0219i contribuie la regenerarea venelor afectate.<\/li>\n<\/ul>\n<p>Toate aceste ingrediente ac\u021bioneaz\u0103 sinergic pentru a oferi un efect complex de ameliorare a varicelor. Aplicarea regulat\u0103 a gelului <strong>Fleboxin<\/strong> poate duce la:<\/p>\n<ul>\n<li>Reducerea vizibil\u0103 a varicelor \u0219i venelor proeminente;<\/li>\n<li>Ameliorarea durerilor \u0219i senza\u021biei de greutate \u00een picioare;<\/li>\n<li>\u00cembun\u0103t\u0103\u021birea circula\u021biei \u0219i prevenirea form\u0103rii de noi varice;<\/li>\n<li>R\u0103corirea \u0219i revitalizarea picioarelor obosite.<\/li>\n<\/ul>\n<h2>Efecte secundare \u0219i contraindica\u021bii<\/h2>\n<p><strong>Fleboxin<\/strong> este un produs sigur \u0219i natural, formulat cu aten\u021bie pentru a minimiza riscul apari\u021biei efectelor secundare. Datorit\u0103 ingredientelor sale naturale, riscurile sunt minime, \u00eens\u0103 exist\u0103 c\u00e2teva aspecte care trebuie luate \u00een considerare:<\/p>\n<ul>\n<li><strong>Alergii<\/strong>: Persoanele care au alergii la oricare dintre ingredientele gelului trebuie s\u0103 evite utilizarea acestuia.<\/li>\n<li><strong>Femei gravide sau care al\u0103pteaz\u0103<\/strong>: De\u0219i produsul este natural, se recomand\u0103 consultarea unui medic \u00eenainte de utilizarea gelului \u00een aceast\u0103 perioad\u0103.<\/li>\n<li><strong>Afec\u021biuni dermatologice<\/strong>: Dac\u0103 ave\u021bi probleme cutanate sau r\u0103ni deschise, aplica\u021bi cu pruden\u021b\u0103 \u0219i consulta\u021bi un specialist dac\u0103 este necesar.<\/li>\n<\/ul>\n<p>Efectele secundare pot include reac\u021bii alergice u\u0219oare, cum ar fi \u00eenro\u0219irea sau m\u00e2nc\u0103rimea \u00een zona aplicat\u0103, dar acestea sunt rare \u0219i, de obicei, dispar odat\u0103 cu \u00eentreruperea utiliz\u0103rii gelului. \u00cen general, <strong>Fleboxin<\/strong> este considerat sigur \u0219i eficient pentru majoritatea utilizatorilor.<\/p>\n<p style=\"text-align: center;\"><a class=\"border-button\" href=\"https:\/\/tl-track.com\/tracker\/ueV7\">www.fleboxin.ro<\/a><\/p>\n<h2>Instruc\u021biuni de utilizare Fleboxin, recomand\u0103ri generale<\/h2>\n<p>Pentru a ob\u021bine cele mai bune rezultate, este important s\u0103 utiliza\u021bi <strong>Fleboxin<\/strong> corect, urm\u00e2nd aceste instruc\u021biuni:<\/p>\n<ol>\n<li><strong>Cur\u0103\u021ba\u021bi zona afectat\u0103<\/strong>: \u00cenainte de aplicarea gelului, cur\u0103\u021ba\u021bi bine pielea cu ap\u0103 \u0219i s\u0103pun, apoi usca\u021bi-o u\u0219or cu un prosop curat.<\/li>\n<li><strong>Aplica\u021bi o cantitate mic\u0103 de gel<\/strong>: Masa\u021bi u\u0219or gelul pe zona afectat\u0103 de varice, folosind mi\u0219c\u0103ri circulare p\u00e2n\u0103 c\u00e2nd produsul este complet absorbit \u00een piele.<\/li>\n<li><strong>Frecven\u021ba utiliz\u0103rii<\/strong>: Se recomand\u0103 utilizarea gelului de dou\u0103 ori pe zi, diminea\u021ba \u0219i seara, pentru a asigura o ameliorare constant\u0103 a simptomelor.<\/li>\n<li><strong>Continuitate<\/strong>: Pentru a vedea rezultate semnificative, este esen\u021bial s\u0103 utiliza\u021bi <strong>Fleboxin<\/strong> regulat timp de cel pu\u021bin 4 s\u0103pt\u0103m\u00e2ni.<\/li>\n<\/ol>\n<h3>Recomand\u0103ri generale pentru prevenirea \u0219i ameliorarea varicelor:<\/h3>\n<ul>\n<li>Men\u021bine\u021bi o diet\u0103 s\u0103n\u0103toas\u0103 \u0219i echilibrat\u0103, bogat\u0103 \u00een antioxidan\u021bi \u0219i fibre, pentru a \u00eembun\u0103t\u0103\u021bi s\u0103n\u0103tatea vascular\u0103.<\/li>\n<li>Practica\u021bi exerci\u021bii fizice regulate pentru a stimula circula\u021bia sanguin\u0103.<\/li>\n<li>Evita\u021bi statul prelungit \u00een picioare sau \u00een pozi\u021bia \u0219ez\u00e2nd, ceea ce poate agrava varicele.<\/li>\n<li>Purta\u021bi ciorapi de compresie dac\u0103 ave\u021bi predispozi\u021bie la varice, pentru a preveni agravarea lor.<\/li>\n<\/ul>\n<h2>De unde s\u0103 cump\u0103ra\u021bi Fleboxin, care este pre\u021bul<\/h2>\n<p>Pentru a achizi\u021biona <strong>Fleboxin<\/strong>, procesul este simplu \u0219i comod. Produsul poate fi comandat online direct de pe site-ul oficial al produc\u0103torului. Tot ce trebuie s\u0103 face\u021bi este s\u0103 completa\u021bi un formular simplu de comand\u0103, oferind datele necesare pentru livrare. Dup\u0103 ce trimite\u021bi comanda, ve\u021bi fi contactat de un specialist pentru confirmarea acesteia, asigur\u00e2ndu-v\u0103 astfel c\u0103 primi\u021bi produsul original.<\/p>\n<p>Un alt avantaj este posibilitatea de a pl\u0103ti la livrare, ceea ce elimin\u0103 orice risc legat de plata online sau de eventuale fraude. Pre\u021bul produsului variaz\u0103 \u00een func\u021bie de promo\u021biile disponibile, \u00eens\u0103, \u00een general, este accesibil pentru majoritatea consumatorilor, fiind o solu\u021bie eficient\u0103 \u0219i rentabil\u0103 pentru tratarea varicelor.<\/p>\n<h2>Recenzii reale, forum<\/h2>\n<p>Recenziile despre <strong>Fleboxin<\/strong> sunt \u00een general foarte pozitive. Multe persoane au remarcat o ameliorare semnificativ\u0103 a simptomelor varicelor dup\u0103 utilizarea regulat\u0103 a gelului. Printre aspectele pozitive frecvent men\u021bionate de utilizatori se num\u0103r\u0103:<\/p>\n<ul>\n<li>Reducerea rapid\u0103 a durerilor \u0219i disconfortului la nivelul picioarelor;<\/li>\n<li>\u00cembun\u0103t\u0103\u021birea vizibil\u0103 a aspectului pielii, cu varice mai pu\u021bin proeminente;<\/li>\n<li>Senza\u021bia pl\u0103cut\u0103 de r\u0103corire \u0219i u\u0219urare imediat\u0103 dup\u0103 aplicare.<\/li>\n<\/ul>\n<p>Pe diverse forumuri \u0219i platforme de recenzii, clien\u021bii \u00ee\u0219i exprim\u0103 satisfac\u021bia fa\u021b\u0103 de efectele rapide \u0219i de durat\u0103 ale acestui produs. Mul\u021bi utilizatori confirm\u0103 c\u0103 au \u00eencercat \u0219i alte tratamente \u00eenainte, dar <strong>Fleboxin<\/strong> a fost singurul care le-a oferit rezultate vizibile.<\/p>\n<p style=\"text-align: center;\"><a class=\"border-button\" href=\"https:\/\/tl-track.com\/tracker\/ueV7\">(\u221250%) Direct de la produc\u0103tor!<\/a><\/p>\n<h2>Feedback de la utilizatori despre Fleboxin<\/h2>\n<ol>\n<li><strong>Elena M., 35 de ani, 5 stele<\/strong>: \u201eDup\u0103 ce am \u00eencercat mai multe creme \u0219i geluri pentru varice, am fost sceptic\u0103 \u00een privin\u021ba Fleboxin, dar m-am \u00een\u0219elat. Dup\u0103 doar dou\u0103 s\u0103pt\u0103m\u00e2ni de utilizare, am observat o reducere vizibil\u0103 a varicelor \u0219i picioarele mele se simt mult mai u\u0219oare. Recomand cu c\u0103ldur\u0103 acest produs tuturor!\u201d<\/li>\n<li><strong>Ana P., 42 de ani, 4,5 stele<\/strong>: \u201eVaricele mele erau o surs\u0103 constant\u0103 de disconfort, dar cu Fleboxin am reu\u0219it s\u0103 \u00eemi recap\u0103t \u00eencrederea \u00een mine. Gelul se aplic\u0103 u\u0219or \u0219i are un efect calmant imediat. \u00cel folosesc de dou\u0103 luni \u0219i rezultatele sunt uimitoare!\u201d<\/li>\n<li><strong>Mihai D., 50 de ani, 5 stele<\/strong>: \u201eAm fost surprins de c\u00e2t de repede a func\u021bionat acest gel. Picioarele mele, care de obicei erau umflate \u0219i dureroase, arat\u0103 \u0219i se simt mult mai bine acum. Este cu adev\u0103rat un produs eficient \u0219i recomandat pentru oricine sufer\u0103 de varice.\u201d<\/li>\n<\/ol>\n<p><strong>Fleboxin<\/strong> se bucur\u0103 de aprecierea consumatorilor datorit\u0103 eficien\u021bei \u0219i siguran\u021bei sale, fiind o solu\u021bie ideal\u0103 pentru ameliorarea varicelor \u0219i \u00eembun\u0103t\u0103\u021birea s\u0103n\u0103t\u0103\u021bii venelor.<\/p>\n","protected":false},"excerpt":{"rendered":"<p style=\"text-align: center;\"><a class=\"border-button\" href=\"https:\/\/tl-track.com\/tracker\/ueV7\">Cump\u0103ra\u021bi<\/a><\/p>\n<p style=\"text-align: left;\">#prod. 7689955<\/p>\n","protected":false},"featured_media":84,"comment_status":"open","ping_status":"closed","template":"","meta":[],"product_brand":[],"product_cat":[15],"product_tag":[],"class_list":{"0":"post-83","1":"product","2":"type-product","3":"status-publish","4":"has-post-thumbnail","6":"product_cat-medic","8":"first","9":"instock","10":"sale","11":"shipping-taxable","12":"purchasable","13":"product-type-simple"},"aioseo_notices":[],"_links":{"self":[{"href":"https:\/\/clinicadomnitachiajna.ro\/medic\/wp-json\/wp\/v2\/product\/83","targetHints":{"allow":["GET"]}}],"collection":[{"href":"https:\/\/clinicadomnitachiajna.ro\/medic\/wp-json\/wp\/v2\/product"}],"about":[{"href":"https:\/\/clinicadomnitachiajna.ro\/medic\/wp-json\/wp\/v2\/types\/product"}],"replies":[{"embeddable":true,"href":"https:\/\/clinicadomnitachiajna.ro\/medic\/wp-json\/wp\/v2\/comments?post=83"}],"wp:featuredmedia":[{"embeddable":true,"href":"https:\/\/clinicadomnitachiajna.ro\/medic\/wp-json\/wp\/v2\/media\/84"}],"wp:attachment":[{"href":"https:\/\/clinicadomnitachiajna.ro\/medic\/wp-json\/wp\/v2\/media?parent=83"}],"wp:term":[{"taxonomy":"product_brand","embeddable":true,"href":"https:\/\/clinicadomnitachiajna.ro\/medic\/wp-json\/wp\/v2\/product_brand?post=83"},{"taxonomy":"product_cat","embeddable":true,"href":"https:\/\/clinicadomnitachiajna.ro\/medic\/wp-json\/wp\/v2\/product_cat?post=83"},{"taxonomy":"product_tag","embeddable":true,"href":"https:\/\/clinicadomnitachiajna.ro\/medic\/wp-json\/wp\/v2\/product_tag?post=83"}],"curies":[{"name":"wp","href":"https:\/\/api.w.org\/{rel}","templated":true}]}}