{"id":81,"date":"2024-09-18T10:19:40","date_gmt":"2024-09-18T10:19:40","guid":{"rendered":"https:\/\/clinicadomnitachiajna.ro\/medic\/?post_type=product&#038;p=81"},"modified":"2025-04-07T11:25:15","modified_gmt":"2025-04-07T11:25:15","slug":"eroxent","status":"publish","type":"product","link":"https:\/\/clinicadomnitachiajna.ro\/medic\/product\/eroxent\/","title":{"rendered":"Eroxent"},"content":{"rendered":"<p><strong>Eroxent<\/strong> este o supliment alimentar dedicat s\u0103n\u0103t\u0103\u021bii masculine, creat pentru a sprijini fertilitatea \u0219i func\u021bia reproductiv\u0103. Produsul este compus din ingrediente naturale, provenite \u00een special din plante, ceea ce \u00eel face o alegere sigur\u0103 pentru b\u0103rba\u021bii care doresc s\u0103 \u00ee\u0219i \u00eembun\u0103t\u0103\u021beasc\u0103 via\u021ba sexual\u0103 \u0219i s\u0103n\u0103tatea general\u0103. Suplimentele pentru erec\u021bie au c\u00e2\u0219tigat popularitate datorit\u0103 cre\u0219terii con\u0219tientiz\u0103rii asupra s\u0103n\u0103t\u0103\u021bii sexuale masculine, iar Eroxent se eviden\u021biaz\u0103 printr-o formul\u0103 avansat\u0103 \u0219i bine studiat\u0103.<\/p>\n<p>Acest supliment \u00eembun\u0103t\u0103\u021be\u0219te calitatea vie\u021bii sexuale, sporind at\u00e2t libidoul, c\u00e2t \u0219i performan\u021ba sexual\u0103. Ingredientele active contribuie la sus\u021binerea s\u0103n\u0103t\u0103\u021bii reproductive \u0219i ofer\u0103 un plus de energie pentru via\u021ba de zi cu zi. Datorit\u0103 formulei sale inovatoare, Eroxent ajut\u0103 la men\u021binerea nivelurilor normale de testosteron \u0219i la combaterea simptomelor de oboseal\u0103 sau sc\u0103dere a poten\u021bei.<\/p>\n<h2>Compozi\u021bie Eroxent \u0219i efecte<\/h2>\n<p><strong>Eroxent<\/strong> se bazeaz\u0103 pe o combina\u021bie de ingrediente naturale, fiecare av\u00e2nd un rol specific \u00een sprijinirea s\u0103n\u0103t\u0103\u021bii masculine \u0219i a poten\u021bei. Iat\u0103 o prezentare detaliat\u0103 a compozi\u021biei \u0219i efectelor fiec\u0103rui ingredient:<\/p>\n<ol>\n<li><strong>Fibr\u0103 de soia \u0219i izolat de proteine de soia<\/strong> \u2013 Aceste ingrediente sus\u021bin s\u0103n\u0103tatea general\u0103 \u0219i pot contribui la men\u021binerea nivelurilor hormonale normale.<\/li>\n<li><strong>Taurin\u0103<\/strong> \u2013 Un aminoacid care ajut\u0103 la \u00eembun\u0103t\u0103\u021birea performan\u021bei fizice \u0219i mentale, oferind energie \u0219i sus\u021bin\u00e2nd func\u021bia muscular\u0103.<\/li>\n<li><strong>L-arginin\u0103 \u0219i L-citrulin\u0103<\/strong> \u2013 Ace\u0219ti aminoacizi joac\u0103 un rol cheie \u00een dilatarea vaselor de s\u00e2nge, ceea ce \u00eembun\u0103t\u0103\u021be\u0219te circula\u021bia s\u00e2ngelui \u00een zona genital\u0103, contribuind la ob\u021binerea \u0219i men\u021binerea unei erec\u021bii puternice.<\/li>\n<li><strong>Tribulus terrestris<\/strong> (extract de fructe 10:1, 45% saponine) \u2013 Tribulus terrestris este recunoscut pentru capacitatea sa de a cre\u0219te nivelurile de testosteron \u0219i de a \u00eembun\u0103t\u0103\u021bi libidoul. Acest extract puternic stimuleaz\u0103 dorin\u021ba sexual\u0103 \u0219i sus\u021bine s\u0103n\u0103tatea reproductiv\u0103.<\/li>\n<li><strong>Magneziu<\/strong> (carbonat de magneziu) \u2013 Magneziul este esen\u021bial pentru s\u0103n\u0103tatea muscular\u0103 \u0219i nervoas\u0103, contribuind la reducerea oboselii \u0219i sus\u021bin\u00e2nd func\u021bionarea optim\u0103 a corpului.<\/li>\n<li><strong>Vitamina C<\/strong> (acid ascorbic) \u2013 Un antioxidant puternic care sus\u021bine s\u0103n\u0103tatea general\u0103, contribuind la protejarea celulelor \u00eempotriva stresului oxidativ.<\/li>\n<li><strong>Seleniu<\/strong> \u2013 Acest mineral esen\u021bial sprijin\u0103 func\u021bia normal\u0103 a glandei tiroide \u0219i contribuie la men\u021binerea fertilit\u0103\u021bii masculine.<\/li>\n<li><strong>Extract de r\u0103d\u0103cin\u0103 de maca (Lepidium meyenii)<\/strong> \u2013 Maca este cunoscut\u0103 pentru capacitatea sa de a cre\u0219te libidoul \u0219i energia sexual\u0103, ajut\u00e2nd la \u00eembun\u0103t\u0103\u021birea performan\u021bei \u0219i rezisten\u021bei sexuale.<\/li>\n<li><strong>Extract de r\u0103d\u0103cin\u0103 de ginseng (Panax ginseng)<\/strong> \u2013 Ginsengul este renumit pentru efectele sale asupra energiei \u0219i vitalit\u0103\u021bii, contribuind la \u00eembun\u0103t\u0103\u021birea erec\u021biei \u0219i a dorin\u021bei sexuale.<\/li>\n<li><strong>Zinc<\/strong> (citrat de zinc) \u2013 Zincul este esen\u021bial pentru produc\u021bia de testosteron \u0219i pentru s\u0103n\u0103tatea spermatozoizilor, av\u00e2nd un rol crucial \u00een men\u021binerea func\u021biei sexuale normale.<\/li>\n<li><strong>Vitamina B6<\/strong> (pyridoxin\u0103 HCl) \u2013 Ajut\u0103 la reducerea oboselii \u0219i la reglarea nivelurilor hormonale.<\/li>\n<\/ol>\n<p>Aceast\u0103 combina\u021bie de ingrediente ofer\u0103 un sprijin cuprinz\u0103tor pentru s\u0103n\u0103tatea sexual\u0103 masculin\u0103, promov\u00e2nd at\u00e2t \u00eembun\u0103t\u0103\u021birea func\u021biei erectile, c\u00e2t \u0219i cre\u0219terea dorin\u021bei sexuale \u0219i a energiei.<\/p>\n<h2>Efecte secundare \u0219i contraindica\u021bii<\/h2>\n<p>Deoarece <strong>Eroxent<\/strong> este un produs natural, riscurile asociate cu utilizarea sa sunt minime. Totu\u0219i, ca \u00een cazul oric\u0103rui supliment, exist\u0103 anumite contraindica\u021bii \u0219i posibile efecte secundare. De\u0219i rare, reac\u021biile adverse pot ap\u0103rea \u00een cazul persoanelor cu sensibilit\u0103\u021bi la unele dintre ingredientele active. Iat\u0103 principalele contraindica\u021bii:<\/p>\n<ul>\n<li>Alergii la unul sau mai multe dintre ingredientele produsului.<\/li>\n<li>Persoanele cu afec\u021biuni cardiace ar trebui s\u0103 consulte medicul \u00eenainte de a utiliza produsul, din cauza con\u021binutului de L-arginin\u0103, care poate afecta tensiunea arterial\u0103.<\/li>\n<li>Femeile gravide sau care al\u0103pteaz\u0103 nu ar trebui s\u0103 utilizeze produsul.<\/li>\n<\/ul>\n<p><strong>Eroxent<\/strong> este sigur pentru utilizare, dar este important s\u0103 se respecte doza recomandat\u0103 pentru a evita orice efecte nedorite.<\/p>\n<p style=\"text-align: center;\"><a class=\"border-button\" href=\"https:\/\/tl-track.com\/tracker\/uSth\">www.eroxent.ro<\/a><\/p>\n<h2>Instruc\u021biuni de utilizare Eroxent, recomand\u0103ri generale<\/h2>\n<p>Pentru a ob\u021bine rezultate optime, este important s\u0103 urmezi corect instruc\u021biunile de utilizare ale <strong>Eroxent<\/strong>:<\/p>\n<ol>\n<li><strong>Doza recomandat\u0103<\/strong>: Se administreaz\u0103 1-2 plicuri pe zi, dizolvate \u00eentr-un pahar cu ap\u0103. Este indicat s\u0103 fie consumat cu aproximativ 30 de minute \u00eenainte de actul sexual pentru un efect maxim.<\/li>\n<li><strong>Durata utiliz\u0103rii<\/strong>: Pentru rezultate de lung\u0103 durat\u0103, produsul poate fi utilizat zilnic, pe o perioad\u0103 de minim 1 lun\u0103.<\/li>\n<li><strong>Mod de preparare<\/strong>: Dizolva\u021bi con\u021binutul plicului \u00eentr-un pahar cu ap\u0103 \u0219i amesteca\u021bi bine p\u00e2n\u0103 la dizolvarea complet\u0103.<\/li>\n<\/ol>\n<h3>Recomand\u0103ri generale:<\/h3>\n<ul>\n<li>Men\u021bine\u021bi un stil de via\u021b\u0103 s\u0103n\u0103tos, cu o diet\u0103 echilibrat\u0103 \u0219i activitate fizic\u0103 regulat\u0103 pentru a maximiza beneficiile Eroxent.<\/li>\n<li>Evita\u021bi consumul excesiv de alcool \u0219i fumatul, deoarece acestea pot afecta negativ func\u021bia sexual\u0103.<\/li>\n<li>\u00cen cazul \u00een care ave\u021bi afec\u021biuni medicale preexistente, consulta\u021bi medicul \u00eenainte de a \u00eencepe s\u0103 utiliza\u021bi produsul.<\/li>\n<\/ul>\n<h2>De unde s\u0103 cump\u0103ra\u021bi Eroxent, care este pre\u021bul<\/h2>\n<p>Achizi\u021bionarea <strong>Eroxent<\/strong> este simpl\u0103 \u0219i sigur\u0103. Po\u021bi comanda produsul direct de pe site-ul oficial, unde este disponibil un formular simplu de comand\u0103. Dup\u0103 completarea formularului, vei fi contactat de un specialist pentru confirmarea comenzii. Plata se poate face la livrare, oferind astfel un plus de siguran\u021b\u0103 \u0219i elimin\u00e2nd riscurile legate de pl\u0103\u021bile online.<\/p>\n<p>Pre\u021bul <strong>Eroxent<\/strong> variaz\u0103 \u00een func\u021bie de oferta disponibil\u0103 la momentul achizi\u021biei. \u00cen general, produsul poate fi achizi\u021bionat la pre\u021buri promo\u021bionale dac\u0103 comanzi mai multe pachete simultan. De asemenea, uneori exist\u0103 oferte speciale cu reduceri semnificative pentru clien\u021bii noi.<\/p>\n<h2>Recenzii reale, forum<\/h2>\n<p>Pe forumuri \u0219i platformele de recenzii, <strong>Eroxent<\/strong> prime\u0219te numeroase feedback-uri pozitive de la utilizatori satisf\u0103cu\u021bi. Mul\u021bi b\u0103rba\u021bi raporteaz\u0103 o \u00eembun\u0103t\u0103\u021bire considerabil\u0103 a performan\u021bei sexuale \u0219i a nivelului de energie. Printre beneficiile cel mai des men\u021bionate se num\u0103r\u0103:<\/p>\n<ul>\n<li>Erec\u021bii mai ferme \u0219i mai durabile.<\/li>\n<li>Cre\u0219terea dorin\u021bei sexuale.<\/li>\n<li>O \u00eembun\u0103t\u0103\u021bire a vitalit\u0103\u021bii generale.<\/li>\n<li>Mai mult\u0103 \u00eencredere \u00een sine \u00een via\u021ba intim\u0103.<\/li>\n<\/ul>\n<p>Aceste recenzii confirm\u0103 eficien\u021ba \u0219i siguran\u021ba produsului, f\u0103c\u00e2ndu-l o alegere popular\u0103 printre suplimentele naturale pentru erec\u021bie.<\/p>\n<p style=\"text-align: center;\"><a class=\"border-button\" href=\"https:\/\/tl-track.com\/tracker\/uSth\">(\u221250%) Direct de la produc\u0103tor!<\/a><\/p>\n<h2>Feedback de la utilizatori despre Eroxent<\/h2>\n<ol>\n<li><strong>Mihai, 38 de ani<\/strong> \u2013 \u2b50\u2b50\u2b50\u2b50\u2b50<br \/>\n\u201eFolosesc <strong>Eroxent<\/strong> de aproximativ dou\u0103 luni \u0219i sunt foarte mul\u021bumit de rezultate. Erec\u021biile mele sunt mult mai ferme, iar dorin\u021ba sexual\u0103 a crescut considerabil. \u00cel recomand tuturor!\u201d<\/li>\n<li><strong>Andrei, 45 de ani<\/strong> \u2013 \u2b50\u2b50\u2b50\u2b50\u2b50<br \/>\n\u201eAm \u00eencercat mai multe produse de-a lungul timpului, dar <strong>Eroxent<\/strong> a fost singurul care a func\u021bionat cu adev\u0103rat. Am observat \u00eembun\u0103t\u0103\u021biri dup\u0103 prima s\u0103pt\u0103m\u00e2n\u0103 de utilizare. M\u0103 simt mai energic \u0219i mai \u00eencrez\u0103tor.\u201d<\/li>\n<li><strong>Victor, 50 de ani<\/strong> \u2013 \u2b50\u2b50\u2b50\u2b50\u2b50<br \/>\n\u201e<strong>Eroxent<\/strong> m-a ajutat s\u0103-mi recap\u0103t vitalitatea. Am avut probleme cu erec\u021bia, dar acum simt o diferen\u021b\u0103 imens\u0103. Este un produs natural \u0219i nu am avut niciun fel de efecte adverse.\u201d<\/li>\n<\/ol>\n<p>Aceste recenzii reflect\u0103 experien\u021bele pozitive ale utilizatorilor \u0219i arat\u0103 eficien\u021ba produsului pentru o gam\u0103 larg\u0103 de b\u0103rba\u021bi care caut\u0103 solu\u021bii naturale pentru \u00eembun\u0103t\u0103\u021birea performan\u021bei sexuale.<\/p>\n","protected":false},"excerpt":{"rendered":"<p style=\"text-align: center;\"><a class=\"border-button\" href=\"https:\/\/tl-track.com\/tracker\/uSth\">Cump\u0103ra\u021bi<\/a><\/p>\n<p style=\"text-align: left;\">#prod. 7689955<\/p>\n","protected":false},"featured_media":82,"comment_status":"open","ping_status":"closed","template":"","meta":[],"product_brand":[],"product_cat":[15],"product_tag":[],"class_list":{"0":"post-81","1":"product","2":"type-product","3":"status-publish","4":"has-post-thumbnail","6":"product_cat-medic","8":"first","9":"instock","10":"sale","11":"shipping-taxable","12":"purchasable","13":"product-type-simple"},"aioseo_notices":[],"_links":{"self":[{"href":"https:\/\/clinicadomnitachiajna.ro\/medic\/wp-json\/wp\/v2\/product\/81","targetHints":{"allow":["GET"]}}],"collection":[{"href":"https:\/\/clinicadomnitachiajna.ro\/medic\/wp-json\/wp\/v2\/product"}],"about":[{"href":"https:\/\/clinicadomnitachiajna.ro\/medic\/wp-json\/wp\/v2\/types\/product"}],"replies":[{"embeddable":true,"href":"https:\/\/clinicadomnitachiajna.ro\/medic\/wp-json\/wp\/v2\/comments?post=81"}],"wp:featuredmedia":[{"embeddable":true,"href":"https:\/\/clinicadomnitachiajna.ro\/medic\/wp-json\/wp\/v2\/media\/82"}],"wp:attachment":[{"href":"https:\/\/clinicadomnitachiajna.ro\/medic\/wp-json\/wp\/v2\/media?parent=81"}],"wp:term":[{"taxonomy":"product_brand","embeddable":true,"href":"https:\/\/clinicadomnitachiajna.ro\/medic\/wp-json\/wp\/v2\/product_brand?post=81"},{"taxonomy":"product_cat","embeddable":true,"href":"https:\/\/clinicadomnitachiajna.ro\/medic\/wp-json\/wp\/v2\/product_cat?post=81"},{"taxonomy":"product_tag","embeddable":true,"href":"https:\/\/clinicadomnitachiajna.ro\/medic\/wp-json\/wp\/v2\/product_tag?post=81"}],"curies":[{"name":"wp","href":"https:\/\/api.w.org\/{rel}","templated":true}]}}