{"id":786,"date":"2024-12-10T18:01:42","date_gmt":"2024-12-10T18:01:42","guid":{"rendered":"https:\/\/clinicadomnitachiajna.ro\/medic\/?post_type=product&#038;p=786"},"modified":"2025-06-05T12:13:08","modified_gmt":"2025-06-05T12:13:08","slug":"bee-venom","status":"publish","type":"product","link":"https:\/\/clinicadomnitachiajna.ro\/medic\/product\/bee-venom\/","title":{"rendered":"Bee Venom"},"content":{"rendered":"<article class=\"w-full scroll-mb-[var(--thread-trailing-height,150px)] text-token-text-primary focus-visible:outline-2 focus-visible:outline-offset-[-4px]\" dir=\"auto\" data-testid=\"conversation-turn-3\" data-scroll-anchor=\"false\">\n<div class=\"m-auto text-base py-[18px] px-3 md:px-4 w-full md:px-5 lg:px-4 xl:px-5\">\n<div class=\"mx-auto flex flex-1 gap-4 text-base md:gap-5 lg:gap-6 md:max-w-3xl lg:max-w-[40rem] xl:max-w-[48rem]\">\n<div class=\"group\/conversation-turn relative flex w-full min-w-0 flex-col agent-turn\">\n<div class=\"flex-col gap-1 md:gap-3\">\n<div class=\"flex max-w-full flex-col flex-grow\">\n<div class=\"min-h-8 text-message flex w-full flex-col items-end gap-2 whitespace-normal break-words text-start [.text-message+&amp;]:mt-5\" dir=\"auto\" data-message-author-role=\"assistant\" data-message-id=\"20e2039e-5aad-446c-a21b-4d53edb0af65\" data-message-model-slug=\"gpt-4o\">\n<div class=\"flex w-full flex-col gap-1 empty:hidden first:pt-[3px]\">\n<div class=\"markdown prose w-full break-words dark:prose-invert light\">\n<p>\u00cen ultimii ani, interesul pentru produsele naturale destinate s\u0103n\u0103t\u0103\u021bii a crescut semnificativ. \u00cen acest context, Bee Venom s-a remarcat ca un unguent inovator, destinat \u00eengrijirii \u0219i s\u0103n\u0103t\u0103\u021bii articula\u021biilor. Produsul \u00eembin\u0103 ingrediente naturale cu propriet\u0103\u021bi terapeutice remarcabile, oferind solu\u021bii eficiente pentru ameliorarea durerilor articulare \u0219i musculare.<\/p>\n<h2><strong>Prezentare general\u0103 Bee Venom<\/strong><\/h2>\n<p>Bee Venom este un unguent revolu\u021bionar, dezvoltat pentru persoanele care sufer\u0103 de disconfort articular sau muscular. Bazat pe un amestec unic de extracte naturale \u0219i uleiuri esen\u021biale, acest produs este o op\u021biune excelent\u0103 pentru cei care caut\u0103 remedii eficiente \u0219i lipsite de riscuri.<\/p>\n<p>Principalul avantaj al Bee Venom const\u0103 \u00een compozi\u021bia sa natural\u0103. Ingredientele sale active p\u0103trund rapid \u00een piele, ac\u021bion\u00e2nd direct asupra \u021besuturilor afectate. \u00cen plus, produsul este recomandat nu doar pentru ameliorarea durerilor, ci \u0219i pentru prevenirea afec\u021biunilor articulare, fiind potrivit pentru toate categoriile de v\u00e2rst\u0103.<\/p>\n<h2><strong>Compozi\u021bie Bee Venom \u0219i efecte<\/strong><\/h2>\n<p>Bee Venom se diferen\u021biaz\u0103 de alte unguente prin formula sa complex\u0103, care include:<\/p>\n<ol>\n<li><strong>R\u0103d\u0103cinile vi\u021bei de vie ale zeului tunetului<\/strong><br \/>\nAcest ingredient exotic este cunoscut pentru propriet\u0103\u021bile sale antiinflamatorii \u0219i analgezice. Reduce inflama\u021bia \u0219i contribuie la regenerarea \u021besuturilor articulare.<\/li>\n<li><strong>Rizomi de iarb\u0103 de gr\u00e2u<\/strong><br \/>\nBogat \u00een vitamine \u0219i minerale, acest component sus\u021bine s\u0103n\u0103tatea pielii \u0219i \u00eembun\u0103t\u0103\u021be\u0219te circula\u021bia s\u00e2ngelui \u00een zonele afectate.<\/li>\n<li><strong>R\u0103\u0219in\u0103 de cedru siberian<\/strong><br \/>\nUn agent natural cu propriet\u0103\u021bi antiseptice \u0219i calmante, r\u0103\u0219ina de cedru siberian accelereaz\u0103 procesul de vindecare \u0219i reduce senza\u021bia de disconfort.<\/li>\n<li><strong>Uleiuri de mesteac\u0103n \u0219i ment\u0103<\/strong><br \/>\nAceste uleiuri esen\u021biale ofer\u0103 un efect de r\u0103corire, reduc durerea \u0219i \u00eembun\u0103t\u0103\u021besc mobilitatea articular\u0103.<\/li>\n<li><strong>Componente suplimentare<\/strong><br \/>\nFormula este \u00eembog\u0103\u021bit\u0103 cu diverse extracte naturale, care sus\u021bin regenerarea celulelor \u0219i reduc tensiunea muscular\u0103.<\/li>\n<\/ol>\n<h3><strong>Efecte principale ale Bee Venom<\/strong><\/h3>\n<ul>\n<li>Ameliorarea durerilor articulare \u0219i musculare.<\/li>\n<li>Reducerea inflama\u021biei \u0219i umfl\u0103turilor.<\/li>\n<li>Cre\u0219terea mobilit\u0103\u021bii articula\u021biilor.<\/li>\n<li>Prevenirea afec\u021biunilor degenerative ale articula\u021biilor.<\/li>\n<li>Regenerarea \u021besuturilor \u0219i accelerarea vindec\u0103rii.<\/li>\n<\/ul>\n<h2><strong>Efecte secundare \u0219i contraindica\u021bii<\/strong><\/h2>\n<p>Bee Venom este un produs natural, iar riscurile asociate utiliz\u0103rii sale sunt minime. Totu\u0219i, ca orice alt produs, poate avea contraindica\u021bii, mai ales pentru persoanele cu alergii sau sensibilit\u0103\u021bi la unul dintre ingredientele sale.<\/p>\n<h3><strong>Contraindica\u021bii Bee Venom<\/strong><\/h3>\n<ul>\n<li>Persoane cu alergie la \u00een\u021bep\u0103tura de albine sau la alte produse apicole.<\/li>\n<li>Femei \u00eens\u0103rcinate sau care al\u0103pteaz\u0103 (consultarea medicului este recomandat\u0103).<\/li>\n<li>Copii sub 12 ani.<\/li>\n<li>Persoane cu afec\u021biuni cutanate severe sau leziuni deschise.<\/li>\n<\/ul>\n<p>Este recomandat un test de sensibilitate \u00eenainte de utilizare. Aplica\u021bi o cantitate mic\u0103 pe piele \u0219i observa\u021bi dac\u0103 apar reac\u021bii adverse.<\/p>\n<p style=\"text-align: center;\"><a class=\"border-button\" href=\"https:\/\/keonv.com\/pHMS?sub1=sub1&amp;sub2=sub2&amp;sub3=sub3&amp;sub4=sub4&amp;sub5=sub5\">www.bee-venom.ro<\/a><\/p>\n<h2><strong>Instruc\u021biuni de utilizare Bee Venom, recomand\u0103ri generale<\/strong><\/h2>\n<h3><strong>Mod de utilizare Bee Venom<\/strong><\/h3>\n<ol>\n<li>Cur\u0103\u021ba\u021bi \u0219i usca\u021bi zona afectat\u0103.<\/li>\n<li>Aplica\u021bi o cantitate mic\u0103 de unguent pe piele.<\/li>\n<li>Masa\u021bi u\u0219or p\u00e2n\u0103 la absorb\u021bia complet\u0103.<\/li>\n<li>Repeta\u021bi procesul de 2-3 ori pe zi, \u00een func\u021bie de necesitate.<\/li>\n<\/ol>\n<h3><strong>Recomand\u0103ri generale<\/strong><\/h3>\n<ul>\n<li>Utiliza\u021bi produsul cu regularitate pentru rezultate optime.<\/li>\n<li>Evita\u021bi contactul cu ochii, gura \u0219i alte zone sensibile.<\/li>\n<li>P\u0103stra\u021bi unguentul \u00eentr-un loc r\u0103coros \u0219i uscat.<\/li>\n<li>\u00cen cazul unor reac\u021bii nepl\u0103cute, \u00eentrerupe\u021bi utilizarea \u0219i consulta\u021bi un specialist.<\/li>\n<\/ul>\n<h2><strong>De unde s\u0103 cump\u0103ra\u021bi Bee Venom, care este pre\u021bul<\/strong><\/h2>\n<p>Achizi\u021bionarea Bee Venom este simpl\u0103 \u0219i convenabil\u0103. Pute\u021bi comanda produsul online, complet\u00e2nd un formular de comand\u0103 pe site-ul oficial. Dup\u0103 plasarea comenzii, ve\u021bi fi contactat de un specialist pentru confirmarea detaliilor. Produsul va fi livrat direct la domiciliu, iar plata se poate face la primirea coletului, f\u0103r\u0103 riscuri suplimentare.<\/p>\n<h3><strong>Avantajele achizi\u021biei online<\/strong><\/h3>\n<ul>\n<li>Comoditate maxim\u0103: f\u0103r\u0103 drumuri inutile la farmacie.<\/li>\n<li>Pre\u021b competitiv \u0219i oferte speciale disponibile pe site-ul oficial.<\/li>\n<li>Livrare rapid\u0103 \u0219i sigur\u0103.<\/li>\n<\/ul>\n<p>Bee Venom este un unguent inovator, destinat amelior\u0103rii durerilor articulare \u0219i \u00eembun\u0103t\u0103\u021birii calit\u0103\u021bii vie\u021bii. Formula sa natural\u0103 \u0219i efectele rapide \u00eel fac o alegere ideal\u0103 pentru cei care doresc s\u0103-\u0219i men\u021bin\u0103 s\u0103n\u0103tatea articula\u021biilor f\u0103r\u0103 a recurge la medicamente agresive. Dac\u0103 sunte\u021bi \u00een c\u0103utarea unui remediu eficient \u0219i sigur, Bee Venom este solu\u021bia perfect\u0103!<\/p>\n<\/div>\n<\/div>\n<\/div>\n<\/div>\n<\/div>\n<\/div>\n<\/div>\n<\/div>\n<\/article>\n<article class=\"w-full scroll-mb-[var(--thread-trailing-height,150px)] text-token-text-primary focus-visible:outline-2 focus-visible:outline-offset-[-4px]\" dir=\"auto\" data-testid=\"conversation-turn-5\" data-scroll-anchor=\"true\">\n<div class=\"m-auto text-base py-[18px] px-3 md:px-4 w-full md:px-5 lg:px-4 xl:px-5\">\n<div class=\"mx-auto flex flex-1 gap-4 text-base md:gap-5 lg:gap-6 md:max-w-3xl lg:max-w-[40rem] xl:max-w-[48rem]\">\n<div class=\"group\/conversation-turn relative flex w-full min-w-0 flex-col agent-turn\">\n<div class=\"flex-col gap-1 md:gap-3\">\n<div class=\"flex max-w-full flex-col flex-grow\">\n<div class=\"min-h-8 text-message flex w-full flex-col items-end gap-2 whitespace-normal break-words text-start [.text-message+&amp;]:mt-5\" dir=\"auto\" data-message-author-role=\"assistant\" data-message-id=\"6a9ece07-10ff-4a4c-8847-1f49da70d05e\" data-message-model-slug=\"gpt-4o\">\n<div class=\"flex w-full flex-col gap-1 empty:hidden first:pt-[3px]\">\n<div class=\"markdown prose w-full break-words dark:prose-invert light\">\n<h2><strong>Recenzii reale, forum<\/strong><\/h2>\n<p>Bee Venom a generat numeroase recenzii pozitive pe forumuri \u0219i site-uri specializate, demonstr\u00e2nd c\u0103 acest produs a devenit o solu\u021bie popular\u0103 pentru ameliorarea durerilor articulare. Mul\u021bi utilizatori au l\u0103sat feedback detaliat despre experien\u021bele lor, men\u021bion\u00e2nd beneficiile remarcabile ale unguentului.<\/p>\n<h3><strong>Principalele avantaje descrise de utilizatori:<\/strong><\/h3>\n<ol>\n<li><strong>Efect rapid \u0219i eficient:<\/strong> Mul\u021bi clien\u021bi au remarcat ameliorarea durerii \u00eenc\u0103 de la primele utiliz\u0103ri. Acest lucru este datorat formulei bogate \u00een ingrediente naturale, care p\u0103trund rapid \u00een \u021besuturi.<\/li>\n<li><strong>U\u0219or de utilizat:<\/strong> Bee Venom este apreciat pentru consisten\u021ba sa, care permite aplicarea f\u0103r\u0103 efort \u0219i f\u0103r\u0103 a l\u0103sa reziduuri uleioase pe piele sau haine.<\/li>\n<li><strong>Siguran\u021b\u0103:<\/strong> Cei mai mul\u021bi utilizatori au men\u021bionat lipsa efectelor secundare, subliniind faptul c\u0103 produsul este bine tolerat chiar \u0219i de persoanele cu pielea sensibil\u0103.<\/li>\n<li><strong>\u00cembun\u0103t\u0103\u021birea mobilit\u0103\u021bii:<\/strong> Clien\u021bii au eviden\u021biat o cre\u0219tere semnificativ\u0103 a mobilit\u0103\u021bii articulare \u0219i o reducere a inflama\u021biei dup\u0103 utilizarea regulat\u0103.<\/li>\n<\/ol>\n<p>Pe forumuri, discu\u021biile despre Bee Venom sunt predominant pozitive, iar clien\u021bii \u00eencurajeaz\u0103 \u0219i al\u021bi utilizatori s\u0103 \u00eencerce produsul. Experien\u021bele lor variaz\u0103, dar majoritatea sunt de acord c\u0103 unguentul a f\u0103cut o diferen\u021b\u0103 semnificativ\u0103 \u00een via\u021ba lor.<\/p>\n<p style=\"text-align: center;\"><a class=\"border-button\" href=\"https:\/\/keonv.com\/pHMS?sub1=sub1&amp;sub2=sub2&amp;sub3=sub3&amp;sub4=sub4&amp;sub5=sub5\">(\u221250%) Direct de la produc\u0103tor!<\/a><\/p>\n<h2><strong>Feedback de la utilizatori despre Bee Venom<\/strong><\/h2>\n<p>Mai jos sunt prezentate trei recenzii de la utilizatori reali, care reflect\u0103 experien\u021bele lor cu Bee Venom:<\/p>\n<ol>\n<li><strong>Maria D., 45 de ani &#8211; \u2b50\u2b50\u2b50\u2b50\u2b50: <\/strong>\u201eAm suferit de dureri articulare la genunchi de ani de zile, \u0219i niciun produs nu a avut rezultate at\u00e2t de rapide ca Bee Venom. Dup\u0103 doar o s\u0103pt\u0103m\u00e2n\u0103 de utilizare, durerile au sc\u0103zut considerabil, iar mobilitatea mea s-a \u00eembun\u0103t\u0103\u021bit. \u00cemi place c\u0103 este natural \u0219i nu am avut nicio reac\u021bie advers\u0103. Recomand tuturor celor care sufer\u0103 de probleme similare!\u201d<\/li>\n<li><strong>Andrei P., 53 de ani &#8211; \u2b50\u2b50\u2b50\u2b50\u2b50: <\/strong>\u201eSunt un om activ \u0219i, din cauza muncii fizice, durerile de spate erau un chin constant. Am descoperit Bee Venom printr-un prieten \u0219i nu-mi vine s\u0103 cred c\u00e2t de eficient este. Dup\u0103 dou\u0103 s\u0103pt\u0103m\u00e2ni, pot lucra f\u0103r\u0103 dureri, iar starea mea general\u0103 s-a \u00eembun\u0103t\u0103\u021bit. Livrarea a fost rapid\u0103, iar produsul este u\u0219or de utilizat. Mul\u021bumesc!\u201d<\/li>\n<li><strong>Elena C., 62 de ani &#8211; \u2b50\u2b50\u2b50\u2b50\u2b50: <\/strong>\u201eBee Venom m-a ajutat s\u0103 scap de disconfortul din m\u00e2ini cauzat de artrit\u0103. \u00cemi place c\u0103 produsul este natural \u0219i are un miros pl\u0103cut. Dup\u0103 ce l-am aplicat timp de trei s\u0103pt\u0103m\u00e2ni, am observat o reducere semnificativ\u0103 a umfl\u0103turilor \u0219i o \u00eembun\u0103t\u0103\u021bire a mobilit\u0103\u021bii. Este un produs pe care \u00eel voi recomanda cu drag prietenilor mei!\u201d<\/li>\n<\/ol>\n<p>Aceste recenzii reflect\u0103 satisfac\u021bia clien\u021bilor \u0219i efectele pozitive ale unguentului Bee Venom. Combina\u021bia sa de ingrediente naturale \u0219i eficien\u021ba dovedit\u0103 \u00eel fac o alegere excelent\u0103 pentru cei care se confrunt\u0103 cu probleme articulare sau musculare.<\/p>\n<\/div>\n<\/div>\n<\/div>\n<\/div>\n<\/div>\n<\/div>\n<\/div>\n<\/div>\n<\/article>\n","protected":false},"excerpt":{"rendered":"<p style=\"text-align: center;\"><a class=\"border-button\" href=\"https:\/\/keonv.com\/pHMS?sub1=sub1&amp;sub2=sub2&amp;sub3=sub3&amp;sub4=sub4&amp;sub5=sub5\">Cump\u0103ra\u021bi<\/a><\/p>\n<p style=\"text-align: left;\">#prod. 76899278<\/p>\n","protected":false},"featured_media":787,"comment_status":"open","ping_status":"closed","template":"","meta":[],"product_brand":[],"product_cat":[15],"product_tag":[],"class_list":{"0":"post-786","1":"product","2":"type-product","3":"status-publish","4":"has-post-thumbnail","6":"product_cat-medic","8":"first","9":"instock","10":"sale","11":"shipping-taxable","12":"purchasable","13":"product-type-simple"},"aioseo_notices":[],"_links":{"self":[{"href":"https:\/\/clinicadomnitachiajna.ro\/medic\/wp-json\/wp\/v2\/product\/786","targetHints":{"allow":["GET"]}}],"collection":[{"href":"https:\/\/clinicadomnitachiajna.ro\/medic\/wp-json\/wp\/v2\/product"}],"about":[{"href":"https:\/\/clinicadomnitachiajna.ro\/medic\/wp-json\/wp\/v2\/types\/product"}],"replies":[{"embeddable":true,"href":"https:\/\/clinicadomnitachiajna.ro\/medic\/wp-json\/wp\/v2\/comments?post=786"}],"wp:featuredmedia":[{"embeddable":true,"href":"https:\/\/clinicadomnitachiajna.ro\/medic\/wp-json\/wp\/v2\/media\/787"}],"wp:attachment":[{"href":"https:\/\/clinicadomnitachiajna.ro\/medic\/wp-json\/wp\/v2\/media?parent=786"}],"wp:term":[{"taxonomy":"product_brand","embeddable":true,"href":"https:\/\/clinicadomnitachiajna.ro\/medic\/wp-json\/wp\/v2\/product_brand?post=786"},{"taxonomy":"product_cat","embeddable":true,"href":"https:\/\/clinicadomnitachiajna.ro\/medic\/wp-json\/wp\/v2\/product_cat?post=786"},{"taxonomy":"product_tag","embeddable":true,"href":"https:\/\/clinicadomnitachiajna.ro\/medic\/wp-json\/wp\/v2\/product_tag?post=786"}],"curies":[{"name":"wp","href":"https:\/\/api.w.org\/{rel}","templated":true}]}}