{"id":783,"date":"2024-12-10T14:50:59","date_gmt":"2024-12-10T14:50:59","guid":{"rendered":"https:\/\/clinicadomnitachiajna.ro\/medic\/?post_type=product&#038;p=783"},"modified":"2025-04-06T16:58:25","modified_gmt":"2025-04-06T16:58:25","slug":"alcowin","status":"publish","type":"product","link":"https:\/\/clinicadomnitachiajna.ro\/medic\/product\/alcowin\/","title":{"rendered":"AlcoWin"},"content":{"rendered":"<article class=\"w-full scroll-mb-[var(--thread-trailing-height,150px)] text-token-text-primary focus-visible:outline-2 focus-visible:outline-offset-[-4px]\" dir=\"auto\" data-testid=\"conversation-turn-3\" data-scroll-anchor=\"false\">\n<div class=\"m-auto text-base py-[18px] px-3 md:px-4 w-full md:px-5 lg:px-4 xl:px-5\">\n<div class=\"mx-auto flex flex-1 gap-4 text-base md:gap-5 lg:gap-6 md:max-w-3xl lg:max-w-[40rem] xl:max-w-[48rem]\">\n<div class=\"group\/conversation-turn relative flex w-full min-w-0 flex-col agent-turn\">\n<div class=\"flex-col gap-1 md:gap-3\">\n<div class=\"flex max-w-full flex-col flex-grow\">\n<div class=\"min-h-8 text-message flex w-full flex-col items-end gap-2 whitespace-normal break-words text-start [.text-message+&amp;]:mt-5\" dir=\"auto\" data-message-author-role=\"assistant\" data-message-id=\"e13ec582-bc8e-467a-bed9-455f8cef030f\" data-message-model-slug=\"gpt-4o\">\n<div class=\"flex w-full flex-col gap-1 empty:hidden first:pt-[3px]\">\n<div class=\"markdown prose w-full break-words dark:prose-invert light\">\n<p>AlcoWin este un supliment natural destinat s\u0103 ajute \u00een lupta \u00eempotriva dependen\u021bei de alcool. Con\u021binutul s\u0103u unic \u0219i formula bazat\u0103 pe ingrediente naturale atrage tot mai mult\u0103 aten\u021bie din partea celor care doresc s\u0103 \u00ee\u0219i \u00eembun\u0103t\u0103\u021beasc\u0103 via\u021ba. \u00cen acest articol, vom analiza \u00een detaliu acest produs, compozi\u021bia sa, efectele, instruc\u021biunile de utilizare \u0219i unde poate fi achizi\u021bionat.<\/p>\n<h2><strong>Prezentare general\u0103 AlcoWin<\/strong><\/h2>\n<p>AlcoWin este un produs inovator creat pentru a sprijini persoanele care se confrunt\u0103 cu dependen\u021ba de alcool. Este o combina\u021bie de ingrediente naturale, selectate cu grij\u0103 pentru a reduce dorin\u021ba de consum de alcool \u0219i pentru a sus\u021bine organismul \u00een procesul de recuperare. Formula sa unic\u0103 ofer\u0103 suport nu doar pentru combaterea dependen\u021bei, ci \u0219i pentru \u00eembun\u0103t\u0103\u021birea st\u0103rii generale de s\u0103n\u0103tate.<\/p>\n<p>Acest supliment este u\u0219or de utilizat, f\u0103r\u0103 efecte adverse semnificative, ceea ce \u00eel face o alegere ideal\u0103 pentru persoanele care caut\u0103 o solu\u021bie sigur\u0103 \u0219i eficient\u0103.<\/p>\n<h2><strong>Compozi\u021bie AlcoWin \u0219i efecte<\/strong><\/h2>\n<p><strong>Ingredientele active ale AlcoWin<\/strong><\/p>\n<ol>\n<li><strong>Estratto di motherwort (Extract de Leonurus cardiaca)<\/strong><br \/>\nAcest ingredient este cunoscut pentru propriet\u0103\u021bile sale calmante. Ajut\u0103 la reducerea stresului \u0219i anxiet\u0103\u021bii, frecvent \u00eent\u00e2lnite la persoanele care renun\u021b\u0103 la alcool.<\/li>\n<li><strong>Estratto di radice di Rhodiola rosea (Extract de r\u0103d\u0103cin\u0103 de Rhodiola rosea)<\/strong><br \/>\nAcest extract este utilizat pentru cre\u0219terea rezisten\u021bei organismului la stres \u0219i pentru \u00eembun\u0103t\u0103\u021birea st\u0103rii de spirit. De asemenea, contribuie la combaterea oboselii fizice \u0219i mentale.<\/li>\n<li><strong>Vitamina B6<\/strong><br \/>\nEsen\u021bial\u0103 pentru s\u0103n\u0103tatea sistemului nervos, vitamina B6 ajut\u0103 la reducerea simptomelor de sevraj \u0219i sprijin\u0103 metabolismul.<\/li>\n<li><strong>Estratto di curcuma (Extract de curcuma)<\/strong><br \/>\nCurcuma are propriet\u0103\u021bi antioxidante \u0219i antiinflamatoare, ajut\u00e2nd la detoxifierea ficatului, un organ adesea afectat de consumul excesiv de alcool.<\/li>\n<li><strong>Magnesio (Magneziu)<\/strong><br \/>\nMagneziul este esen\u021bial pentru func\u021bionarea corect\u0103 a sistemului nervos \u0219i pentru reducerea iritabilit\u0103\u021bii. Ajut\u0103 la relaxarea musculaturii \u0219i la combaterea insomniei.<\/li>\n<li><strong>T\u00e8 verde (Ceai verde)<\/strong><br \/>\nBogat \u00een antioxidan\u021bi, ceaiul verde sprijin\u0103 detoxifierea organismului \u0219i stimuleaz\u0103 func\u021biile cognitive.<\/li>\n<\/ol>\n<p><strong>Efectele AlcoWin<\/strong><\/p>\n<ul>\n<li>Reducerea dorin\u021bei de a consuma alcool.<\/li>\n<li>Detoxifierea organismului, \u00een special a ficatului.<\/li>\n<li>\u00cembun\u0103t\u0103\u021birea st\u0103rii generale de s\u0103n\u0103tate.<\/li>\n<li>Reducerea stresului \u0219i anxiet\u0103\u021bii asociate cu renun\u021barea la alcool.<\/li>\n<li>Sprijinirea proceselor metabolice \u0219i a sistemului imunitar.<\/li>\n<\/ul>\n<h2><strong>Efecte secundare \u0219i contraindica\u021bii<\/strong><\/h2>\n<p>AlcoWin este formulat din ingrediente naturale, ceea ce \u00eel face un produs sigur pentru majoritatea persoanelor. Cu toate acestea, exist\u0103 c\u00e2teva contraindica\u021bii care trebuie luate \u00een considerare:<\/p>\n<p><strong>Contraindica\u021bii:<\/strong><\/p>\n<ol>\n<li>Alergie la oricare dintre ingredientele produsului.<\/li>\n<li>Femeile \u00eens\u0103rcinate sau care al\u0103pteaz\u0103 (consulta\u021bi medicul \u00eenainte de utilizare).<\/li>\n<li>Persoanele care urmeaz\u0103 tratamente medicale complexe (consulta\u021bi un specialist).<\/li>\n<\/ol>\n<p>Datorit\u0103 naturii sale naturale, efectele secundare sunt rare \u0219i, \u00een general, u\u0219oare, precum u\u0219oare tulbur\u0103ri gastrointestinale.<\/p>\n<p style=\"text-align: center;\"><a class=\"border-button\" href=\"https:\/\/tl-track.com\/tracker\/uhmn\">www.alcowin.ro<\/a><\/p>\n<h2><strong>Instruc\u021biuni de utilizare AlcoWin \u0219i recomand\u0103ri generale<\/strong><\/h2>\n<p><strong>Cum s\u0103 utiliza\u021bi AlcoWin<\/strong><\/p>\n<ol>\n<li><strong>Doza recomandat\u0103:<\/strong><br \/>\nLua\u021bi 1-2 comprimate pe zi, de preferat \u00eenainte de mese, cu un pahar de ap\u0103.<\/li>\n<li><strong>Durata tratamentului:<\/strong><br \/>\nEste recomandat s\u0103 urma\u021bi tratamentul timp de cel pu\u021bin 1-3 luni pentru rezultate optime.<\/li>\n<li><strong>Sfaturi suplimentare:<\/strong>\n<ul>\n<li>Urma\u021bi o diet\u0103 echilibrat\u0103 \u0219i evita\u021bi consumul de alcool pe durata tratamentului.<\/li>\n<li>Asigura\u021bi-v\u0103 c\u0103 dormi\u021bi suficient pentru a sprijini regenerarea organismului.<\/li>\n<li>\u00cen cazul unor simptome persistente sau severe, consulta\u021bi un specialist.<\/li>\n<\/ul>\n<\/li>\n<\/ol>\n<h2><strong>De unde s\u0103 cump\u0103ra\u021bi AlcoWin \u0219i care este pre\u021bul<\/strong><\/h2>\n<p>Achizi\u021bionarea AlcoWin este simpl\u0103 \u0219i convenabil\u0103. Procesul const\u0103 \u00een c\u00e2\u021biva pa\u0219i:<\/p>\n<ol>\n<li><strong>Accesa\u021bi site-ul oficial:<\/strong><br \/>\nCompleta\u021bi formularul de comand\u0103 cu datele dumneavoastr\u0103.<\/li>\n<li><strong>Confirma\u021bi comanda:<\/strong><br \/>\nUn specialist v\u0103 va contacta telefonic pentru confirmarea comenzii.<\/li>\n<li><strong>Livrarea produsului:<\/strong><br \/>\nComanda va fi livrat\u0103 la domiciliu. Plata se face la primirea produsului, f\u0103r\u0103 riscuri financiare.<\/li>\n<\/ol>\n<p>Aceast\u0103 metod\u0103 asigur\u0103 siguran\u021ba \u0219i confortul clientului. De asemenea, produsul este disponibil la un pre\u021b accesibil, fiind adesea inclus \u00een promo\u021bii sau reduceri.<\/p>\n<p>AlcoWin reprezint\u0103 o solu\u021bie eficient\u0103 \u0219i sigur\u0103 pentru combaterea dependen\u021bei de alcool. Cu o compozi\u021bie natural\u0103 \u0219i beneficii multiple, acest supliment sprijin\u0103 s\u0103n\u0103tatea general\u0103 \u0219i ajut\u0103 \u00een procesul de renun\u021bare la alcool. Achizi\u021bionarea sa este rapid\u0103 \u0219i f\u0103r\u0103 riscuri, ceea ce \u00eel face o alegere ideal\u0103 pentru persoanele care doresc s\u0103 \u00ee\u0219i \u00eembun\u0103t\u0103\u021beasc\u0103 via\u021ba.<\/p>\n<\/div>\n<\/div>\n<\/div>\n<\/div>\n<\/div>\n<\/div>\n<\/div>\n<\/div>\n<\/article>\n<article class=\"w-full scroll-mb-[var(--thread-trailing-height,150px)] text-token-text-primary focus-visible:outline-2 focus-visible:outline-offset-[-4px]\" dir=\"auto\" data-testid=\"conversation-turn-5\" data-scroll-anchor=\"true\">\n<div class=\"m-auto text-base py-[18px] px-3 md:px-4 w-full md:px-5 lg:px-4 xl:px-5\">\n<div class=\"mx-auto flex flex-1 gap-4 text-base md:gap-5 lg:gap-6 md:max-w-3xl lg:max-w-[40rem] xl:max-w-[48rem]\">\n<div class=\"group\/conversation-turn relative flex w-full min-w-0 flex-col agent-turn\">\n<div class=\"flex-col gap-1 md:gap-3\">\n<div class=\"flex max-w-full flex-col flex-grow\">\n<div class=\"min-h-8 text-message flex w-full flex-col items-end gap-2 whitespace-normal break-words text-start [.text-message+&amp;]:mt-5\" dir=\"auto\" data-message-author-role=\"assistant\" data-message-id=\"7871bc97-f9f5-4c22-b1f8-9a161676f16a\" data-message-model-slug=\"gpt-4o\">\n<div class=\"flex w-full flex-col gap-1 empty:hidden first:pt-[3px]\">\n<div class=\"markdown prose w-full break-words dark:prose-invert light\">\n<h2><strong>Recenzii reale, forum<\/strong><\/h2>\n<p>AlcoWin c\u00e2\u0219tig\u0103 din ce \u00een ce mai mult\u0103 popularitate \u00een r\u00e2ndul celor care \u00ee\u0219i doresc s\u0103 combat\u0103 dependen\u021ba de alcool. Pe forumuri \u0219i \u00een sec\u021biunile de recenzii, utilizatorii \u00eemp\u0103rt\u0103\u0219esc experien\u021bele lor pozitive legate de acest supliment natural. Majoritatea recenziilor provin de la cump\u0103r\u0103tori mul\u021bumi\u021bi, care descriu cum AlcoWin le-a schimbat via\u021ba \u00een bine.<\/p>\n<p><strong>Puncte forte eviden\u021biate de utilizatori:<\/strong><\/p>\n<ol>\n<li><strong>Reducerea dorin\u021bei de a consuma alcool:<\/strong><br \/>\nMul\u021bi utilizatori au observat o sc\u0103dere semnificativ\u0103 a dorin\u021bei de a consuma alcool \u00eenc\u0103 din primele s\u0103pt\u0103m\u00e2ni de utilizare.<\/li>\n<li><strong>\u00cembun\u0103t\u0103\u021birea st\u0103rii emo\u021bionale:<\/strong><br \/>\nPersoanele care au utilizat AlcoWin men\u021bioneaz\u0103 c\u0103 s-au sim\u021bit mai calme \u0219i mai echilibrate emo\u021bional, datorit\u0103 ingredientelor naturale care reduc stresul \u0219i anxietatea.<\/li>\n<li><strong>Sprijin pentru detoxifiere:<\/strong><br \/>\nO parte semnificativ\u0103 a utilizatorilor apreciaz\u0103 efectele benefice ale produsului asupra ficatului \u0219i organismului \u00een general.<\/li>\n<li><strong>Lipsa efectelor secundare:<\/strong><br \/>\nMajoritatea recenziilor subliniaz\u0103 faptul c\u0103 AlcoWin nu a cauzat reac\u021bii adverse, fiind bine tolerat chiar \u0219i de cei cu sensibilit\u0103\u021bi.<\/li>\n<li><strong>Accesibilitatea produsului:<\/strong><br \/>\nPosibilitatea de a comanda produsul online, f\u0103r\u0103 a ie\u0219i din cas\u0103, este un avantaj semnificativ apreciat de cump\u0103r\u0103tori.<\/li>\n<\/ol>\n<p style=\"text-align: center;\"><a class=\"border-button\" href=\"https:\/\/tl-track.com\/tracker\/uhmn\">(\u221250%) Direct de la produc\u0103tor!<\/a><\/p>\n<h2><strong>Feedback de la utilizatori despre AlcoWin<\/strong><\/h2>\n<p>Pentru a oferi o perspectiv\u0103 detaliat\u0103 asupra experien\u021belor utilizatorilor, iat\u0103 c\u00e2teva recenzii primite de la cei care au \u00eencercat AlcoWin:<\/p>\n<ol>\n<li><strong>Ana, 38 de ani (5 stele): <\/strong><em>&#8222;Dup\u0103 ani de \u00eencerc\u0103ri nereu\u0219ite de a renun\u021ba la alcool, am g\u0103sit AlcoWin. De la primele zile, am sim\u021bit o sc\u0103dere a dorin\u021bei de a consuma alcool. \u00cen plus, starea mea general\u0103 s-a \u00eembun\u0103t\u0103\u021bit semnificativ, iar anxietatea a disp\u0103rut treptat. Este uimitor c\u00e2t de mult m-a ajutat acest produs! Recomand oricui se confrunt\u0103 cu aceast\u0103 problem\u0103.&#8221;<\/em><\/li>\n<li><strong>Mihai, 45 de ani (5 stele): <\/strong><em>&#8222;Nu am crezut niciodat\u0103 c\u0103 un produs natural poate face o diferen\u021b\u0103 at\u00e2t de mare. AlcoWin m-a ajutat s\u0103 scap de obiceiul de a consuma alcool zilnic. Am mai mult\u0103 energie, dorm mai bine \u0219i m\u0103 simt din nou \u00een control. Procesul de comand\u0103 a fost simplu, iar produsul a ajuns rapid. Sunt foarte mul\u021bumit!&#8221;<\/em><\/li>\n<li><strong>Elena, 50 de ani (5 stele): <\/strong><em>&#8222;Dup\u0103 ce am \u00eencercat diferite metode, am decis s\u0103 dau o \u0219ans\u0103 AlcoWin. Am fost impresionat\u0103 de efectele rapide \u0219i de faptul c\u0103 nu am sim\u021bit niciun disconfort. Familia mea observ\u0103 o diferen\u021b\u0103 mare, iar eu sunt recunosc\u0103toare pentru aceast\u0103 schimbare pozitiv\u0103. Este o solu\u021bie excelent\u0103, mai ales pentru cei care prefer\u0103 metodele naturale.&#8221;<\/em><\/li>\n<\/ol>\n<p>Recenziile \u0219i feedback-ul pozitiv al utilizatorilor subliniaz\u0103 eficien\u021ba \u0219i siguran\u021ba AlcoWin. Cei care au utilizat acest supliment vorbesc despre schimb\u0103ri pozitive \u00een via\u021ba lor, ceea ce \u00eel transform\u0103 \u00eentr-un ajutor de \u00eencredere pentru combaterea dependen\u021bei de alcool.<\/p>\n<\/div>\n<\/div>\n<\/div>\n<\/div>\n<\/div>\n<\/div>\n<\/div>\n<\/div>\n<\/article>\n","protected":false},"excerpt":{"rendered":"<p style=\"text-align: center;\"><a class=\"border-button\" href=\"https:\/\/tl-track.com\/tracker\/uhmn\">Cump\u0103ra\u021bi<\/a><\/p>\n<p style=\"text-align: left;\">#prod. 76899277<\/p>\n","protected":false},"featured_media":784,"comment_status":"open","ping_status":"closed","template":"","meta":[],"product_brand":[],"product_cat":[15],"product_tag":[],"class_list":{"0":"post-783","1":"product","2":"type-product","3":"status-publish","4":"has-post-thumbnail","6":"product_cat-medic","8":"first","9":"instock","10":"sale","11":"shipping-taxable","12":"purchasable","13":"product-type-simple"},"aioseo_notices":[],"_links":{"self":[{"href":"https:\/\/clinicadomnitachiajna.ro\/medic\/wp-json\/wp\/v2\/product\/783","targetHints":{"allow":["GET"]}}],"collection":[{"href":"https:\/\/clinicadomnitachiajna.ro\/medic\/wp-json\/wp\/v2\/product"}],"about":[{"href":"https:\/\/clinicadomnitachiajna.ro\/medic\/wp-json\/wp\/v2\/types\/product"}],"replies":[{"embeddable":true,"href":"https:\/\/clinicadomnitachiajna.ro\/medic\/wp-json\/wp\/v2\/comments?post=783"}],"wp:featuredmedia":[{"embeddable":true,"href":"https:\/\/clinicadomnitachiajna.ro\/medic\/wp-json\/wp\/v2\/media\/784"}],"wp:attachment":[{"href":"https:\/\/clinicadomnitachiajna.ro\/medic\/wp-json\/wp\/v2\/media?parent=783"}],"wp:term":[{"taxonomy":"product_brand","embeddable":true,"href":"https:\/\/clinicadomnitachiajna.ro\/medic\/wp-json\/wp\/v2\/product_brand?post=783"},{"taxonomy":"product_cat","embeddable":true,"href":"https:\/\/clinicadomnitachiajna.ro\/medic\/wp-json\/wp\/v2\/product_cat?post=783"},{"taxonomy":"product_tag","embeddable":true,"href":"https:\/\/clinicadomnitachiajna.ro\/medic\/wp-json\/wp\/v2\/product_tag?post=783"}],"curies":[{"name":"wp","href":"https:\/\/api.w.org\/{rel}","templated":true}]}}