{"id":781,"date":"2024-12-10T14:44:24","date_gmt":"2024-12-10T14:44:24","guid":{"rendered":"https:\/\/clinicadomnitachiajna.ro\/medic\/?post_type=product&#038;p=781"},"modified":"2025-04-06T16:58:39","modified_gmt":"2025-04-06T16:58:39","slug":"aktibion","status":"publish","type":"product","link":"https:\/\/clinicadomnitachiajna.ro\/medic\/product\/aktibion\/","title":{"rendered":"Aktibion"},"content":{"rendered":"<article class=\"w-full scroll-mb-[var(--thread-trailing-height,150px)] text-token-text-primary focus-visible:outline-2 focus-visible:outline-offset-[-4px]\" dir=\"auto\" data-testid=\"conversation-turn-3\" data-scroll-anchor=\"false\">\n<div class=\"m-auto text-base py-[18px] px-3 md:px-4 w-full md:px-5 lg:px-4 xl:px-5\">\n<div class=\"mx-auto flex flex-1 gap-4 text-base md:gap-5 lg:gap-6 md:max-w-3xl lg:max-w-[40rem] xl:max-w-[48rem]\">\n<div class=\"group\/conversation-turn relative flex w-full min-w-0 flex-col agent-turn\">\n<div class=\"flex-col gap-1 md:gap-3\">\n<div class=\"flex max-w-full flex-col flex-grow\">\n<div class=\"min-h-8 text-message flex w-full flex-col items-end gap-2 whitespace-normal break-words text-start [.text-message+&amp;]:mt-5\" dir=\"auto\" data-message-author-role=\"assistant\" data-message-id=\"9ebe58d7-2a30-42d1-b23b-139f59094a0e\" data-message-model-slug=\"gpt-4o\">\n<div class=\"flex w-full flex-col gap-1 empty:hidden first:pt-[3px]\">\n<div class=\"markdown prose w-full break-words dark:prose-invert light\">\n<p>Aktibion este un supliment alimentar revolu\u021bionar conceput pentru a sprijini s\u0103n\u0103tatea articula\u021biilor \u0219i pentru a ameliora durerea cauzat\u0103 de diverse afec\u021biuni ale sistemului musculo-scheletic. Aceste capsule inovatoare se bazeaz\u0103 pe o formul\u0103 natural\u0103, cu ingrediente atent selectate pentru a oferi beneficii antiinflamatoare, analgezice \u0219i de regenerare. Utilizarea Aktibion poate aduce o ameliorare semnificativ\u0103 a disconfortului articular, \u00eembun\u0103t\u0103\u021bind mobilitatea \u0219i calitatea vie\u021bii utilizatorilor.<\/p>\n<p>Acest produs este destinat persoanelor care sufer\u0103 de afec\u021biuni precum artrita, artroza, tendinita, miozita sau alte probleme articulare. Datorit\u0103 compozi\u021biei sale naturale, Aktibion este o alegere excelent\u0103 pentru cei care caut\u0103 o solu\u021bie sigur\u0103 \u0219i eficient\u0103 pentru s\u0103n\u0103tatea articula\u021biilor lor.<\/p>\n<h2>Compozi\u021bie Aktibion \u0219i efecte<\/h2>\n<p>Formula Aktibion combin\u0103 ingrediente naturale cu propriet\u0103\u021bi terapeutice remarcabile:<\/p>\n<h3><strong>Zincul<\/strong><\/h3>\n<p>Zincul este cunoscut pentru efectele sale antiinflamatoare \u0219i analgezice. De asemenea, are propriet\u0103\u021bi antiseptice \u0219i protejeaz\u0103 vasele de s\u00e2nge, contribuind astfel la o circula\u021bie sanguin\u0103 optim\u0103 \u00een zonele afectate. Zincul sus\u021bine regenerarea \u021besuturilor \u0219i contribuie la reducerea inflama\u021biei.<\/p>\n<h3><strong>Extractul de r\u0103\u0219in\u0103 de Boswellia<\/strong><\/h3>\n<p>Boswellia este un ingredient valoros \u00een combaterea inflama\u021biei \u0219i a durerii articulare. Extractul s\u0103u are un efect antiseptic u\u0219or, r\u0103ce\u0219te pielea \u0219i ofer\u0103 un efect anestezic local, ceea ce \u00eel face ideal pentru ameliorarea rapid\u0103 a disconfortului.<\/p>\n<h3><strong>Extractul de frunze de salvie<\/strong><\/h3>\n<p>Datorit\u0103 cineolului con\u021binut, extractul de salvie posed\u0103 propriet\u0103\u021bi antiseptice \u0219i antiinflamatoare. Acesta inhib\u0103 cre\u0219terea bacteriilor, r\u0103core\u0219te pielea \u0219i ajut\u0103 la calmarea irita\u021biilor locale. Salvie este un ingredient esen\u021bial pentru men\u021binerea s\u0103n\u0103t\u0103\u021bii articula\u021biilor.<\/p>\n<h3><strong>Extractul de m\u0103ce\u0219e<\/strong><\/h3>\n<p>M\u0103ce\u0219ele sunt recunoscute pentru utilizarea lor \u00een frec\u021bii pentru durerile articulare cauzate de afec\u021biuni precum artrita reumatoid\u0103, miozita, tendinita sau nevralgia. Extractul de m\u0103ce\u0219e contribuie la reducerea inflama\u021biei \u0219i la \u00eembun\u0103t\u0103\u021birea flexibilit\u0103\u021bii articula\u021biilor.<\/p>\n<h2>Efecte secundare \u0219i contraindica\u021bii<\/h2>\n<p><strong>Siguran\u021ba Aktibion<\/strong><\/p>\n<p>Datorit\u0103 compozi\u021biei sale naturale, Aktibion prezint\u0103 un risc minim de efecte secundare. Totu\u0219i, este recomandat s\u0103 se consulte un specialist \u00eenainte de utilizare, mai ales dac\u0103 exist\u0103 condi\u021bii medicale preexistente.<\/p>\n<p><strong>Contraindica\u021bii<\/strong><\/p>\n<ul>\n<li>Persoane alergice la oricare dintre ingredientele produsului.<\/li>\n<li>Femeile \u00eens\u0103rcinate sau care al\u0103pteaz\u0103 (se recomand\u0103 consultarea medicului).<\/li>\n<li>Persoanele cu afec\u021biuni cronice severe sau care urmeaz\u0103 tratamente medicamentoase complexe.<\/li>\n<\/ul>\n<p style=\"text-align: center;\"><a class=\"border-button\" href=\"https:\/\/kshop2.biz\/UdMEld\/\">www.aktibion.ro<\/a><\/p>\n<h2>Instruc\u021biuni de utilizare Aktibion, recomand\u0103ri generale<\/h2>\n<p><strong>Cum s\u0103 utiliza\u021bi Aktibion?<\/strong><\/p>\n<ol>\n<li>Lua\u021bi <strong>1-2 capsule pe zi<\/strong>, de preferat \u00eenainte de mas\u0103, cu un pahar mare de ap\u0103.<\/li>\n<li>Respecta\u021bi doza recomandat\u0103 pentru a ob\u021bine rezultate optime.<\/li>\n<li>Durata tratamentului variaz\u0103 \u00een func\u021bie de severitatea afec\u021biunii, \u00eens\u0103 se recomand\u0103 utilizarea produsului timp de cel pu\u021bin 4 s\u0103pt\u0103m\u00e2ni.<\/li>\n<\/ol>\n<p><strong>Recomand\u0103ri generale pentru s\u0103n\u0103tatea articula\u021biilor<\/strong><\/p>\n<ul>\n<li>Evita\u021bi eforturile fizice excesive.<\/li>\n<li>Men\u021bine\u021bi o diet\u0103 echilibrat\u0103, bogat\u0103 \u00een vitamine \u0219i minerale esen\u021biale.<\/li>\n<li>Hidrata\u021bi-v\u0103 corespunz\u0103tor.<\/li>\n<li>Practica\u021bi exerci\u021bii fizice u\u0219oare, precum yoga sau stretching, pentru a \u00eembun\u0103t\u0103\u021bi flexibilitatea articula\u021biilor.<\/li>\n<\/ul>\n<h2>De unde s\u0103 cump\u0103ra\u021bi Aktibion, care este pre\u021bul<\/h2>\n<p>Achizi\u021bionarea Aktibion este simpl\u0103 \u0219i comod\u0103. Urma\u021bi pa\u0219ii de mai jos:<\/p>\n<ol>\n<li><strong>Accesa\u021bi site-ul oficial al produsului.<\/strong><\/li>\n<li>Completa\u021bi <strong>formularul de comand\u0103<\/strong> cu datele necesare.<\/li>\n<li>A\u0219tepta\u021bi apelul unui specialist pentru confirmarea comenzii.<\/li>\n<li>Comanda va fi livrat\u0103 direct la adresa specificat\u0103.<\/li>\n<\/ol>\n<p>Pute\u021bi pl\u0103ti produsul la livrare, elimin\u00e2nd orice risc asociat tranzac\u021biilor online.<\/p>\n<\/div>\n<\/div>\n<\/div>\n<\/div>\n<\/div>\n<\/div>\n<\/div>\n<\/div>\n<\/article>\n<article class=\"w-full scroll-mb-[var(--thread-trailing-height,150px)] text-token-text-primary focus-visible:outline-2 focus-visible:outline-offset-[-4px]\" dir=\"auto\" data-testid=\"conversation-turn-5\" data-scroll-anchor=\"true\">\n<div class=\"m-auto text-base py-[18px] px-3 md:px-4 w-full md:px-5 lg:px-4 xl:px-5\">\n<div class=\"mx-auto flex flex-1 gap-4 text-base md:gap-5 lg:gap-6 md:max-w-3xl lg:max-w-[40rem] xl:max-w-[48rem]\">\n<div class=\"group\/conversation-turn relative flex w-full min-w-0 flex-col agent-turn\">\n<div class=\"flex-col gap-1 md:gap-3\">\n<div class=\"flex max-w-full flex-col flex-grow\">\n<div class=\"min-h-8 text-message flex w-full flex-col items-end gap-2 whitespace-normal break-words text-start [.text-message+&amp;]:mt-5\" dir=\"auto\" data-message-author-role=\"assistant\" data-message-id=\"3a5e8164-446a-4a4f-a5f9-61da34964a16\" data-message-model-slug=\"gpt-4o\">\n<div class=\"flex w-full flex-col gap-1 empty:hidden first:pt-[3px]\">\n<div class=\"markdown prose w-full break-words dark:prose-invert light\">\n<h2>Recenzii reale, forum<\/h2>\n<p>Aktibion a c\u00e2\u0219tigat rapid popularitate datorit\u0103 eficien\u021bei sale dovedite \u00een ameliorarea durerilor articulare \u0219i \u00eembun\u0103t\u0103\u021birea mobilit\u0103\u021bii. Forumurile online \u0219i site-urile de recenzii sunt pline de p\u0103reri ale utilizatorilor care \u0219i-au \u00eemp\u0103rt\u0103\u0219it experien\u021bele pozitive. Majoritatea cump\u0103r\u0103torilor sunt extrem de mul\u021bumi\u021bi de rezultatele ob\u021binute, descriind \u00eembun\u0103t\u0103\u021biri semnificative chiar dup\u0103 primele s\u0103pt\u0103m\u00e2ni de utilizare.<\/p>\n<p><strong>Avantajele men\u021bionate de utilizatori:<\/strong><\/p>\n<ol>\n<li><strong>Ameliorarea rapid\u0103 a durerii:<\/strong> Mul\u021bi utilizatori au remarcat c\u0103 disconfortul articular a sc\u0103zut semnificativ dup\u0103 doar c\u00e2teva zile de utilizare.<\/li>\n<li><strong>Mobilitate \u00eembun\u0103t\u0103\u021bit\u0103:<\/strong> Consumatorii afirm\u0103 c\u0103 pot s\u0103-\u0219i reia activit\u0103\u021bile zilnice f\u0103r\u0103 dificult\u0103\u021bi, datorit\u0103 reducerii inflama\u021biei \u0219i rigidit\u0103\u021bii.<\/li>\n<li><strong>Siguran\u021b\u0103 \u0219i toleran\u021b\u0103 bun\u0103:<\/strong> Aktibion este adesea l\u0103udat pentru lipsa efectelor secundare, un factor important pentru cei care caut\u0103 o solu\u021bie natural\u0103.<\/li>\n<li><strong>Comoditatea utiliz\u0103rii:<\/strong> Capsulele sunt u\u0219or de administrat, iar utilizatorii apreciaz\u0103 dozajul simplu \u0219i clar.<\/li>\n<\/ol>\n<p style=\"text-align: center;\"><a class=\"border-button\" href=\"https:\/\/kshop2.biz\/UdMEld\/\">(\u221250%) Direct de la produc\u0103tor!<\/a><\/p>\n<h2>Feedback de la utilizatori despre Aktibion<\/h2>\n<ol>\n<li><strong>Maria P. \u2013 \u2b50\u2b50\u2b50\u2b50\u2b50: <\/strong>\u201eAm fost sceptic\u0103 la \u00eenceput, dar Aktibion m-a surprins pl\u0103cut! Dup\u0103 ani de dureri cauzate de artrit\u0103, am g\u0103sit, \u00een sf\u00e2r\u0219it, un produs care func\u021bioneaz\u0103. Dup\u0103 doar o s\u0103pt\u0103m\u00e2n\u0103 de utilizare, am observat o reducere considerabil\u0103 a durerii \u0219i am \u00eenceput s\u0103 m\u0103 mi\u0219c mai u\u0219or. Recomand cu toat\u0103 \u00eencrederea acest produs!\u201d<\/li>\n<li><strong>Ion D. \u2013 \u2b50\u2b50\u2b50\u2b50\u2b50: <\/strong>\u201eSunt sportiv \u0219i m-am confruntat cu tendinit\u0103 cronic\u0103. Aktibion m-a ajutat enorm s\u0103-mi recuperez mobilitatea. \u00cen plus, faptul c\u0103 este un produs natural m-a convins s\u0103-l \u00eencerc. \u00cel folosesc deja de dou\u0103 luni \u0219i m\u0103 simt fantastic. Nicio durere, nicio rigiditate \u2013 m\u0103 pot antrena f\u0103r\u0103 probleme!\u201d<\/li>\n<li><strong>Elena R. \u2013 \u2b50\u2b50\u2b50\u2b50\u2b50: <\/strong>\u201eAm comandat Aktibion la recomandarea unui prieten \u0219i sunt foarte \u00eenc\u00e2ntat\u0103. Dup\u0103 ani de tratamente f\u0103r\u0103 rezultate, aceste capsule au fost un adev\u0103rat miracol. Inflama\u021bia s-a redus, iar durerile au disp\u0103rut aproape complet. \u00cen plus, serviciul de livrare a fost rapid \u0219i profesional.\u201d<\/li>\n<\/ol>\n<p>Recenziile \u0219i feedback-ul utilizatorilor confirm\u0103 eficien\u021ba \u0219i siguran\u021ba produsului Aktibion. Acest supliment este o solu\u021bie natural\u0103 \u0219i fiabil\u0103 pentru cei care doresc s\u0103 \u00ee\u0219i \u00eembun\u0103t\u0103\u021beasc\u0103 s\u0103n\u0103tatea articula\u021biilor. Feedback-ul pozitiv de la utilizatori demonstreaz\u0103 c\u0103 Aktibion \u00ee\u0219i respect\u0103 promisiunile \u0219i ofer\u0103 rezultate reale.<\/p>\n<\/div>\n<\/div>\n<\/div>\n<\/div>\n<\/div>\n<\/div>\n<\/div>\n<\/div>\n<\/article>\n","protected":false},"excerpt":{"rendered":"<p style=\"text-align: center;\"><a class=\"border-button\" href=\"https:\/\/kshop2.biz\/UdMEld\/\">Cump\u0103ra\u021bi<\/a><\/p>\n<p style=\"text-align: left;\">#prod. 76899276<\/p>\n","protected":false},"featured_media":782,"comment_status":"open","ping_status":"closed","template":"","meta":[],"product_brand":[],"product_cat":[15],"product_tag":[],"class_list":{"0":"post-781","1":"product","2":"type-product","3":"status-publish","4":"has-post-thumbnail","6":"product_cat-medic","8":"first","9":"instock","10":"sale","11":"shipping-taxable","12":"purchasable","13":"product-type-simple"},"aioseo_notices":[],"_links":{"self":[{"href":"https:\/\/clinicadomnitachiajna.ro\/medic\/wp-json\/wp\/v2\/product\/781","targetHints":{"allow":["GET"]}}],"collection":[{"href":"https:\/\/clinicadomnitachiajna.ro\/medic\/wp-json\/wp\/v2\/product"}],"about":[{"href":"https:\/\/clinicadomnitachiajna.ro\/medic\/wp-json\/wp\/v2\/types\/product"}],"replies":[{"embeddable":true,"href":"https:\/\/clinicadomnitachiajna.ro\/medic\/wp-json\/wp\/v2\/comments?post=781"}],"wp:featuredmedia":[{"embeddable":true,"href":"https:\/\/clinicadomnitachiajna.ro\/medic\/wp-json\/wp\/v2\/media\/782"}],"wp:attachment":[{"href":"https:\/\/clinicadomnitachiajna.ro\/medic\/wp-json\/wp\/v2\/media?parent=781"}],"wp:term":[{"taxonomy":"product_brand","embeddable":true,"href":"https:\/\/clinicadomnitachiajna.ro\/medic\/wp-json\/wp\/v2\/product_brand?post=781"},{"taxonomy":"product_cat","embeddable":true,"href":"https:\/\/clinicadomnitachiajna.ro\/medic\/wp-json\/wp\/v2\/product_cat?post=781"},{"taxonomy":"product_tag","embeddable":true,"href":"https:\/\/clinicadomnitachiajna.ro\/medic\/wp-json\/wp\/v2\/product_tag?post=781"}],"curies":[{"name":"wp","href":"https:\/\/api.w.org\/{rel}","templated":true}]}}