{"id":762,"date":"2024-12-10T13:55:51","date_gmt":"2024-12-10T13:55:51","guid":{"rendered":"https:\/\/clinicadomnitachiajna.ro\/medic\/?post_type=product&#038;p=762"},"modified":"2025-04-06T17:06:03","modified_gmt":"2025-04-06T17:06:03","slug":"deparax","status":"publish","type":"product","link":"https:\/\/clinicadomnitachiajna.ro\/medic\/product\/deparax\/","title":{"rendered":"Deparax"},"content":{"rendered":"<article class=\"w-full scroll-mb-[var(--thread-trailing-height,150px)] text-token-text-primary focus-visible:outline-2 focus-visible:outline-offset-[-4px]\" dir=\"auto\" data-testid=\"conversation-turn-3\" data-scroll-anchor=\"false\">\n<div class=\"m-auto text-base py-[18px] px-3 md:px-4 w-full md:px-5 lg:px-4 xl:px-5\">\n<div class=\"mx-auto flex flex-1 gap-4 text-base md:gap-5 lg:gap-6 md:max-w-3xl lg:max-w-[40rem] xl:max-w-[48rem]\">\n<div class=\"group\/conversation-turn relative flex w-full min-w-0 flex-col agent-turn\">\n<div class=\"flex-col gap-1 md:gap-3\">\n<div class=\"flex max-w-full flex-col flex-grow\">\n<div class=\"min-h-8 text-message flex w-full flex-col items-end gap-2 whitespace-normal break-words text-start [.text-message+&amp;]:mt-5\" dir=\"auto\" data-message-author-role=\"assistant\" data-message-id=\"8e893d28-c75a-47b0-92b5-188a0462d602\" data-message-model-slug=\"gpt-4o\">\n<div class=\"flex w-full flex-col gap-1 empty:hidden first:pt-[3px]\">\n<div class=\"markdown prose w-full break-words dark:prose-invert light\">\n<p>P\u0103strarea s\u0103n\u0103t\u0103\u021bii este o prioritate, iar eliminarea parazi\u021bilor din organism este esen\u021bial\u0103 pentru bun\u0103stare. Unul dintre produsele eficiente \u0219i sigure disponibile pe pia\u021b\u0103 este <strong>Deparax<\/strong>. Acest articol v\u0103 ofer\u0103 o perspectiv\u0103 complet\u0103 asupra acestui supliment, inclusiv compozi\u021bia, efectele, contraindica\u021biile, modul de utilizare \u0219i informa\u021bii despre achizi\u021bie.<\/p>\n<h2><strong>Prezentare general\u0103 Deparax<\/strong><\/h2>\n<p><strong>Deparax<\/strong> este un supliment alimentar natural destinat combaterii parazi\u021bilor din organism. Acesta con\u021bine ingrediente active din plante, cunoscute pentru propriet\u0103\u021bile lor antiparazitare. Datorit\u0103 formulei sale naturale, Deparax ajut\u0103 la eliminarea parazi\u021bilor \u0219i a toxinelor produse de ace\u0219tia, protej\u00e2nd \u00een acela\u0219i timp s\u0103n\u0103tatea organismului uman.<\/p>\n<p>Suplimentul se prezint\u0103 sub form\u0103 de pic\u0103turi, fiind u\u0219or de utilizat \u0219i bine tolerat de organism. Este o alegere potrivit\u0103 pentru cei care caut\u0103 o solu\u021bie sigur\u0103 \u0219i eficient\u0103 \u00eempotriva parazi\u021bilor.<\/p>\n<h2><strong>Compozi\u021bie Deparax \u0219i efecte<\/strong><\/h2>\n<p>Unul dintre punctele forte ale Deparax este compozi\u021bia sa. Fiecare ingredient este selectat pentru a oferi un efect maxim \u00een eliminarea parazi\u021bilor \u0219i detoxifierea organismului.<\/p>\n<h3><strong>Ingrediente cheie din Deparax<\/strong><\/h3>\n<ol>\n<li><strong>Extract din coji de nuc\u0103<\/strong><br \/>\nExtractul din coji de nuc\u0103 este cunoscut pentru propriet\u0103\u021bile sale antimicrobiene \u0219i antiparazitare. Acesta ajut\u0103 la distrugerea \u0219i eliminarea parazi\u021bilor din tractul digestiv, fiind un ingredient esen\u021bial \u00een lupta \u00eempotriva infest\u0103rii.<\/li>\n<li><strong>Extract din semin\u021be de dovleac<\/strong><br \/>\nSemin\u021bele de dovleac con\u021bin <strong>cucurbitin\u0103<\/strong>, un aminoacid rar cu propriet\u0103\u021bi antiparazitare puternice. Acesta ac\u021bioneaz\u0103 prin paralizarea parazi\u021bilor, facilit\u00e2nd eliminarea lor din organism. Fiind complet netoxic, acest ingredient protejeaz\u0103 flora intestinal\u0103 \u0219i nu afecteaz\u0103 s\u0103n\u0103tatea general\u0103.<\/li>\n<li><strong>Extract din semin\u021be de papaya<\/strong><br \/>\nPapaya este recunoscut\u0103 pentru capacitatea sa de a combate parazi\u021bii intestinali. Extractul din semin\u021be de papaya stimuleaz\u0103 digestia, ajut\u00e2nd la eliminarea parazi\u021bilor \u0219i a reziduurilor din intestin. \u00cen plus, acest ingredient contribuie la reducerea inflama\u021biilor \u0219i \u00eembun\u0103t\u0103\u021birea func\u021biei digestive.<\/li>\n<\/ol>\n<h3><strong>Efectele utiliz\u0103rii Deparax<\/strong><\/h3>\n<ul>\n<li>Eliminarea parazi\u021bilor \u0219i a larvelor acestora.<\/li>\n<li>Detoxifierea organismului.<\/li>\n<li>\u00cembun\u0103t\u0103\u021birea func\u021biei digestive \u0219i refacerea florei intestinale.<\/li>\n<li>Cre\u0219terea nivelului de energie \u0219i a st\u0103rii generale de s\u0103n\u0103tate.<\/li>\n<li>Reducerea simptomelor cauzate de infestarea parazitar\u0103, cum ar fi oboseala, durerile abdominale \u0219i balonarea.<\/li>\n<\/ul>\n<h2><strong>Efecte secundare \u0219i contraindica\u021bii<\/strong><\/h2>\n<p>Deparax este un supliment alimentar natural, ceea ce \u00eel face extrem de sigur pentru utilizare. Ingredientele sale nu con\u021bin substan\u021be chimice nocive, iar riscul de efecte secundare este minim.<\/p>\n<h3><strong>Contraindica\u021bii<\/strong><\/h3>\n<p>De\u0219i Deparax este bine tolerat, exist\u0103 c\u00e2teva situa\u021bii \u00een care utilizarea sa nu este recomandat\u0103:<\/p>\n<ul>\n<li>Persoanele alergice la unul dintre ingredientele active (coji de nuc\u0103, semin\u021be de dovleac, semin\u021be de papaya).<\/li>\n<li>Femeile \u00eens\u0103rcinate sau care al\u0103pteaz\u0103 (consulta\u021bi medicul \u00eenainte de utilizare).<\/li>\n<li>Copiii sub 12 ani (utilizarea la aceast\u0103 grup\u0103 de v\u00e2rst\u0103 ar trebui s\u0103 fie aprobat\u0103 de un specialist).<\/li>\n<\/ul>\n<p style=\"text-align: center;\"><a class=\"border-button\" href=\"https:\/\/lbvdojnb.annajuliana.com\">www.deparax.ro<\/a><\/p>\n<h2><strong>Instruc\u021biuni de utilizare Deparax, recomand\u0103ri generale<\/strong><\/h2>\n<p>Pentru a ob\u021bine cele mai bune rezultate, este important s\u0103 respecta\u021bi instruc\u021biunile de utilizare ale produsului. Iat\u0103 un ghid simplu:<\/p>\n<ol>\n<li><strong>Doza recomandat\u0103:<\/strong> Lua\u021bi c\u00e2te 20 de pic\u0103turi de dou\u0103 ori pe zi, diluate \u00eentr-un pahar cu ap\u0103.<\/li>\n<li><strong>Durata tratamentului:<\/strong> Se recomand\u0103 utilizarea Deparax timp de 30 de zile pentru rezultate optime.<\/li>\n<li><strong>Momentul administr\u0103rii:<\/strong> Administra\u021bi produsul \u00eenainte de mese, pentru o absorb\u021bie mai bun\u0103 a ingredientelor active.<\/li>\n<\/ol>\n<h3><strong>Recomand\u0103ri generale pentru prevenirea \u0219i combaterea parazi\u021bilor<\/strong><\/h3>\n<ul>\n<li>Sp\u0103la\u021bi bine fructele \u0219i legumele \u00eenainte de consum.<\/li>\n<li>Evita\u021bi consumul de ap\u0103 netratat\u0103 sau alimente care nu au fost preparate termic corespunz\u0103tor.<\/li>\n<li>Men\u021bine\u021bi o igien\u0103 personal\u0103 riguroas\u0103, sp\u0103l\u00e2ndu-v\u0103 pe m\u00e2ini \u00eenainte de mese \u0219i dup\u0103 utilizarea toaletei.<\/li>\n<\/ul>\n<h2><strong>De unde s\u0103 cump\u0103ra\u021bi Deparax, care este pre\u021bul<\/strong><\/h2>\n<p>Achizi\u021bionarea Deparax este simpl\u0103 \u0219i convenabil\u0103. Produsul poate fi comandat online, direct de pe site-ul oficial al produc\u0103torului.<\/p>\n<h3><strong>Cum s\u0103 comanda\u021bi Deparax?<\/strong><\/h3>\n<ol>\n<li>Completa\u021bi formularul de comand\u0103 de pe site-ul oficial, specific\u00e2nd numele \u0219i num\u0103rul de telefon.<\/li>\n<li>A\u0219tepta\u021bi apelul unui specialist pentru confirmarea comenzii \u0219i clarificarea detaliilor.<\/li>\n<li>Produsul v\u0103 va fi livrat la adresa specificat\u0103, iar plata se face la primirea coletului.<\/li>\n<\/ol>\n<h3><strong>Avantaje ale cump\u0103r\u0103rii online<\/strong><\/h3>\n<ul>\n<li>Siguran\u021b\u0103: Achizi\u021biona\u021bi direct de la produc\u0103tor, evit\u00e2nd riscul de a primi produse contraf\u0103cute.<\/li>\n<li>Convenien\u021b\u0103: Livrare rapid\u0103 la domiciliu.<\/li>\n<li>Plata la livrare: Nu exist\u0103 riscuri financiare, pl\u0103ti\u021bi produsul doar c\u00e2nd \u00eel primi\u021bi.<\/li>\n<\/ul>\n<p>Pre\u021bul Deparax este accesibil \u0219i reflect\u0103 calitatea superioar\u0103 a produsului. Vizita\u021bi site-ul oficial pentru promo\u021bii \u0219i reduceri speciale.<\/p>\n<\/div>\n<\/div>\n<\/div>\n<\/div>\n<\/div>\n<\/div>\n<\/div>\n<\/div>\n<\/article>\n<article class=\"w-full scroll-mb-[var(--thread-trailing-height,150px)] text-token-text-primary focus-visible:outline-2 focus-visible:outline-offset-[-4px]\" dir=\"auto\" data-testid=\"conversation-turn-5\" data-scroll-anchor=\"true\">\n<div class=\"m-auto text-base py-[18px] px-3 md:px-4 w-full md:px-5 lg:px-4 xl:px-5\">\n<div class=\"mx-auto flex flex-1 gap-4 text-base md:gap-5 lg:gap-6 md:max-w-3xl lg:max-w-[40rem] xl:max-w-[48rem]\">\n<div class=\"group\/conversation-turn relative flex w-full min-w-0 flex-col agent-turn\">\n<div class=\"flex-col gap-1 md:gap-3\">\n<div class=\"flex max-w-full flex-col flex-grow\">\n<div class=\"min-h-8 text-message flex w-full flex-col items-end gap-2 whitespace-normal break-words text-start [.text-message+&amp;]:mt-5\" dir=\"auto\" data-message-author-role=\"assistant\" data-message-id=\"231e3cf4-6dab-4662-9c73-bdf4a6b042bd\" data-message-model-slug=\"gpt-4o\">\n<div class=\"flex w-full flex-col gap-1 empty:hidden first:pt-[3px]\">\n<div class=\"markdown prose w-full break-words dark:prose-invert light\">\n<h2><strong>Recenzii reale, forum<\/strong><\/h2>\n<p>Unul dintre cele mai bune moduri de a evalua eficien\u021ba unui produs este s\u0103 consul\u021bi recenziile reale ale celor care l-au folosit. Pe forumuri \u0219i platforme dedicate s\u0103n\u0103t\u0103\u021bii, Deparax prime\u0219te constant feedback pozitiv de la utilizatori. Majoritatea recenziilor subliniaz\u0103 eficien\u021ba produsului \u00een eliminarea parazi\u021bilor \u0219i \u00eembun\u0103t\u0103\u021birea s\u0103n\u0103t\u0103\u021bii generale.<\/p>\n<h3><strong>Ce apreciaz\u0103 consumatorii la Deparax?<\/strong><\/h3>\n<ol>\n<li><strong>Eficien\u021ba rapid\u0103:<\/strong> Mul\u021bi utilizatori au observat o reducere semnificativ\u0103 a simptomelor cauzate de parazi\u021bi \u00eenc\u0103 din primele zile de utilizare. Acestea includ dispari\u021bia balon\u0103rii, reducerea oboselii \u0219i \u00eembun\u0103t\u0103\u021birea digestiei.<\/li>\n<li><strong>Siguran\u021ba utiliz\u0103rii:<\/strong> Datorit\u0103 ingredientelor naturale, utilizatorii au \u00eencredere \u00een produs \u0219i apreciaz\u0103 lipsa efectelor secundare.<\/li>\n<li><strong>U\u0219urin\u021ba utiliz\u0103rii:<\/strong> Forma de pic\u0103turi este convenabil\u0103, iar instruc\u021biunile sunt clare \u0219i u\u0219or de urmat.<\/li>\n<li><strong>\u00cembun\u0103t\u0103\u021birea st\u0103rii generale de s\u0103n\u0103tate:<\/strong> Mul\u021bi clien\u021bi au remarcat un nivel crescut de energie \u0219i o stare de bine dup\u0103 utilizarea Deparax.<\/li>\n<\/ol>\n<p>Un alt punct men\u021bionat des este faptul c\u0103 Deparax a contribuit la \u00eembun\u0103t\u0103\u021birea func\u021biei digestive \u0219i la eliminarea toxinelor din organism, oferind o senza\u021bie general\u0103 de cur\u0103\u021benie interioar\u0103.<\/p>\n<p style=\"text-align: center;\"><a class=\"border-button\" href=\"https:\/\/lbvdojnb.annajuliana.com\">(\u221250%) Direct de la produc\u0103tor!<\/a><\/p>\n<h2><strong>Feedback de la utilizatori despre Deparax<\/strong><\/h2>\n<h3><strong>Elena M., 35 de ani \u2013 5 stele \u2b50\u2b50\u2b50\u2b50\u2b50<\/strong><\/h3>\n<p>\u201eAm \u00eencercat Deparax dup\u0103 ce am avut simptome de balonare constant\u0103 \u0219i oboseal\u0103. Dup\u0103 doar o s\u0103pt\u0103m\u00e2n\u0103, am observat o schimbare major\u0103. Digestia mea s-a \u00eembun\u0103t\u0103\u021bit, m\u0103 simt mai energic\u0103 \u0219i, cel mai important, analizele au confirmat dispari\u021bia parazi\u021bilor! Recomand tuturor acest produs. Este eficient \u0219i complet natural.\u201d<\/p>\n<h3><strong>Adrian P., 42 de ani \u2013 4,5 stele \u2b50\u2b50\u2b50\u2b50\u2730<\/strong><\/h3>\n<p>\u201eDeparax mi-a fost recomandat de un prieten, iar acum sunt foarte mul\u021bumit de alegerea f\u0103cut\u0103. Simptomele mele au \u00eenceput s\u0103 dispar\u0103 la scurt timp dup\u0103 \u00eenceperea tratamentului. Mi-a pl\u0103cut faptul c\u0103 pic\u0103turile sunt u\u0219or de administrat \u0219i nu au niciun gust nepl\u0103cut. Singura mea recomandare ar fi s\u0103 oferi\u021bi mai multe informa\u021bii detaliate despre produs pe ambalaj.\u201d<\/p>\n<h3><strong>Maria C., 29 de ani \u2013 5 stele \u2b50\u2b50\u2b50\u2b50\u2b50<\/strong><\/h3>\n<p>\u201eAm comandat Deparax dup\u0103 ce am citit despre ingredientele sale naturale. A fost u\u0219or de achizi\u021bionat \u0219i livrarea a fost rapid\u0103. Dup\u0103 o lun\u0103 de utilizare, m\u0103 simt fantastic! Problemele mele digestive s-au rezolvat, iar energia mea a revenit. Este un produs excelent pentru oricine vrea s\u0103 scape de parazi\u021bi \u0219i s\u0103 \u00ee\u0219i \u00eembun\u0103t\u0103\u021beasc\u0103 s\u0103n\u0103tatea general\u0103.\u201d<\/p>\n<p>Recenziile reale ale utilizatorilor confirm\u0103 eficien\u021ba Deparax \u00een combaterea parazi\u021bilor \u0219i \u00een \u00eembun\u0103t\u0103\u021birea st\u0103rii generale de s\u0103n\u0103tate. Dac\u0103 v\u0103 confrunta\u021bi cu simptome cauzate de parazi\u021bi sau c\u0103uta\u021bi o solu\u021bie natural\u0103 pentru detoxifiere, Deparax este alegerea ideal\u0103.<\/p>\n<\/div>\n<\/div>\n<\/div>\n<\/div>\n<\/div>\n<\/div>\n<\/div>\n<\/div>\n<\/article>\n","protected":false},"excerpt":{"rendered":"<p style=\"text-align: center;\"><a class=\"border-button\" href=\"https:\/\/lbvdojnb.annajuliana.com\">Cump\u0103ra\u021bi<\/a><\/p>\n<p style=\"text-align: left;\">#prod. 76899269<\/p>\n","protected":false},"featured_media":764,"comment_status":"open","ping_status":"closed","template":"","meta":[],"product_brand":[],"product_cat":[15],"product_tag":[],"class_list":{"0":"post-762","1":"product","2":"type-product","3":"status-publish","4":"has-post-thumbnail","6":"product_cat-medic","8":"first","9":"instock","10":"sale","11":"shipping-taxable","12":"purchasable","13":"product-type-simple"},"aioseo_notices":[],"_links":{"self":[{"href":"https:\/\/clinicadomnitachiajna.ro\/medic\/wp-json\/wp\/v2\/product\/762","targetHints":{"allow":["GET"]}}],"collection":[{"href":"https:\/\/clinicadomnitachiajna.ro\/medic\/wp-json\/wp\/v2\/product"}],"about":[{"href":"https:\/\/clinicadomnitachiajna.ro\/medic\/wp-json\/wp\/v2\/types\/product"}],"replies":[{"embeddable":true,"href":"https:\/\/clinicadomnitachiajna.ro\/medic\/wp-json\/wp\/v2\/comments?post=762"}],"wp:featuredmedia":[{"embeddable":true,"href":"https:\/\/clinicadomnitachiajna.ro\/medic\/wp-json\/wp\/v2\/media\/764"}],"wp:attachment":[{"href":"https:\/\/clinicadomnitachiajna.ro\/medic\/wp-json\/wp\/v2\/media?parent=762"}],"wp:term":[{"taxonomy":"product_brand","embeddable":true,"href":"https:\/\/clinicadomnitachiajna.ro\/medic\/wp-json\/wp\/v2\/product_brand?post=762"},{"taxonomy":"product_cat","embeddable":true,"href":"https:\/\/clinicadomnitachiajna.ro\/medic\/wp-json\/wp\/v2\/product_cat?post=762"},{"taxonomy":"product_tag","embeddable":true,"href":"https:\/\/clinicadomnitachiajna.ro\/medic\/wp-json\/wp\/v2\/product_tag?post=762"}],"curies":[{"name":"wp","href":"https:\/\/api.w.org\/{rel}","templated":true}]}}