{"id":734,"date":"2024-10-09T08:30:18","date_gmt":"2024-10-09T08:30:18","guid":{"rendered":"https:\/\/clinicadomnitachiajna.ro\/medic\/?post_type=product&#038;p=734"},"modified":"2025-07-21T11:18:05","modified_gmt":"2025-07-21T11:18:05","slug":"artovitel","status":"publish","type":"product","link":"https:\/\/clinicadomnitachiajna.ro\/medic\/product\/artovitel\/","title":{"rendered":"Artovitel"},"content":{"rendered":"<div class=\"flex max-w-full flex-col flex-grow\">\n<div class=\"min-h-8 text-message flex w-full flex-col items-end gap-2 whitespace-normal break-words [.text-message+&amp;]:mt-5\" dir=\"auto\" data-message-author-role=\"assistant\" data-message-id=\"186c4120-620d-41cc-878a-9340b80eed00\" data-message-model-slug=\"gpt-4o-mini\">\n<div class=\"flex w-full flex-col gap-1 empty:hidden first:pt-[3px]\">\n<div class=\"markdown prose w-full break-words dark:prose-invert light\">\n<p>Articula\u021biile joac\u0103 un rol crucial \u00een mobilitatea noastr\u0103 \u0219i, din p\u0103cate, problemele articulare sunt din ce \u00een ce mai frecvente \u00een societatea modern\u0103. Artovitel este un gel inovativ, conceput pentru a sprijini s\u0103n\u0103tatea articula\u021biilor. \u00cen aceast\u0103 articol, vom explora tot ce trebuie s\u0103 \u0219ti\u021bi despre Artovitel, incluz\u00e2nd compozi\u021bia, efectele, posibilele efecte secundare \u0219i instruc\u021biunile de utilizare.<\/p>\n<h2>Prezentare general\u0103 Artovitel<\/h2>\n<p>Artovitel este un gel bio nativ, care combin\u0103 \u0219tiin\u021ba modern\u0103 cu puterea naturii. Acest produs se remarc\u0103 prin formularea sa unic\u0103, care include microsfere de componente biologice active. Aceste microsfere au o ac\u021biune direc\u021bionat\u0103, ajut\u00e2nd la \u00eembun\u0103t\u0103\u021birea s\u0103n\u0103t\u0103\u021bii cartilajelor \u0219i \u021besutului conjunctiv al articula\u021biilor.<\/p>\n<p>Gelul Artovitel este destinat at\u00e2t persoanelor care sufer\u0103 de dureri articulare, c\u00e2t \u0219i celor care doresc s\u0103 previn\u0103 eventualele probleme articulare. Prin utilizarea regulat\u0103 a acestui produs, utilizatorii pot experimenta o mobilitate crescut\u0103 \u0219i un disconfort redus.<\/p>\n<h2>Compozi\u021bie Artovitel \u0219i efecte<\/h2>\n<p>Artovitel con\u021bine o combina\u021bie de ingrediente naturale care contribuie la efectele sale benefice asupra articula\u021biilor:<\/p>\n<ol>\n<li><strong>Glucosamina<\/strong> &#8211; ajut\u0103 la regenerarea cartilajului.<\/li>\n<li><strong>Condroitina<\/strong> &#8211; contribuie la men\u021binerea elasticit\u0103\u021bii \u0219i flexibilit\u0103\u021bii articula\u021biilor.<\/li>\n<li><strong>Extracte de plante<\/strong> &#8211; cum ar fi arnica \u0219i calendula, care au propriet\u0103\u021bi antiinflamatorii \u0219i analgezice.<\/li>\n<li><strong>Microsfere bioactive<\/strong> &#8211; care ajut\u0103 la eliberarea treptat\u0103 a ingredientelor active, maximiz\u00e2nd eficien\u021ba produsului.<\/li>\n<\/ol>\n<p>Efectele gelului Artovitel includ:<\/p>\n<ul>\n<li>Reducerea durerii \u0219i inflama\u021biei \u00een articula\u021bii<\/li>\n<li>\u00cembun\u0103t\u0103\u021birea mobilit\u0103\u021bii articula\u021biilor<\/li>\n<li>Sprijinirea regener\u0103rii cartilajului<\/li>\n<li>Cre\u0219terea circula\u021biei sanguine \u00een zona afectat\u0103<\/li>\n<\/ul>\n<p>Prin aceste efecte, Artovitel ajut\u0103 la \u00eembun\u0103t\u0103\u021birea calit\u0103\u021bii vie\u021bii utilizatorilor s\u0103i.<\/p>\n<h2>Efecte secundare \u0219i contraindica\u021bii<\/h2>\n<p>Unul dintre avantajele majore ale Artovitel este c\u0103 este un produs natural, ceea ce reduce semnificativ riscurile asociate cu utilizarea sa. Efectele secundare sunt rare, \u00eens\u0103 este important s\u0103 fi\u021bi con\u0219tien\u021bi de posibilele contraindica\u021bii.<\/p>\n<h3>Contraindica\u021bii:<\/h3>\n<ol>\n<li><strong>Alergii la ingrediente<\/strong> &#8211; Persoanele care au alergii cunoscute la oricare dintre componentele gelului trebuie s\u0103 evite utilizarea acestuia.<\/li>\n<li><strong>Gravide \u0219i mame care al\u0103pteaz\u0103<\/strong> &#8211; Este recomandat ca aceste categorii s\u0103 consulte un medic \u00eenainte de utilizare.<\/li>\n<li><strong>Persoane cu afec\u021biuni dermatologice<\/strong> &#8211; Se recomand\u0103 evitarea aplic\u0103rii pe pielea afectat\u0103.<\/li>\n<\/ol>\n<p>Este esen\u021bial s\u0103 consulta\u021bi un specialist \u00eenainte de a \u00eencepe orice tratament, chiar \u0219i cu produse naturale.<\/p>\n<p style=\"text-align: center;\"><a class=\"border-button\" href=\"https:\/\/keonv.com\/nSJS?sub1=sub1&amp;sub2=sub2&amp;sub3=sub3&amp;sub4=sub4&amp;sub5=sub5\">www.artovitel.ro<\/a><\/p>\n<h2>Instruc\u021biuni de utilizare Artovitel, recomand\u0103ri generale<\/h2>\n<p>Pentru a beneficia la maxim de propriet\u0103\u021bile gelului Artovitel, este important s\u0103 respecta\u021bi instruc\u021biunile de utilizare. Iat\u0103 pa\u0219ii pe care trebuie s\u0103 \u00eei urma\u021bi:<\/p>\n<ol>\n<li><strong>Cur\u0103\u021barea zonei afectate<\/strong>: Sp\u0103la\u021bi \u0219i usca\u021bi bine zona \u00een care dori\u021bi s\u0103 aplica\u021bi gelul.<\/li>\n<li><strong>Aplicarea gelului<\/strong>: Aplica\u021bi o cantitate mic\u0103 de gel pe zona afectat\u0103 \u0219i masa\u021bi u\u0219or p\u00e2n\u0103 c\u00e2nd gelul este absorbit complet.<\/li>\n<li><strong>Frecven\u021ba utiliz\u0103rii<\/strong>: Utiliza\u021bi gelul de 2-3 ori pe zi, \u00een func\u021bie de gravitatea simptomelor.<\/li>\n<li><strong>Durata tratamentului<\/strong>: Continuu utilizarea gelului timp de cel pu\u021bin 4 s\u0103pt\u0103m\u00e2ni pentru rezultate optime.<\/li>\n<\/ol>\n<h3>Recomand\u0103ri generale pentru s\u0103n\u0103tatea articula\u021biilor:<\/h3>\n<ul>\n<li><strong>Exerci\u021bii fizice regulate<\/strong>: Activitatea fizic\u0103 moderat\u0103 poate ajuta la men\u021binerea mobilit\u0103\u021bii articula\u021biilor.<\/li>\n<li><strong>Diet\u0103 echilibrat\u0103<\/strong>: Consuma\u021bi alimente bogate \u00een omega-3 \u0219i antioxidan\u021bi, care contribuie la s\u0103n\u0103tatea articula\u021biilor.<\/li>\n<li><strong>Hidratare adecvat\u0103<\/strong>: Asigura\u021bi-v\u0103 c\u0103 be\u021bi suficiente lichide pentru a men\u021bine articula\u021biile lubrifiate.<\/li>\n<li><strong>Consult medical<\/strong>: Nu ezita\u021bi s\u0103 c\u0103uta\u021bi sfatul unui specialist dac\u0103 ave\u021bi dureri persistente.<\/li>\n<\/ul>\n<p>Artovitel este un produs inovativ care ofer\u0103 o solu\u021bie natural\u0103 \u0219i eficient\u0103 pentru persoanele care se confrunt\u0103 cu probleme articulare. Cu o formul\u0103 atent conceput\u0103, acest gel poate ajuta la reducerea durerii \u0219i inflama\u021biei, sprijinind \u00een acela\u0219i timp s\u0103n\u0103tatea cartilajelor. \u00cenainte de utilizare, este \u00eentotdeauna bine s\u0103 consulta\u021bi un specialist pentru a v\u0103 asigura c\u0103 este potrivit pentru nevoile dumneavoastr\u0103. Adopta\u021bi un stil de via\u021b\u0103 s\u0103n\u0103tos \u0219i nu uita\u021bi s\u0103 ave\u021bi grij\u0103 de articula\u021biile dumneavoastr\u0103!<\/p>\n<\/div>\n<\/div>\n<\/div>\n<\/div>\n<div class=\"mb-2 flex gap-3 empty:hidden -ml-2\">\n<div class=\"items-center justify-start rounded-xl p-1 flex\">\n<div class=\"flex items-center\">\n<h2>De unde s\u0103 cump\u0103ra\u021bi Artovitel, care este pre\u021bul<\/h2>\n<p>Artovitel poate fi achizi\u021bionat cu u\u0219urin\u021b\u0103 online, ceea ce faciliteaz\u0103 accesibilitatea produsului pentru to\u021bi cei care au nevoie de un suport pentru s\u0103n\u0103tatea articula\u021biilor. Procesul de achizi\u021bie este simplu \u0219i rapid. Tot ce trebuie s\u0103 face\u021bi este s\u0103 completa\u021bi un formular de comand\u0103 pe site-ul oficial.<\/p>\n<p>Dup\u0103 trimiterea formularului, ve\u021bi primi un apel de la un specialist care va confirma comanda \u0219i v\u0103 va oferi informa\u021bii suplimentare despre livrare. Acest sistem de comenzi asigur\u0103 o experien\u021b\u0103 de cump\u0103rare convenabil\u0103, f\u0103r\u0103 b\u0103t\u0103i de cap. Odat\u0103 ce comanda este confirmat\u0103, nu r\u0103m\u00e2ne dec\u00e2t s\u0103 a\u0219tepta\u021bi sosirea coletului.<\/p>\n<p>Un alt avantaj al achizi\u021bion\u0103rii Artovitel este op\u021biunea de a pl\u0103ti produsul la livrare. Aceasta elimin\u0103 riscurile asociate cu pl\u0103\u021bile online \u0219i ofer\u0103 un plus de siguran\u021b\u0103 clien\u021bilor.<\/p>\n<h2>Recenzii reale, forum<\/h2>\n<p>Pe diverse forumuri \u0219i platforme de recenzii, Artovitel a primit un num\u0103r impresionant de feedbackuri de la utilizatori, majoritatea fiind extrem de pozitive. Clien\u021bii care au folosit gelul pentru articulatii au \u00eemp\u0103rt\u0103\u0219it experien\u021bele lor, subliniind mai multe aspecte benefice ale produsului.<\/p>\n<h3>Punctele forte men\u021bionate de utilizatori includ:<\/h3>\n<ol>\n<li><strong>Eficien\u021ba rapid\u0103<\/strong>: Mul\u021bi utilizatori au remarcat c\u0103 au sim\u021bit o ameliorare semnificativ\u0103 a durerilor articulare dup\u0103 c\u00e2teva zile de utilizare.<\/li>\n<li><strong>U\u0219urin\u021ba aplic\u0103rii<\/strong>: Gelul se absoarbe rapid \u00een piele, f\u0103r\u0103 a l\u0103sa o senza\u021bie gras\u0103, ceea ce \u00eel face comod de utilizat \u00een fiecare zi.<\/li>\n<li><strong>Ingredientele naturale<\/strong>: Consumatorii apreciaz\u0103 faptul c\u0103 Artovitel este un produs natural, ceea ce reduce riscurile de efecte secundare.<\/li>\n<\/ol>\n<p>\u00cen concluzie, majoritatea recenzilor indic\u0103 un grad ridicat de satisfac\u021bie \u0219i o recomandare sincer\u0103 din partea utilizatorilor care au g\u0103sit \u00een Artovitel solu\u021bia ideal\u0103 pentru problemele lor articulare.<\/p>\n<p style=\"text-align: center;\"><a class=\"border-button\" href=\"https:\/\/keonv.com\/nSJS?sub1=sub1&amp;sub2=sub2&amp;sub3=sub3&amp;sub4=sub4&amp;sub5=sub5\">(\u221250%) Direct de la produc\u0103tor!<\/a><\/p>\n<h2>Feedback de la utilizatori despre Artovitel<\/h2>\n<h3>Maria, 4 stele<\/h3>\n<p><em>&#8222;Dup\u0103 c\u00e2teva luni de dureri de genunchi, am decis s\u0103 \u00eencerc Artovitel. Sunt impresionat\u0103 de c\u00e2t de repede a \u00eenceput s\u0103 \u00eemi alin\u0103 durerea. Gelul este u\u0219or de aplicat \u0219i nu are un miros nepl\u0103cut. Recomand cu \u00eencredere!&#8221;<\/em><\/p>\n<h3>Andrei, 5 stele<\/h3>\n<p><em>&#8222;Am folosit Artovitel pentru durerile de spate \u0219i pot spune c\u0103 a fost o alegere excelent\u0103. M-am sim\u021bit mult mai bine dup\u0103 doar c\u00e2teva zile. \u00cemi place c\u0103 este un produs natural, ceea ce \u00eemi ofer\u0103 o stare de siguran\u021b\u0103. Mul\u021bumesc!&#8221;<\/em><\/p>\n<h3>Elena, 5 stele<\/h3>\n<p><em>&#8222;Artovitel m-a ajutat s\u0103-mi \u00eembun\u0103t\u0103\u021besc mobilitatea dup\u0103 o accidentare la um\u0103r. Gelul este foarte eficient, iar faptul c\u0103 pot pl\u0103ti la livrare m\u0103 face s\u0103 m\u0103 simt \u00een siguran\u021b\u0103. Nu pot dec\u00e2t s\u0103-l recomand tuturor celor care au probleme cu articula\u021biile!&#8221;<\/em><\/p>\n<p>Aceste recenzii demonstreaz\u0103 c\u00e2t de bine este primit Artovitel de c\u0103tre utilizatori, subliniind eficien\u021ba \u0219i confortul pe care le ofer\u0103. Dac\u0103 sunte\u021bi \u00een c\u0103utarea unei solu\u021bii pentru durerea articula\u021biilor, Artovitel ar putea fi exact ceea ce ave\u021bi nevoie.<\/p>\n<\/div>\n<\/div>\n<\/div>\n","protected":false},"excerpt":{"rendered":"<p style=\"text-align: center;\"><a class=\"border-button\" href=\"https:\/\/keonv.com\/nSJS?sub1=sub1&amp;sub2=sub2&amp;sub3=sub3&amp;sub4=sub4&amp;sub5=sub5\">Cump\u0103ra\u021bi<\/a><\/p>\n<p style=\"text-align: left;\">#prod. 76899295<\/p>\n","protected":false},"featured_media":735,"comment_status":"open","ping_status":"closed","template":"","meta":[],"product_brand":[],"product_cat":[15],"product_tag":[],"class_list":{"0":"post-734","1":"product","2":"type-product","3":"status-publish","4":"has-post-thumbnail","6":"product_cat-medic","8":"first","9":"instock","10":"sale","11":"shipping-taxable","12":"purchasable","13":"product-type-simple"},"aioseo_notices":[],"_links":{"self":[{"href":"https:\/\/clinicadomnitachiajna.ro\/medic\/wp-json\/wp\/v2\/product\/734","targetHints":{"allow":["GET"]}}],"collection":[{"href":"https:\/\/clinicadomnitachiajna.ro\/medic\/wp-json\/wp\/v2\/product"}],"about":[{"href":"https:\/\/clinicadomnitachiajna.ro\/medic\/wp-json\/wp\/v2\/types\/product"}],"replies":[{"embeddable":true,"href":"https:\/\/clinicadomnitachiajna.ro\/medic\/wp-json\/wp\/v2\/comments?post=734"}],"wp:featuredmedia":[{"embeddable":true,"href":"https:\/\/clinicadomnitachiajna.ro\/medic\/wp-json\/wp\/v2\/media\/735"}],"wp:attachment":[{"href":"https:\/\/clinicadomnitachiajna.ro\/medic\/wp-json\/wp\/v2\/media?parent=734"}],"wp:term":[{"taxonomy":"product_brand","embeddable":true,"href":"https:\/\/clinicadomnitachiajna.ro\/medic\/wp-json\/wp\/v2\/product_brand?post=734"},{"taxonomy":"product_cat","embeddable":true,"href":"https:\/\/clinicadomnitachiajna.ro\/medic\/wp-json\/wp\/v2\/product_cat?post=734"},{"taxonomy":"product_tag","embeddable":true,"href":"https:\/\/clinicadomnitachiajna.ro\/medic\/wp-json\/wp\/v2\/product_tag?post=734"}],"curies":[{"name":"wp","href":"https:\/\/api.w.org\/{rel}","templated":true}]}}