{"id":73,"date":"2024-09-18T10:06:15","date_gmt":"2024-09-18T10:06:15","guid":{"rendered":"https:\/\/clinicadomnitachiajna.ro\/medic\/?post_type=product&#038;p=73"},"modified":"2025-04-07T11:26:27","modified_gmt":"2025-04-07T11:26:27","slug":"neoveris","status":"publish","type":"product","link":"https:\/\/clinicadomnitachiajna.ro\/medic\/product\/neoveris\/","title":{"rendered":"Neoveris"},"content":{"rendered":"<p>Neoveris este un gel inovator destinat tratamentului varicelor, o afec\u021biune frecvent\u0103 care afecteaz\u0103 milioane de oameni din \u00eentreaga lume. Varicele apar ca urmare a unei circula\u021bii sanguine deficitare \u00een venele membrelor inferioare, ceea ce duce la inflamarea \u0219i dilatarea acestora. Neoveris promite s\u0103 fie o solu\u021bie eficient\u0103 \u0219i rapid\u0103 pentru ameliorarea simptomelor nepl\u0103cute cauzate de varice, precum durerea, senza\u021bia de greutate \u0219i inflama\u021bia. Cu o formul\u0103 natural\u0103 \u0219i u\u0219or de aplicat, gelul este ideal at\u00e2t pentru prevenirea c\u00e2t \u0219i pentru tratarea varicelor, oferind o alternativ\u0103 non-invaziv\u0103 la interven\u021biile chirurgicale.<\/p>\n<p>Beneficiile utiliz\u0103rii Neoveris includ reducerea inflama\u021biei, ameliorarea durerii \u0219i \u00eembun\u0103t\u0103\u021birea aspectului estetic al picioarelor afectate de varice. Datorit\u0103 ingredientelor naturale din compozi\u021bia sa, Neoveris are efecte rapide, f\u0103r\u0103 a prezenta riscuri majore pentru s\u0103n\u0103tate.<\/p>\n<h2>Compozi\u021bie Neoveris \u0219i efecte<\/h2>\n<p>Neoveris se remarc\u0103 printr-o compozi\u021bie bazat\u0103 pe extracte naturale care ac\u021bioneaz\u0103 sinergic pentru a \u00eembun\u0103t\u0103\u021bi circula\u021bia sanguin\u0103 \u0219i pentru a reduce simptomele varicelor. Printre principalele ingrediente se num\u0103r\u0103:<\/p>\n<ol>\n<li><strong>Extract de castan s\u0103lbatic<\/strong>: Cunoscut pentru propriet\u0103\u021bile sale antiinflamatoare, castanul s\u0103lbatic ajut\u0103 la reducerea inflama\u021biei \u0219i a umfl\u0103turilor asociate varicelor. De asemenea, \u00eembun\u0103t\u0103\u021be\u0219te circula\u021bia sanguin\u0103, prevenind formarea cheagurilor de s\u00e2nge.<\/li>\n<li><strong>Troxerutin<\/strong>: Acesta este un bioflavonoid cu puternice efecte antioxidante, care protejeaz\u0103 vasele de s\u00e2nge \u0219i le face mai elastice. Troxerutinul contribuie la reducerea permeabilit\u0103\u021bii capilarelor, prevenind astfel acumularea de lichide \u0219i formarea edemelor.<\/li>\n<li><strong>Mentol<\/strong>: Acesta are un efect r\u0103coritor, calm\u00e2nd durerea \u0219i reduc\u00e2nd senza\u021bia de greutate la nivelul picioarelor. \u00cen plus, mentolul stimuleaz\u0103 circula\u021bia sanguin\u0103 local\u0103 \u0219i ofer\u0103 o senza\u021bie pl\u0103cut\u0103 de relaxare.<\/li>\n<\/ol>\n<p>Combina\u021bia acestor ingrediente active face ca Neoveris s\u0103 fie un aliat puternic \u00eempotriva varicelor. Gelul nu doar amelioreaz\u0103 simptomele existente, dar previne \u0219i agravarea acestora, oferind o solu\u021bie pe termen lung pentru persoanele care sufer\u0103 de aceast\u0103 afec\u021biune.<\/p>\n<h2>Efecte secundare \u0219i contraindica\u021bii<\/h2>\n<p>Unul dintre cele mai mari avantaje ale Neoveris este faptul c\u0103 acesta con\u021bine doar ingrediente naturale, ceea ce minimizeaz\u0103 riscurile asociate cu utilizarea sa. Fiind un produs extern, aplicat direct pe piele, gelul nu interfereaz\u0103 cu func\u021bionarea organelor interne \u0219i nu prezint\u0103 riscul de efecte secundare grave. Totu\u0219i, ca \u00een cazul oric\u0103rui produs, exist\u0103 anumite contraindica\u021bii pe care utilizatorii ar trebui s\u0103 le ia \u00een considerare.<\/p>\n<p><strong>Contraindica\u021bii<\/strong>:<\/p>\n<ul>\n<li>Persoanele cu alergii cunoscute la oricare dintre ingredientele gelului ar trebui s\u0103 evite utilizarea produsului.<\/li>\n<li>Femeile \u00eens\u0103rcinate sau care al\u0103pteaz\u0103 ar trebui s\u0103 consulte un medic \u00eenainte de a folosi Neoveris, de\u0219i riscurile sunt minime.<\/li>\n<li>Nu se recomand\u0103 aplicarea gelului pe r\u0103ni deschise sau piele iritat\u0103.<\/li>\n<\/ul>\n<p><strong>Efecte secundare posibile<\/strong>: \u00cen cazuri rare, unele persoane pot experimenta reac\u021bii alergice locale, cum ar fi ro\u0219ea\u021b\u0103 sau m\u00e2nc\u0103rime, la aplicarea gelului. Dac\u0103 apar astfel de simptome, se recomand\u0103 \u00eentreruperea utiliz\u0103rii produsului \u0219i consultarea unui medic.<\/p>\n<p style=\"text-align: center;\"><a class=\"border-button\" href=\"https:\/\/kshop5.com\/macTie\/\">www.neoveris.ro<\/a><\/p>\n<h2>Instruc\u021biuni de utilizare Neoveris, recomand\u0103ri generale<\/h2>\n<p>Neoveris este extrem de simplu de utilizat, ceea ce \u00eel face accesibil oric\u0103rei persoane care dore\u0219te s\u0103 trateze sau s\u0103 previn\u0103 varicele. Iat\u0103 c\u00e2teva instruc\u021biuni detaliate pentru utilizarea corect\u0103 a gelului:<\/p>\n<ol>\n<li><strong>Cur\u0103\u021barea zonei afectate<\/strong>: \u00cenainte de aplicare, se recomand\u0103 s\u0103 sp\u0103la\u021bi zona afectat\u0103 cu ap\u0103 cald\u0103 \u0219i s\u0103 o usca\u021bi cu un prosop curat.<\/li>\n<li><strong>Aplicarea gelului<\/strong>: Aplica\u021bi o cantitate mic\u0103 de gel pe zona afectat\u0103 \u0219i masa\u021bi u\u0219or p\u00e2n\u0103 c\u00e2nd produsul este complet absorbit de piele.<\/li>\n<li><strong>Frecven\u021ba utiliz\u0103rii<\/strong>: Pentru rezultate optime, se recomand\u0103 aplicarea gelului de dou\u0103 ori pe zi, diminea\u021ba \u0219i seara.<\/li>\n<\/ol>\n<p><strong>Recomand\u0103ri generale<\/strong>:<\/p>\n<ul>\n<li>Pe l\u00e2ng\u0103 utilizarea gelului Neoveris, este important s\u0103 adopta\u021bi un stil de via\u021b\u0103 s\u0103n\u0103tos pentru a preveni apari\u021bia sau agravarea varicelor. Aceasta include men\u021binerea unei greut\u0103\u021bi corporale adecvate, evitarea statului prelungit \u00een picioare sau pe scaun \u0219i purtarea de \u00eenc\u0103l\u021b\u0103minte confortabil\u0103.<\/li>\n<li>\u00cen cazul \u00een care suferi\u021bi de varice severe, este recomandat s\u0103 consulta\u021bi un specialist pentru a primi un plan de tratament personalizat.<\/li>\n<\/ul>\n<h2>De unde s\u0103 cump\u0103ra\u021bi Neoveris, care este pre\u021bul<\/h2>\n<p>Achizi\u021bionarea gelului Neoveris este un proces simplu \u0219i convenabil. Produsul poate fi comandat direct de pe site-ul oficial al produc\u0103torului. Pentru a cump\u0103ra, tot ce trebuie s\u0103 face\u021bi este s\u0103 completa\u021bi un formular de comand\u0103 cu numele \u0219i num\u0103rul de telefon. Un reprezentant al companiei v\u0103 va contacta pentru confirmarea comenzii, iar produsul va fi livrat direct la domiciliul dumneavoastr\u0103, f\u0103r\u0103 riscuri suplimentare. De asemenea, ave\u021bi posibilitatea de a pl\u0103ti produsul la livrare, astfel c\u0103 nu exist\u0103 riscul unor pl\u0103\u021bi \u00een avans.<\/p>\n<p>Pre\u021bul Neoveris variaz\u0103 \u00een func\u021bie de promo\u021biile disponibile, \u00eens\u0103 produsul este adesea oferit la un pre\u021b competitiv, av\u00e2nd \u00een vedere calitatea \u0219i efectele sale. Prin achizi\u021bionarea de pe site-ul oficial, beneficia\u021bi \u0219i de oferte speciale sau reduceri ocazionale, ceea ce face gelul \u0219i mai accesibil.<\/p>\n<h2>Recenzii reale, forum<\/h2>\n<p>Pe diverse forumuri \u0219i platforme de discu\u021bii, Neoveris a str\u00e2ns numeroase recenzii pozitive din partea utilizatorilor. Majoritatea celor care au folosit gelul au raportat \u00eembun\u0103t\u0103\u021biri semnificative ale st\u0103rii picioarelor, remarc\u00e2nd reducerea durerilor \u0219i a inflama\u021biilor dup\u0103 c\u00e2teva s\u0103pt\u0103m\u00e2ni de utilizare. Printre cele mai des men\u021bionate avantaje ale gelului se num\u0103r\u0103:<\/p>\n<ul>\n<li><strong>Rapiditatea ac\u021biunii<\/strong>: Mul\u021bi utilizatori au observat o ameliorare vizibil\u0103 a simptomelor \u00een primele zile de utilizare.<\/li>\n<li><strong>U\u0219urin\u021ba aplic\u0103rii<\/strong>: Gelul se absoarbe rapid \u00een piele \u0219i nu las\u0103 o pelicul\u0103 lipicioas\u0103, ceea ce \u00eel face ideal pentru utilizarea zilnic\u0103.<\/li>\n<li><strong>F\u0103r\u0103 efecte secundare<\/strong>: Fiind un produs natural, majoritatea utilizatorilor nu au raportat reac\u021bii adverse, ceea ce le-a oferit un plus de \u00eencredere.<\/li>\n<\/ul>\n<p style=\"text-align: center;\"><a class=\"border-button\" href=\"https:\/\/kshop5.com\/macTie\/\">(\u221250%) Direct de la produc\u0103tor!<\/a><\/p>\n<h2>Feedback de la utilizatori despre Neoveris<\/h2>\n<ol>\n<li><strong>Maria, 45 de ani (5 stele)<\/strong>: &#8222;De ani de zile am suferit de varice, iar durerea devenise insuportabil\u0103. Dup\u0103 ce am \u00eencercat Neoveris, am observat o \u00eembun\u0103t\u0103\u021bire semnificativ\u0103. Gelul se aplic\u0103 u\u0219or \u0219i nu las\u0103 urme pe piele. Dup\u0103 dou\u0103 s\u0103pt\u0103m\u00e2ni de utilizare, umfl\u0103turile s-au redus vizibil, iar durerea a disp\u0103rut.&#8221;<\/li>\n<li><strong>Ioana, 38 de ani (5 stele)<\/strong>: &#8222;Am fost sceptic\u0103 la \u00eenceput, dar Neoveris chiar func\u021bioneaz\u0103! Picioarele mele arat\u0103 mult mai bine, iar senza\u021bia de greutate a disp\u0103rut. \u00cel recomand tuturor celor care au probleme cu varicele.&#8221;<\/li>\n<li><strong>Adrian, 50 de ani (5 stele)<\/strong>: &#8222;Lucrez mult \u00een picioare \u0219i am \u00eenceput s\u0103 dezvolt varice. Am \u00eencercat Neoveris \u0219i sunt foarte mul\u021bumit de rezultat. Durerile au disp\u0103rut \u0219i nu mai simt oboseala aceea cronic\u0103 la sf\u00e2r\u0219itul zilei.&#8221;<\/li>\n<\/ol>\n<p>Neoveris este apreciat de utilizatori pentru eficien\u021ba sa rapid\u0103 \u0219i lipsa efectelor secundare, devenind o solu\u021bie de \u00eencredere pentru tratarea varicelor.<\/p>\n","protected":false},"excerpt":{"rendered":"<p style=\"text-align: center;\"><a class=\"border-button\" href=\"https:\/\/kshop5.com\/macTie\/\">Cump\u0103ra\u021bi<\/a><\/p>\n<p style=\"text-align: left;\">#prod. 768995<\/p>\n","protected":false},"featured_media":1037,"comment_status":"open","ping_status":"closed","template":"","meta":[],"product_brand":[],"product_cat":[15],"product_tag":[],"class_list":{"0":"post-73","1":"product","2":"type-product","3":"status-publish","4":"has-post-thumbnail","6":"product_cat-medic","8":"first","9":"instock","10":"sale","11":"shipping-taxable","12":"purchasable","13":"product-type-simple"},"aioseo_notices":[],"_links":{"self":[{"href":"https:\/\/clinicadomnitachiajna.ro\/medic\/wp-json\/wp\/v2\/product\/73","targetHints":{"allow":["GET"]}}],"collection":[{"href":"https:\/\/clinicadomnitachiajna.ro\/medic\/wp-json\/wp\/v2\/product"}],"about":[{"href":"https:\/\/clinicadomnitachiajna.ro\/medic\/wp-json\/wp\/v2\/types\/product"}],"replies":[{"embeddable":true,"href":"https:\/\/clinicadomnitachiajna.ro\/medic\/wp-json\/wp\/v2\/comments?post=73"}],"wp:featuredmedia":[{"embeddable":true,"href":"https:\/\/clinicadomnitachiajna.ro\/medic\/wp-json\/wp\/v2\/media\/1037"}],"wp:attachment":[{"href":"https:\/\/clinicadomnitachiajna.ro\/medic\/wp-json\/wp\/v2\/media?parent=73"}],"wp:term":[{"taxonomy":"product_brand","embeddable":true,"href":"https:\/\/clinicadomnitachiajna.ro\/medic\/wp-json\/wp\/v2\/product_brand?post=73"},{"taxonomy":"product_cat","embeddable":true,"href":"https:\/\/clinicadomnitachiajna.ro\/medic\/wp-json\/wp\/v2\/product_cat?post=73"},{"taxonomy":"product_tag","embeddable":true,"href":"https:\/\/clinicadomnitachiajna.ro\/medic\/wp-json\/wp\/v2\/product_tag?post=73"}],"curies":[{"name":"wp","href":"https:\/\/api.w.org\/{rel}","templated":true}]}}