{"id":523,"date":"2024-10-08T06:40:07","date_gmt":"2024-10-08T06:40:07","guid":{"rendered":"https:\/\/clinicadomnitachiajna.ro\/medic\/?post_type=product&#038;p=523"},"modified":"2025-04-07T08:32:54","modified_gmt":"2025-04-07T08:32:54","slug":"beauty-age-skin-peeling","status":"publish","type":"product","link":"https:\/\/clinicadomnitachiajna.ro\/medic\/product\/beauty-age-skin-peeling\/","title":{"rendered":"Beauty Age Skin Peeling"},"content":{"rendered":"<div class=\"flex max-w-full flex-col flex-grow\">\n<div class=\"min-h-8 text-message flex w-full flex-col items-end gap-2 whitespace-normal break-words [.text-message+&amp;]:mt-5\" dir=\"auto\" data-message-author-role=\"assistant\" data-message-id=\"7c0c9f05-15c0-4e4e-813b-6df5b5e2e8b2\">\n<div class=\"flex w-full flex-col gap-1 empty:hidden first:pt-[3px]\">\n<div class=\"markdown prose w-full break-words dark:prose-invert light\">\n<p>\u00cen era modern\u0103, frumuse\u021bea \u0219i \u00eengrijirea pielii au devenit priorit\u0103\u021bi esen\u021biale pentru multe femei. Beauty Age Skin Peeling este un produs revolu\u021bionar destinat rejuven\u0103rii pielii, care promite s\u0103 \u00eembun\u0103t\u0103\u021beasc\u0103 textura \u0219i aspectul acesteia. Acest peeling facial este disponibil sub form\u0103 de masc\u0103, \u00eentr-un tub de 30 ml, \u0219i vine ambalat \u00eentr-o cutie elegant\u0103, \u00eenso\u021bit\u0103 de o instruc\u021biune detaliat\u0103 de utilizare.<\/p>\n<p>Beauty Age Skin Peeling ac\u021bioneaz\u0103 prin eliminarea bl\u00e2nd\u0103 a celulelor moarte ale pielii, facilit\u00e2nd regenerarea \u0219i revitalizarea acesteia. Cu un folos constant, produsul nu doar c\u0103 face pielea mai neted\u0103 \u0219i mai str\u0103lucitoare, ci contribuie \u0219i la restabilirea culorii \u0219i fermit\u0103\u021bii naturale. Este un aliat de n\u0103dejde \u00een lupta \u00eempotriva semnelor \u00eemb\u0103tr\u00e2nirii premature, fiind o solu\u021bie eficient\u0103 pentru femeile care \u00ee\u0219i doresc un ten tineresc \u0219i radiant.<\/p>\n<h2>Compozi\u021bie Beauty Age Skin Peeling \u0219i efecte<\/h2>\n<p>Beauty Age Skin Peeling este formulat din ingrediente naturale, ceea ce \u00eel face sigur pentru utilizare pe toate tipurile de piele. Iat\u0103 c\u00e2teva dintre componentele cheie ale acestui produs:<\/p>\n<ul>\n<li><strong>Acid glicolic<\/strong>: Acesta ajut\u0103 la exfolierea pielii, stimul\u00e2nd regenerarea celular\u0103 \u0219i \u00eembun\u0103t\u0103\u021bind textura pielii.<\/li>\n<li><strong>Extract de aloe vera<\/strong>: Cunoscut pentru propriet\u0103\u021bile sale calmante \u0219i hidratante, aloe vera ajut\u0103 la reducerea irita\u021biei \u0219i men\u021bine pielea hidratat\u0103.<\/li>\n<li><strong>Vitamina C<\/strong>: Un antioxidant puternic care ajut\u0103 la iluminarea pielii \u0219i la uniformizarea tonului acesteia.<\/li>\n<li><strong>Uleiuri esen\u021biale<\/strong>: Acestea contribuie la revitalizarea pielii \u0219i \u00eei confer\u0103 un parfum pl\u0103cut.<\/li>\n<\/ul>\n<p><strong>Efectele utiliz\u0103rii Beauty Age Skin Peeling<\/strong> includ:<\/p>\n<ul>\n<li>\u00cendep\u0103rtarea celulelor moarte \u0219i cur\u0103\u021barea profund\u0103 a porilor.<\/li>\n<li>\u00cembun\u0103t\u0103\u021birea elasticit\u0103\u021bii \u0219i fermit\u0103\u021bii pielii.<\/li>\n<li>Reducerea vizibilit\u0103\u021bii ridurilor fine \u0219i a liniilor de expresie.<\/li>\n<li>Restabilirea unui aspect s\u0103n\u0103tos \u0219i radiant al tenului.<\/li>\n<\/ul>\n<h2>Efecte secundare \u0219i contraindica\u021bii<\/h2>\n<p>Beauty Age Skin Peeling este un produs natural, iar riscurile de efecte secundare sunt minime. Cu toate acestea, este important s\u0103 lua\u021bi \u00een considerare anumite contraindica\u021bii:<\/p>\n<p><strong>Contraindica\u021bii<\/strong>:<\/p>\n<ul>\n<li>Alergii la unul dintre ingredientele produsului.<\/li>\n<li>Piele foarte sensibil\u0103 sau iritat\u0103.<\/li>\n<li>Afec\u021biuni dermatologice severe (ex. eczema, psoriazis).<\/li>\n<li>Sarcin\u0103 sau al\u0103ptare (se recomand\u0103 consultarea medicului \u00eenainte de utilizare).<\/li>\n<\/ul>\n<p>Dac\u0103 observa\u021bi vreo reac\u021bie advers\u0103, este recomandat s\u0103 \u00eentrerupe\u021bi utilizarea \u0219i s\u0103 consulta\u021bi un specialist.<\/p>\n<p style=\"text-align: center;\"><a class=\"border-button\" href=\"https:\/\/kshop11.com\/0Rf9iz\/\">www.beauty-age-skin-peeling.ro<\/a><\/p>\n<h2>Instruc\u021biuni de utilizare Beauty Age Skin Peeling, recomand\u0103ri generale<\/h2>\n<p>Pentru a ob\u021bine cele mai bune rezultate cu Beauty Age Skin Peeling, urma\u021bi cu stricte\u021be instruc\u021biunile de utilizare. Iat\u0103 pa\u0219ii recomandati:<\/p>\n<ol>\n<li><strong>Cur\u0103\u021barea fe\u021bei<\/strong>: Sp\u0103la\u021bi-v\u0103 fa\u021ba cu un gel de cur\u0103\u021bare delicat pentru a \u00eendep\u0103rta impurit\u0103\u021bile.<\/li>\n<li><strong>Aplicarea produsului<\/strong>: Aplica\u021bi o cantitate generoas\u0103 de Beauty Age Skin Peeling pe fa\u021b\u0103, evit\u00e2nd zona ochilor.<\/li>\n<li><strong>Masa\u021bi u\u0219or<\/strong>: Masa\u021bi delicat produsul pe piele cu mi\u0219c\u0103ri circulare timp de 2-3 minute pentru a ajuta la exfolierea eficient\u0103.<\/li>\n<li><strong>L\u0103sa\u021bi s\u0103 ac\u021bioneze<\/strong>: L\u0103sa\u021bi produsul s\u0103 ac\u021bioneze timp de 10-15 minute, timp \u00een care ingredientele active \u00ee\u0219i vor face efectul.<\/li>\n<li><strong>Cl\u0103tirea<\/strong>: Cl\u0103ti\u021bi cu ap\u0103 c\u0103ldu\u021b\u0103 \u0219i usca\u021bi fa\u021ba cu un prosop curat.<\/li>\n<\/ol>\n<h3>Recomand\u0103ri generale<\/h3>\n<ul>\n<li>Utiliza\u021bi Beauty Age Skin Peeling o dat\u0103 pe s\u0103pt\u0103m\u00e2n\u0103 pentru a men\u021bine o piele s\u0103n\u0103toas\u0103 \u0219i revitalizat\u0103.<\/li>\n<li>Aplica\u021bi \u00eentotdeauna un hidratant dup\u0103 utilizarea peelingului pentru a preveni uscarea pielii.<\/li>\n<li>Proteja\u021bi-v\u0103 pielea de soare prin aplicarea unui produs cu factor de protec\u021bie solar\u0103, mai ales dup\u0103 utilizarea peelingului, deoarece pielea poate fi mai sensibil\u0103 la razele UV.<\/li>\n<\/ul>\n<p>Beauty Age Skin Peeling reprezint\u0103 o solu\u021bie eficient\u0103 \u0219i natural\u0103 pentru femeile care doresc s\u0103 \u00eembun\u0103t\u0103\u021beasc\u0103 aspectul pielii lor. Cu o formul\u0103 bl\u00e2nd\u0103 \u0219i eficient\u0103, acest produs ajut\u0103 la exfolierea pielii, stimul\u00e2nd regenerarea celular\u0103 \u0219i conferind un aspect s\u0103n\u0103tos \u0219i str\u0103lucitor. Prin utilizarea regulat\u0103 a acestuia, ve\u021bi observa o \u00eembun\u0103t\u0103\u021bire a texturii pielii, reducerea ridurilor fine \u0219i o revitalizare general\u0103 a tenului.<\/p>\n<p>Indiferent de tipul de piele, Beauty Age Skin Peeling este o alegere excelent\u0103 pentru oricine dore\u0219te s\u0103 \u00eemb\u0103tr\u00e2neasc\u0103 frumos \u0219i s\u0103 se simt\u0103 bine \u00een propria piele. Asigura\u021bi-v\u0103 c\u0103 urma\u021bi instruc\u021biunile de utilizare \u0219i consulta\u021bi un specialist dac\u0103 ave\u021bi nel\u0103muriri legate de utilizarea acestui produs.<\/p>\n<\/div>\n<\/div>\n<\/div>\n<\/div>\n<div class=\"mb-2 flex gap-3 empty:hidden -ml-2\">\n<div class=\"items-center justify-start rounded-xl p-1 flex\">\n<div class=\"flex items-center\">\n<div class=\"flex max-w-full flex-col flex-grow\">\n<div class=\"min-h-8 text-message flex w-full flex-col items-end gap-2 whitespace-normal break-words [.text-message+&amp;]:mt-5\" dir=\"auto\" data-message-author-role=\"assistant\" data-message-id=\"777304bc-1bb5-4942-bba2-f6b2e11f14c3\">\n<div class=\"flex w-full flex-col gap-1 empty:hidden first:pt-[3px]\">\n<div class=\"markdown prose w-full break-words dark:prose-invert light\">\n<h2>De unde s\u0103 cump\u0103ra\u021bi Beauty Age Skin Peeling, care este pre\u021bul<\/h2>\n<p>Pentru a achizi\u021biona Beauty Age Skin Peeling, procesul este extrem de simplu \u0219i convenabil. Tot ce trebuie s\u0103 face\u021bi este s\u0103 completa\u021bi un formular de comand\u0103 disponibil pe site-ul oficial al produsului. Dup\u0103 ce a\u021bi trimis formularul, ve\u021bi fi contactat de un specialist care va confirma comanda dumneavoastr\u0103. Apoi, nu trebuie dec\u00e2t s\u0103 a\u0219tepta\u021bi livrarea produsului direct la u\u0219a dumneavoastr\u0103.<\/p>\n<p>Un alt avantaj al achizi\u021biei este c\u0103 ave\u021bi posibilitatea de a pl\u0103ti produsul la livrare, elimin\u00e2nd astfel orice riscuri. Aceasta \u00eenseamn\u0103 c\u0103 pute\u021bi verifica produsul \u00eenainte de a efectua plata, asigur\u00e2ndu-v\u0103 c\u0103 primi\u021bi exact ceea ce a\u021bi comandat. Astfel, procesul de achizi\u021bie este sigur \u0219i f\u0103r\u0103 stres, ceea ce \u00eel face accesibil pentru toat\u0103 lumea.<\/p>\n<h2>Recenzii reale, forum<\/h2>\n<p>Pe forumuri \u0219i platforme de recenzii, Beauty Age Skin Peeling a primit numeroase aprecieri din partea utilizatorilor. Majoritatea recenziilor sunt pozitive, iar clien\u021bii subliniaz\u0103 eficien\u021ba \u0219i rezultatele vizibile ale produsului. Printre avantajele men\u021bionate de consumatori se num\u0103r\u0103:<\/p>\n<ul>\n<li><strong>Eficien\u021ba rapid\u0103<\/strong>: Mul\u021bi utilizatori au observat \u00eembun\u0103t\u0103\u021biri semnificative ale texturii pielii dup\u0103 c\u00e2teva utiliz\u0103ri, ceea ce le-a crescut \u00eencrederea \u00een sine.<\/li>\n<li><strong>Textur\u0103 pl\u0103cut\u0103<\/strong>: Consisten\u021ba u\u0219oar\u0103 \u0219i absorb\u021bia rapid\u0103 a produsului sunt adesea apreciate, ceea ce \u00eel face u\u0219or de integrat \u00een rutina zilnic\u0103 de \u00eengrijire a pielii.<\/li>\n<li><strong>F\u0103r\u0103 irita\u021bii<\/strong>: Multe femei au men\u021bionat c\u0103, spre deosebire de alte produse de peeling, Beauty Age Skin Peeling nu cauzeaz\u0103 irita\u021bii, chiar \u0219i \u00een cazul pielii sensibile.<\/li>\n<\/ul>\n<p>Aceste feedbackuri pozitive sugereaz\u0103 c\u0103 Beauty Age Skin Peeling este un produs de \u00eencredere, care reu\u0219e\u0219te s\u0103 \u00eendeplineasc\u0103 promisiunile f\u0103cute de produc\u0103tor.<\/p>\n<p style=\"text-align: center;\"><a class=\"border-button\" href=\"https:\/\/kshop11.com\/0Rf9iz\/\">(\u221250%) Direct de la produc\u0103tor!<\/a><\/p>\n<h2>Feedback de la utilizatori despre Beauty Age Skin Peeling<\/h2>\n<p>Iat\u0103 c\u00e2teva recenzii reale din partea utilizatorilor care au testat Beauty Age Skin Peeling:<\/p>\n<ol>\n<li><strong>Andreea M. (5 stele)<\/strong>: &#8222;Am \u00eenceput s\u0103 folosesc Beauty Age Skin Peeling acum o lun\u0103 \u0219i sunt absolut \u00eenc\u00e2ntat\u0103 de rezultate! Pielea mea este mult mai fin\u0103, iar ridurile fine s-au redus vizibil. Recomand cu c\u0103ldur\u0103 acest produs tuturor celor care vor s\u0103 \u00eembun\u0103t\u0103\u021beasc\u0103 aspectul pielii!&#8221;<\/li>\n<li><strong>Elena D. (4 stele)<\/strong>: &#8222;\u00cemi place foarte mult cum se simte pielea mea dup\u0103 utilizare. Am avut o problem\u0103 cu tenul uscat, dar dup\u0103 c\u00e2teva aplic\u0103ri, am observat c\u0103 este mult mai hidratat \u0219i luminos. Singurul motiv pentru care nu ofer 5 stele este c\u0103 mi-ar pl\u0103cea s\u0103 aib\u0103 un miros mai pl\u0103cut.&#8221;<\/li>\n<li><strong>Maria T. (5 stele)<\/strong>: &#8222;Beauty Age Skin Peeling este cu adev\u0103rat un salvator! Am avut o perioad\u0103 dificil\u0103 cu acneea \u0219i am folosit multe produse, dar acesta este singurul care m-a ajutat cu adev\u0103rat s\u0103-mi cur\u0103\u021b tenul. Pielea mea arat\u0103 mai s\u0103n\u0103toas\u0103 \u0219i mai t\u00e2n\u0103r\u0103. \u00cel voi comanda din nou!&#8221;<\/li>\n<\/ol>\n<p>Aceste recenzii reflect\u0103 experien\u021bele pozitive ale utilizatorilor, ceea ce sugereaz\u0103 c\u0103 Beauty Age Skin Peeling este o alegere excelent\u0103 pentru oricine \u00ee\u0219i dore\u0219te o piele mai frumoas\u0103 \u0219i mai t\u00e2n\u0103r\u0103. Dac\u0103 sunte\u021bi \u00een c\u0103utarea unei solu\u021bii eficiente pentru rejuvenarea pielii, acest produs merit\u0103 cu siguran\u021b\u0103 s\u0103 fie \u00eencercat.<\/p>\n<\/div>\n<\/div>\n<\/div>\n<\/div>\n<\/div>\n<\/div>\n<\/div>\n","protected":false},"excerpt":{"rendered":"<p style=\"text-align: center;\"><a class=\"border-button\" href=\"https:\/\/kshop11.com\/0Rf9iz\/\">Cump\u0103ra\u021bi<\/a><\/p>\n<p style=\"text-align: left;\">#prod. 76899167<\/p>\n","protected":false},"featured_media":524,"comment_status":"open","ping_status":"closed","template":"","meta":[],"product_brand":[],"product_cat":[15],"product_tag":[],"class_list":{"0":"post-523","1":"product","2":"type-product","3":"status-publish","4":"has-post-thumbnail","6":"product_cat-medic","8":"first","9":"instock","10":"sale","11":"shipping-taxable","12":"purchasable","13":"product-type-simple"},"aioseo_notices":[],"_links":{"self":[{"href":"https:\/\/clinicadomnitachiajna.ro\/medic\/wp-json\/wp\/v2\/product\/523","targetHints":{"allow":["GET"]}}],"collection":[{"href":"https:\/\/clinicadomnitachiajna.ro\/medic\/wp-json\/wp\/v2\/product"}],"about":[{"href":"https:\/\/clinicadomnitachiajna.ro\/medic\/wp-json\/wp\/v2\/types\/product"}],"replies":[{"embeddable":true,"href":"https:\/\/clinicadomnitachiajna.ro\/medic\/wp-json\/wp\/v2\/comments?post=523"}],"wp:featuredmedia":[{"embeddable":true,"href":"https:\/\/clinicadomnitachiajna.ro\/medic\/wp-json\/wp\/v2\/media\/524"}],"wp:attachment":[{"href":"https:\/\/clinicadomnitachiajna.ro\/medic\/wp-json\/wp\/v2\/media?parent=523"}],"wp:term":[{"taxonomy":"product_brand","embeddable":true,"href":"https:\/\/clinicadomnitachiajna.ro\/medic\/wp-json\/wp\/v2\/product_brand?post=523"},{"taxonomy":"product_cat","embeddable":true,"href":"https:\/\/clinicadomnitachiajna.ro\/medic\/wp-json\/wp\/v2\/product_cat?post=523"},{"taxonomy":"product_tag","embeddable":true,"href":"https:\/\/clinicadomnitachiajna.ro\/medic\/wp-json\/wp\/v2\/product_tag?post=523"}],"curies":[{"name":"wp","href":"https:\/\/api.w.org\/{rel}","templated":true}]}}