{"id":490,"date":"2024-10-08T06:09:18","date_gmt":"2024-10-08T06:09:18","guid":{"rendered":"https:\/\/clinicadomnitachiajna.ro\/medic\/?post_type=product&#038;p=490"},"modified":"2025-04-07T08:44:19","modified_gmt":"2025-04-07T08:44:19","slug":"calminax","status":"publish","type":"product","link":"https:\/\/clinicadomnitachiajna.ro\/medic\/product\/calminax\/","title":{"rendered":"Calminax"},"content":{"rendered":"<p>\u00centr-o lume \u00een care problemele de auz devin din ce \u00een ce mai frecvente, g\u0103sirea unor solu\u021bii eficiente este esen\u021bial\u0103. Calminax este un supliment alimentar sub form\u0103 de capsule, destinat s\u0103 \u00eembun\u0103t\u0103\u021beasc\u0103 auzul \u0219i s\u0103 protejeze s\u0103n\u0103tatea urechilor. \u00cen aceast\u0103 recenzie, vom explora compozi\u021bia, efectele, contraindica\u021biile \u0219i instruc\u021biunile de utilizare ale acestui produs.<\/p>\n<h2>Prezentare general\u0103 Calminax<\/h2>\n<p>Calminax este un preparat inovator care vizeaz\u0103 persoanele ce se confrunt\u0103 cu diverse probleme auditive. Aceast\u0103 formul\u0103 natural\u0103 este destinat\u0103 at\u00e2t celor care doresc s\u0103 \u00eembun\u0103t\u0103\u021beasc\u0103 calitatea auzului, c\u00e2t \u0219i celor care doresc s\u0103 previn\u0103 deteriorarea acestuia. Cu o compozi\u021bie bazat\u0103 pe ingrediente naturale, Calminax promite s\u0103 ofere solu\u021bii eficiente \u0219i sigure pentru o gam\u0103 larg\u0103 de afec\u021biuni auditive.<\/p>\n<h3>Beneficiile utiliz\u0103rii Calminax<\/h3>\n<ul>\n<li><strong>\u00cembun\u0103t\u0103\u021birea auzului<\/strong>: Calminax ajut\u0103 la restabilirea clarit\u0103\u021bii sunetelor \u0219i la reducerea zgomotului de fond.<\/li>\n<li><strong>Protec\u021bia urechii interne<\/strong>: Ingredientele din compozi\u021bia sa contribuie la men\u021binerea s\u0103n\u0103t\u0103\u021bii urechii interne.<\/li>\n<li><strong>Reducerea oboselii auditive<\/strong>: Utilizatorii raporteaz\u0103 o sc\u0103dere a senza\u021biei de oboseal\u0103 auditiv\u0103 dup\u0103 utilizarea regulat\u0103 a acestui produs.<\/li>\n<\/ul>\n<h2>Compozi\u021bie Calminax \u0219i efecte<\/h2>\n<p>Calminax con\u021bine o combina\u021bie de ingrediente naturale, fiecare av\u00e2nd roluri specifice \u00een \u00eembun\u0103t\u0103\u021birea auzului:<\/p>\n<ol>\n<li><strong>Extract de Ginkgo Biloba<\/strong>: Contribuie la \u00eembun\u0103t\u0103\u021birea circula\u021biei sanguine la nivelul urechii interne, favoriz\u00e2nd astfel un auz mai bun.<\/li>\n<li><strong>Zinc<\/strong>: Este esen\u021bial pentru s\u0103n\u0103tatea auditiv\u0103, av\u00e2nd un rol important \u00een prevenirea degener\u0103rii celulelor auditive.<\/li>\n<li><strong>Vitamina B12<\/strong>: Ajut\u0103 la men\u021binerea s\u0103n\u0103t\u0103\u021bii neuronale \u0219i la prevenirea pierderilor auditive legate de v\u00e2rst\u0103.<\/li>\n<li><strong>Extract de Ulei de m\u0103sline<\/strong>: Protejeaz\u0103 urechile de inflama\u021bii \u0219i contribuie la hidratarea acestora.<\/li>\n<\/ol>\n<h3>Efectele Calminax<\/h3>\n<p>Utilizarea regulat\u0103 a Calminax poate avea urm\u0103toarele efecte benefice:<\/p>\n<ul>\n<li><strong>Restaurarea clarit\u0103\u021bii auditive<\/strong>: Multe persoane observ\u0103 o \u00eembun\u0103t\u0103\u021bire semnificativ\u0103 a calit\u0103\u021bii auzului dup\u0103 utilizarea acestui preparat.<\/li>\n<li><strong>Reducerea infec\u021biilor urechii<\/strong>: Datorit\u0103 propriet\u0103\u021bilor sale antiinflamatorii, Calminax poate ajuta la prevenirea infec\u021biilor urechii.<\/li>\n<li><strong>Sus\u021binerea s\u0103n\u0103t\u0103\u021bii generale<\/strong>: Ingredientele naturale contribuie la \u00eent\u0103rirea sistemului imunitar, oferind un suport general organismului.<\/li>\n<\/ul>\n<h2>Efecte secundare \u0219i contraindica\u021bii<\/h2>\n<p>Calminax este un produs natural, ceea ce \u00eenseamn\u0103 c\u0103 riscurile asociate utiliz\u0103rii sale sunt minime. Totu\u0219i, este important s\u0103 cunoa\u0219te\u021bi \u0219i contraindica\u021biile:<\/p>\n<h3>Contraindica\u021bii<\/h3>\n<ul>\n<li><strong>Alergie la oricare dintre ingredientele produsului<\/strong>: Persoanele cu alergii cunoscute la Ginkgo Biloba, zinc, vitamina B12 sau ulei de m\u0103sline ar trebui s\u0103 evite utilizarea.<\/li>\n<li><strong>Sarcin\u0103 \u0219i al\u0103ptare<\/strong>: Femeile \u00eens\u0103rcinate sau care al\u0103pteaz\u0103 trebuie s\u0103 consulte un medic \u00eenainte de a utiliza Calminax.<\/li>\n<li><strong>Persoane cu afec\u021biuni grave ale ficatului<\/strong>: Este recomandat s\u0103 discuta\u021bi cu medicul \u00eenainte de a \u00eencepe tratamentul.<\/li>\n<\/ul>\n<p style=\"text-align: center;\"><a class=\"border-button\" href=\"https:\/\/price-low.eu\/a\/M1gOh6wnoskJvK\">www.calminax.ro<\/a><\/p>\n<h2>Instruc\u021biuni de utilizare Calminax, recomand\u0103ri generale<\/h2>\n<p>Pentru a beneficia la maximum de efectele Calminax, este important s\u0103 respecta\u021bi instruc\u021biunile de utilizare:<\/p>\n<h3>Mod de utilizare<\/h3>\n<ol>\n<li><strong>Dozare<\/strong>: Se recomand\u0103 administrarea a 1-2 capsule pe zi, \u00een func\u021bie de gravitatea problemei auditive.<\/li>\n<li><strong>Perioada de utilizare<\/strong>: Este indicat s\u0103 folosi\u021bi Calminax timp de cel pu\u021bin 30 de zile pentru a observa efectele pozitive.<\/li>\n<li><strong>Consumul cu ap\u0103<\/strong>: Capsule trebuie ingerate cu un pahar de ap\u0103 pentru o absorb\u021bie optim\u0103.<\/li>\n<\/ol>\n<h3>Recomand\u0103ri generale<\/h3>\n<ul>\n<li><strong>Consultarea medicului<\/strong>: \u00cenainte de a \u00eencepe orice tratament, este recomandat s\u0103 discuta\u021bi cu un medic specialist, mai ales dac\u0103 ave\u021bi alte afec\u021biuni medicale.<\/li>\n<li><strong>Stil de via\u021b\u0103 s\u0103n\u0103tos<\/strong>: Adoptarea unei diete echilibrate \u0219i a unui stil de via\u021b\u0103 activ poate sprijini efectele Calminax.<\/li>\n<li><strong>Evitarea zgomotului puternic<\/strong>: Protejarea urechilor de expunerea la zgomote excesive poate contribui la men\u021binerea s\u0103n\u0103t\u0103\u021bii auditive.<\/li>\n<\/ul>\n<p>Calminax se dovede\u0219te a fi o solu\u021bie promi\u021b\u0103toare pentru cei care doresc s\u0103 \u00eembun\u0103t\u0103\u021beasc\u0103 s\u0103n\u0103tatea auditiv\u0103. Cu o formul\u0103 natural\u0103 \u0219i efecte benefice bine documentate, acest preparat poate deveni un aliat valoros \u00een men\u021binerea unui auz s\u0103n\u0103tos. Asigura\u021bi-v\u0103 c\u0103 urma\u021bi instruc\u021biunile de utilizare \u0219i consulta\u021bi un specialist \u00een cazul unor \u00eendoieli.<\/p>\n<h2>De unde s\u0103 cump\u0103ra\u021bi Calminax, care este pre\u021bul<\/h2>\n<p>Achizi\u021bionarea Calminax este un proces simplu \u0219i convenabil. Produsul este disponibil exclusiv online, ceea ce \u00eenseamn\u0103 c\u0103 \u00eel pute\u021bi comanda din confortul propriei case. Tot ce trebuie s\u0103 face\u021bi este s\u0103 completa\u021bi un formular de comand\u0103 pe site-ul oficial. Dup\u0103 ce a\u021bi trimis formularul, ve\u021bi fi contactat de un specialist care v\u0103 va confirma comanda.<\/p>\n<p>Dup\u0103 confirmare, produsul va fi livrat direct la adresa dumneavoastr\u0103. Un alt avantaj al acestui sistem este c\u0103 pute\u021bi pl\u0103ti pentru Calminax la livrare, elimin\u00e2nd astfel orice riscuri asociate cu plata online. Aceasta este o modalitate sigur\u0103 \u0219i eficient\u0103 de a ob\u021bine un produs care promite s\u0103 \u00eembun\u0103t\u0103\u021beasc\u0103 auzul.<\/p>\n<h2>Recenzii reale, forum<\/h2>\n<p>Cump\u0103r\u0103torii care au folosit Calminax \u00eemp\u0103rt\u0103\u0219esc adesea experien\u021bele lor pe forumuri \u0219i platforme de recenzii. Majoritatea feedback-ului este pozitiv, iar utilizatorii men\u021bioneaz\u0103 mai multe beneficii semnificative pe care le-au observat \u00een urma utiliz\u0103rii acestui preparat.<\/p>\n<h3>Punctele forte ale Calminax, conform utilizatorilor:<\/h3>\n<ol>\n<li><strong>Eficien\u021b\u0103 rapid\u0103<\/strong>: Mul\u021bi utilizatori au raportat c\u0103 au observat o \u00eembun\u0103t\u0103\u021bire a auzului \u00een primele s\u0103pt\u0103m\u00e2ni de utilizare.<\/li>\n<li><strong>Formul\u0103 natural\u0103<\/strong>: Cump\u0103r\u0103torii apreciaz\u0103 faptul c\u0103 Calminax este realizat din ingrediente naturale, ceea ce \u00eel face mai sigur \u00een compara\u021bie cu alte produse de pe pia\u021b\u0103.<\/li>\n<li><strong>\u00cembun\u0103t\u0103\u021birea calit\u0103\u021bii vie\u021bii<\/strong>: Utilizatorii au men\u021bionat c\u0103, datorit\u0103 \u00eembun\u0103t\u0103\u021birii auzului, au reu\u0219it s\u0103 se bucure mai mult de activit\u0103\u021bile sociale \u0219i de comunicarea cu cei dragi.<\/li>\n<\/ol>\n<h2>Feedback de la utilizatori despre Calminax<\/h2>\n<h3>Maria T. \u2013 \u2b50\u2b50\u2b50\u2b50\u2b50<\/h3>\n<p>\u201eAm \u00eenceput s\u0103 folosesc Calminax acum o lun\u0103 \u0219i sunt foarte mul\u021bumit\u0103! Au fost momente c\u00e2nd nu auzeam bine, dar acum totul este clar. Recomand cu c\u0103ldur\u0103!\u201d<\/p>\n<h3>Ion P. \u2013 \u2b50\u2b50\u2b50\u2b50\u2b50<\/h3>\n<p>\u201eUn produs excelent! Am observat o diferen\u021b\u0103 semnificativ\u0103 \u00een calitatea auzului meu dup\u0103 doar c\u00e2teva s\u0103pt\u0103m\u00e2ni. \u00cemi place c\u0103 este natural \u0219i nu am avut efecte secundare. \u00cel voi recomanda \u0219i prietenilor mei!\u201d<\/p>\n<h3>Ana M. \u2013 \u2b50\u2b50\u2b50\u2b50\u2b50<\/h3>\n<p>\u201eCalminax mi-a schimbat via\u021ba! Dup\u0103 ani de probleme auditive, am g\u0103sit \u00een sf\u00e2r\u0219it o solu\u021bie care func\u021bioneaz\u0103. \u00cen plus, procesul de comand\u0103 a fost simplu \u0219i rapid. Foarte mul\u021bumit\u0103!\u201d<\/p>\n<p style=\"text-align: center;\"><a class=\"border-button\" href=\"https:\/\/price-low.eu\/a\/M1gOh6wnoskJvK\">(\u221250%) Direct de la produc\u0103tor!<\/a><\/p>\n<p>Calminax este un preparat inovator \u0219i eficient pentru \u00eembun\u0103t\u0103\u021birea s\u0103n\u0103t\u0103\u021bii auditive. Cu o formul\u0103 natural\u0103, un proces de comand\u0103 simplu \u0219i recenzii pozitive din partea utilizatorilor, acest supliment se dovede\u0219te a fi o alegere excelent\u0103 pentru oricine caut\u0103 s\u0103-\u0219i \u00eembun\u0103t\u0103\u021beasc\u0103 auzul. Dac\u0103 sunte\u021bi \u00een c\u0103utarea unei solu\u021bii sigure \u0219i eficiente, Calminax merit\u0103 s\u0103 fie luat \u00een considerare.<\/p>\n","protected":false},"excerpt":{"rendered":"<p style=\"text-align: center;\"><a class=\"border-button\" href=\"https:\/\/price-low.eu\/a\/M1gOh6wnoskJvK\">Cump\u0103ra\u021bi<\/a><\/p>\n<p style=\"text-align: left;\">#prod. 76899154<\/p>\n","protected":false},"featured_media":491,"comment_status":"open","ping_status":"closed","template":"","meta":[],"product_brand":[],"product_cat":[15],"product_tag":[],"class_list":{"0":"post-490","1":"product","2":"type-product","3":"status-publish","4":"has-post-thumbnail","6":"product_cat-medic","8":"first","9":"instock","10":"sale","11":"shipping-taxable","12":"purchasable","13":"product-type-simple"},"aioseo_notices":[],"_links":{"self":[{"href":"https:\/\/clinicadomnitachiajna.ro\/medic\/wp-json\/wp\/v2\/product\/490","targetHints":{"allow":["GET"]}}],"collection":[{"href":"https:\/\/clinicadomnitachiajna.ro\/medic\/wp-json\/wp\/v2\/product"}],"about":[{"href":"https:\/\/clinicadomnitachiajna.ro\/medic\/wp-json\/wp\/v2\/types\/product"}],"replies":[{"embeddable":true,"href":"https:\/\/clinicadomnitachiajna.ro\/medic\/wp-json\/wp\/v2\/comments?post=490"}],"wp:featuredmedia":[{"embeddable":true,"href":"https:\/\/clinicadomnitachiajna.ro\/medic\/wp-json\/wp\/v2\/media\/491"}],"wp:attachment":[{"href":"https:\/\/clinicadomnitachiajna.ro\/medic\/wp-json\/wp\/v2\/media?parent=490"}],"wp:term":[{"taxonomy":"product_brand","embeddable":true,"href":"https:\/\/clinicadomnitachiajna.ro\/medic\/wp-json\/wp\/v2\/product_brand?post=490"},{"taxonomy":"product_cat","embeddable":true,"href":"https:\/\/clinicadomnitachiajna.ro\/medic\/wp-json\/wp\/v2\/product_cat?post=490"},{"taxonomy":"product_tag","embeddable":true,"href":"https:\/\/clinicadomnitachiajna.ro\/medic\/wp-json\/wp\/v2\/product_tag?post=490"}],"curies":[{"name":"wp","href":"https:\/\/api.w.org\/{rel}","templated":true}]}}