{"id":482,"date":"2024-10-07T14:11:03","date_gmt":"2024-10-07T14:11:03","guid":{"rendered":"https:\/\/clinicadomnitachiajna.ro\/medic\/?post_type=product&#038;p=482"},"modified":"2025-04-07T08:44:45","modified_gmt":"2025-04-07T08:44:45","slug":"audiovico","status":"publish","type":"product","link":"https:\/\/clinicadomnitachiajna.ro\/medic\/product\/audiovico\/","title":{"rendered":"Audiovico"},"content":{"rendered":"<p>Audiovico este un supliment alimentar inovator, conceput special pentru a \u00eembun\u0103t\u0103\u021bi auzul \u0219i a sus\u021bine s\u0103n\u0103tatea auditiv\u0103. \u00centr-o lume \u00een care expunerea la zgomote puternice \u0219i poluarea sonor\u0103 devin din ce \u00een ce mai frecvente, mul\u021bi oameni se confrunt\u0103 cu probleme auditive. Audiovico vine \u00een ajutorul celor care doresc s\u0103 \u00eembun\u0103t\u0103\u021beasc\u0103 calitatea auzului \u0219i s\u0103 previn\u0103 deteriorarea acestuia. Aceste capsule sunt formulate din ingrediente naturale, av\u00e2nd scopul de a sprijini func\u021bionarea optim\u0103 a sistemului auditiv.<\/p>\n<h2>Compozi\u021bie Audiovico \u0219i efecte<\/h2>\n<p>Compozi\u021bia Audiovico include o selec\u021bie atent\u0103 de ingrediente naturale, care colaboreaz\u0103 sinergic pentru a oferi rezultate notabile. Printre principalele componente se num\u0103r\u0103:<\/p>\n<ul>\n<li><strong>Extract de ginkgo biloba<\/strong>: Aceast\u0103 plant\u0103 este cunoscut\u0103 pentru propriet\u0103\u021bile sale antioxidante \u0219i capacitatea de a \u00eembun\u0103t\u0103\u021bi circula\u021bia sanguin\u0103, inclusiv la nivelul urechilor. Ginkgo biloba contribuie la oxigenarea celulelor auditive \u0219i la regenerarea acestora.<\/li>\n<li><strong>Zinc<\/strong>: Este un mineral esen\u021bial pentru s\u0103n\u0103tatea auditiv\u0103. Zincul joac\u0103 un rol crucial \u00een func\u021bionarea celulelor senzoriale din urechea intern\u0103, ajut\u00e2nd la prevenirea pierderii auzului.<\/li>\n<li><strong>Vitamina B12<\/strong>: Aceast\u0103 vitamin\u0103 este esen\u021bial\u0103 pentru s\u0103n\u0103tatea sistemului nervos. Un nivel adecvat de vitamina B12 contribuie la men\u021binerea unei comunic\u0103ri eficiente \u00eentre neuronii din ureche, sprijinind astfel auzul.<\/li>\n<li><strong>Ulei de pe\u0219te<\/strong>: Bogat \u00een acizi gra\u0219i omega-3, uleiul de pe\u0219te ajut\u0103 la reducerea inflama\u021biei \u0219i la sus\u021binerea s\u0103n\u0103t\u0103\u021bii generale a organismului, inclusiv a urechilor.<\/li>\n<\/ul>\n<p>Efectele pozitive ale utiliz\u0103rii Audiovico includ:<\/p>\n<ol>\n<li><strong>\u00cembun\u0103t\u0103\u021birea auzului<\/strong>: Utilizatorii au raportat o claritate mai bun\u0103 a sunetului \u0219i o capacitate crescut\u0103 de a percepe frecven\u021be mai \u00eenalte.<\/li>\n<li><strong>Protec\u021bia \u00eempotriva deterior\u0103rii auditive<\/strong>: Ingredientele active ajut\u0103 la prevenirea daunei oxidative \u0219i a inflama\u021biei, reduc\u00e2nd riscul de pierdere a auzului.<\/li>\n<li><strong>Sprijin pentru s\u0103n\u0103tatea mental\u0103<\/strong>: O capacitate auditiv\u0103 mai bun\u0103 contribuie la o calitate mai bun\u0103 a vie\u021bii, reduc\u00e2nd stresul \u0219i anxietatea asociate cu dificult\u0103\u021bile auditive.<\/li>\n<\/ol>\n<h2>Efecte secundare \u0219i contraindica\u021bii<\/h2>\n<p>Audiovico este un produs natural, iar riscurile asociate utiliz\u0103rii acestuia sunt minime. Cu toate acestea, este important s\u0103 fie con\u0219tien\u021bi de posibilele contraindica\u021bii. Persoanele care sufer\u0103 de urm\u0103toarele afec\u021biuni ar trebui s\u0103 consulte un medic \u00eenainte de a \u00eencepe tratamentul:<\/p>\n<ul>\n<li>Alergii la oricare dintre ingredientele din compozi\u021bia Audiovico<\/li>\n<li>Afec\u021biuni severe ale ficatului sau rinichilor<\/li>\n<li>Sarcina \u0219i al\u0103ptarea<\/li>\n<li>Persoane care urmeaz\u0103 tratamente pentru afec\u021biuni cronice<\/li>\n<\/ul>\n<p>De asemenea, este recomandat s\u0103 nu dep\u0103\u0219i\u021bi doza zilnic\u0103 recomandat\u0103 pentru a evita orice efecte adverse.<\/p>\n<p style=\"text-align: center;\"><a class=\"border-button\" href=\"https:\/\/price-low.eu\/a\/M1gOh6wnoskJvK\">www.audiovico.ro<\/a><\/p>\n<h2>Instruc\u021biuni de utilizare Audiovico, recomand\u0103ri generale<\/h2>\n<p>Pentru a beneficia la maximum de efectele Audiovico, este esen\u021bial s\u0103 urma\u021bi instruc\u021biunile de utilizare:<\/p>\n<ol>\n<li><strong>Administrare<\/strong>: Se recomand\u0103 consumul a dou\u0103 capsule pe zi, una diminea\u021ba \u0219i una seara, preferabil \u00eenainte de mese. Este important s\u0103 le \u00eenghi\u021bi\u021bi cu un pahar de ap\u0103 pentru a facilita absorb\u021bia ingredientelor active.<\/li>\n<li><strong>Durata tratamentului<\/strong>: Audiovico poate fi utilizat pe o perioad\u0103 de minimum 3 luni pentru a observa efectele benefice. Continuarea utiliz\u0103rii poate contribui la men\u021binerea s\u0103n\u0103t\u0103\u021bii auditive pe termen lung.<\/li>\n<li><strong>Stil de via\u021b\u0103 s\u0103n\u0103tos<\/strong>: Pentru rezultate optime, este important s\u0103 adopta\u021bi un stil de via\u021b\u0103 s\u0103n\u0103tos. Include\u021bi \u00een dieta zilnic\u0103 alimente bogate \u00een vitamine \u0219i minerale, reduce\u021bi expunerea la zgomote puternice \u0219i evita\u021bi consumul excesiv de alcool \u0219i tutun.<\/li>\n<li><strong>Consult medical<\/strong>: \u00cen cazul \u00een care experimenta\u021bi dificult\u0103\u021bi auditive persistente, este esen\u021bial s\u0103 consulta\u021bi un specialist. Audiovico este un supliment care sprijin\u0103 s\u0103n\u0103tatea auditiv\u0103, dar nu \u00eenlocuie\u0219te tratamentele medicale adecvate.<\/li>\n<\/ol>\n<p>Audiovico se prezint\u0103 ca o solu\u021bie eficient\u0103 \u0219i natural\u0103 pentru \u00eembun\u0103t\u0103\u021birea auzului. Combin\u00e2nd ingrediente cu propriet\u0103\u021bi dovedite, acest supliment ofer\u0103 suport nu doar pentru s\u0103n\u0103tatea auditiv\u0103, ci \u0219i pentru starea general\u0103 de bine. Prin respectarea instruc\u021biunilor de utilizare \u0219i adoptarea unui stil de via\u021b\u0103 s\u0103n\u0103tos, utilizatorii pot beneficia de efectele pozitive ale Audiovico \u0219i pot contribui la men\u021binerea unui auz s\u0103n\u0103tos pe termen lung.<\/p>\n<h2>De unde s\u0103 cump\u0103ra\u021bi Audiovico, care este pre\u021bul<\/h2>\n<p>Cump\u0103rarea Audiovico este un proces simplu \u0219i convenabil. Tot ce trebuie s\u0103 face\u021bi este s\u0103 completa\u021bi un formular de comand\u0103 disponibil pe site-ul oficial. Dup\u0103 trimiterea formularului, ve\u021bi fi contactat de un specialist care va confirma comanda. Apoi, nu va trebui dec\u00e2t s\u0103 a\u0219tepta\u021bi livrarea produsului la u\u0219a dumneavoastr\u0103. Un alt avantaj este c\u0103 pute\u021bi pl\u0103ti produsul la livrare, elimin\u00e2nd riscurile asociate cu plata anticipat\u0103. Aceast\u0103 modalitate de achizi\u021bie ofer\u0103 utilizatorilor un sentiment de siguran\u021b\u0103 \u0219i confort.<\/p>\n<h2>Recenzii reale, forum<\/h2>\n<p>Feedback-ul utilizatorilor despre Audiovico este majoritar pozitiv. Multe recenzii subliniaz\u0103 eficien\u021ba produsului \u00een \u00eembun\u0103t\u0103\u021birea auzului \u0219i a calit\u0103\u021bii vie\u021bii. Printre avantajele men\u021bionate de consumatori se num\u0103r\u0103:<\/p>\n<ul>\n<li><strong>Efecte rapide<\/strong>: Mul\u021bi utilizatori au observat \u00eembun\u0103t\u0103\u021biri semnificative \u00een auz \u00een termen de c\u00e2teva s\u0103pt\u0103m\u00e2ni de la \u00eenceputul tratamentului.<\/li>\n<li><strong>Ingrediente naturale<\/strong>: Consumatorii apreciaz\u0103 faptul c\u0103 Audiovico este un produs natural, f\u0103r\u0103 chimicale d\u0103un\u0103toare.<\/li>\n<li><strong>U\u0219urin\u021ba \u00een utilizare<\/strong>: Majoritatea utilizatorilor consider\u0103 c\u0103 administrarea capsulelor este simpl\u0103 \u0219i convenabil\u0103.<\/li>\n<\/ul>\n<p>Aceste aspecte au dus la o popularitate crescut\u0103 a produsului pe forumuri, unde utilizatorii \u00ee\u0219i \u00eemp\u0103rt\u0103\u0219esc experien\u021bele pozitive.<\/p>\n<h2>Feedback de la utilizatori despre Audiovico<\/h2>\n<p>Iat\u0103 trei recenzii de la utilizatori:<\/p>\n<ol>\n<li><strong>Maria P. &#8211; \u2605\u2605\u2605\u2605\u2605<\/strong> &#8222;Am \u00eenceput s\u0103 folosesc Audiovico acum o lun\u0103 \u0219i pot spune c\u0103 auzul meu s-a \u00eembun\u0103t\u0103\u021bit semnificativ. Pot auzi sunetele subtile pe care le ignoram \u00eenainte. Recomand cu c\u0103ldur\u0103!&#8221;<\/li>\n<li><strong>Ion D. &#8211; \u2605\u2605\u2605\u2605\u2605<\/strong> &#8222;Sunt foarte mul\u021bumit de Audiovico! Dup\u0103 doar c\u00e2teva s\u0103pt\u0103m\u00e2ni, am observat o diferen\u021b\u0103 uria\u0219\u0103. Ingredientele naturale m\u0103 fac s\u0103 m\u0103 simt \u00een siguran\u021b\u0103, iar rezultatele vorbesc de la sine.&#8221;<\/li>\n<li><strong>Elena R. &#8211; \u2605\u2605\u2605\u2605\u2605<\/strong> &#8222;Audiovico a fost o alegere excelent\u0103 pentru mine. Am avut probleme cu auzul din cauza v\u00e2rstei, dar acum m\u0103 simt mult mai bine. \u00cel voi continua s\u0103 folosesc pentru a men\u021bine s\u0103n\u0103tatea auditiv\u0103!&#8221;<\/li>\n<\/ol>\n<p style=\"text-align: center;\"><a class=\"border-button\" href=\"https:\/\/price-low.eu\/a\/M1gOh6wnoskJvK\">(\u221250%) Direct de la produc\u0103tor!<\/a><\/p>\n<p>Audiovico se prezint\u0103 ca o solu\u021bie eficient\u0103 \u0219i natural\u0103 pentru \u00eembun\u0103t\u0103\u021birea auzului. Combin\u00e2nd ingrediente cu propriet\u0103\u021bi dovedite, acest supliment ofer\u0103 suport nu doar pentru s\u0103n\u0103tatea auditiv\u0103, ci \u0219i pentru starea general\u0103 de bine. Prin respectarea instruc\u021biunilor de utilizare \u0219i adoptarea unui stil de via\u021b\u0103 s\u0103n\u0103tos, utilizatorii pot beneficia de efectele pozitive ale Audiovico \u0219i pot contribui la men\u021binerea unui auz s\u0103n\u0103tos pe termen lung.<\/p>\n","protected":false},"excerpt":{"rendered":"<p style=\"text-align: center;\"><a class=\"border-button\" href=\"https:\/\/price-low.eu\/a\/M1gOh6wnoskJvK\">Cump\u0103ra\u021bi<\/a><\/p>\n<p style=\"text-align: left;\">#prod. 76899152<\/p>\n","protected":false},"featured_media":483,"comment_status":"open","ping_status":"closed","template":"","meta":[],"product_brand":[],"product_cat":[15],"product_tag":[],"class_list":{"0":"post-482","1":"product","2":"type-product","3":"status-publish","4":"has-post-thumbnail","6":"product_cat-medic","8":"first","9":"instock","10":"sale","11":"shipping-taxable","12":"purchasable","13":"product-type-simple"},"aioseo_notices":[],"_links":{"self":[{"href":"https:\/\/clinicadomnitachiajna.ro\/medic\/wp-json\/wp\/v2\/product\/482","targetHints":{"allow":["GET"]}}],"collection":[{"href":"https:\/\/clinicadomnitachiajna.ro\/medic\/wp-json\/wp\/v2\/product"}],"about":[{"href":"https:\/\/clinicadomnitachiajna.ro\/medic\/wp-json\/wp\/v2\/types\/product"}],"replies":[{"embeddable":true,"href":"https:\/\/clinicadomnitachiajna.ro\/medic\/wp-json\/wp\/v2\/comments?post=482"}],"wp:featuredmedia":[{"embeddable":true,"href":"https:\/\/clinicadomnitachiajna.ro\/medic\/wp-json\/wp\/v2\/media\/483"}],"wp:attachment":[{"href":"https:\/\/clinicadomnitachiajna.ro\/medic\/wp-json\/wp\/v2\/media?parent=482"}],"wp:term":[{"taxonomy":"product_brand","embeddable":true,"href":"https:\/\/clinicadomnitachiajna.ro\/medic\/wp-json\/wp\/v2\/product_brand?post=482"},{"taxonomy":"product_cat","embeddable":true,"href":"https:\/\/clinicadomnitachiajna.ro\/medic\/wp-json\/wp\/v2\/product_cat?post=482"},{"taxonomy":"product_tag","embeddable":true,"href":"https:\/\/clinicadomnitachiajna.ro\/medic\/wp-json\/wp\/v2\/product_tag?post=482"}],"curies":[{"name":"wp","href":"https:\/\/api.w.org\/{rel}","templated":true}]}}