{"id":457,"date":"2024-10-07T11:27:40","date_gmt":"2024-10-07T11:27:40","guid":{"rendered":"https:\/\/clinicadomnitachiajna.ro\/medic\/?post_type=product&#038;p=457"},"modified":"2026-01-07T20:36:02","modified_gmt":"2026-01-07T20:36:02","slug":"rhino-gold-gel","status":"publish","type":"product","link":"https:\/\/clinicadomnitachiajna.ro\/medic\/product\/rhino-gold-gel\/","title":{"rendered":"Rhino Gold Gel"},"content":{"rendered":"<div class=\"flex max-w-full flex-col flex-grow\">\n<div class=\"min-h-8 text-message flex w-full flex-col items-end gap-2 whitespace-normal break-words [.text-message+&amp;]:mt-5\" dir=\"auto\" data-message-author-role=\"assistant\" data-message-id=\"c57dad70-2a34-4484-a9e7-5fb8079be9d3\">\n<div class=\"flex w-full flex-col gap-1 empty:hidden first:pt-[3px]\">\n<div class=\"markdown prose w-full break-words dark:prose-invert light\">\n<p>Rhino Gold Gel este un produs inovator destinat b\u0103rba\u021bilor care doresc s\u0103 \u00eembun\u0103t\u0103\u021beasc\u0103 func\u021bia sexual\u0103 \u0219i s\u0103 ob\u021bin\u0103 rezultate vizibile \u00een via\u021ba lor intim\u0103. Acest gel a fost creat pentru a oferi o solu\u021bie natural\u0103 la problemele de performan\u021b\u0103 sexual\u0103, av\u00e2nd ca scop cre\u0219terea dimensiunii penisului, \u00eembun\u0103t\u0103\u021birea rezisten\u021bei sexuale \u0219i sporirea staminei. Formula sa unic\u0103 con\u021bine ingrediente active care sunt cunoscute pentru beneficiile lor \u00een domeniul s\u0103n\u0103t\u0103\u021bii sexuale, fiind o alegere popular\u0103 printre b\u0103rba\u021bi.<\/p>\n<p>De-a lungul timpului, problemele legate de sexualitate au devenit din ce \u00een ce mai frecvente, iar Rhino Gold Gel ofer\u0103 o abordare natural\u0103 pentru a r\u0103spunde acestor provoc\u0103ri. Cu o greutate net\u0103 de 50 ml \u0219i o durat\u0103 de valabilitate de 3 ani, acest produs a c\u00e2\u0219tigat popularitate rapid\u0103 \u00een r\u00e2ndul consumatorilor.<\/p>\n<h2>Compozi\u021bie Rhino Gold Gel \u0219i efecte<\/h2>\n<p>Unul dintre cele mai atr\u0103g\u0103toare aspecte ale Rhino Gold Gel este compozi\u021bia sa natural\u0103. Ingredientele active sunt alese cu grij\u0103 pentru a oferi rezultate eficiente \u0219i sigure:<\/p>\n<ol>\n<li><strong>Maca peruvian\u0103<\/strong> &#8211; cunoscut\u0103 pentru propriet\u0103\u021bile sale afrodisiace, maca ajut\u0103 la cre\u0219terea libidoului \u0219i a energiei, contribuind la o performan\u021b\u0103 sexual\u0103 mai bun\u0103.<\/li>\n<li><strong>L-arginin\u0103<\/strong> &#8211; un aminoacid esen\u021bial care \u00eembun\u0103t\u0103\u021be\u0219te fluxul sanguin, favoriz\u00e2nd erec\u021biile mai ferme \u0219i mai durabile.<\/li>\n<li><strong>Frunza de Damiana<\/strong> &#8211; este un tonifiant natural care stimuleaz\u0103 dorin\u021ba sexual\u0103 \u0219i \u00eembun\u0103t\u0103\u021be\u0219te starea de spirit.<\/li>\n<li><strong>Muira Puama<\/strong> &#8211; un alt ingredient cunoscut pentru efectele sale benefice asupra libidoului \u0219i energiei sexuale.<\/li>\n<\/ol>\n<p>Combina\u021bia acestor ingrediente face ca Rhino Gold Gel s\u0103 fie un produs eficient \u00een \u00eembun\u0103t\u0103\u021birea s\u0103n\u0103t\u0103\u021bii sexuale, ajut\u00e2nd b\u0103rba\u021bii s\u0103 \u00ee\u0219i \u00eembun\u0103t\u0103\u021beasc\u0103 performan\u021ba intim\u0103 \u0219i s\u0103 ob\u021bin\u0103 rezultate vizibile \u00een scurt timp.<\/p>\n<h2>Efecte secundare \u0219i contraindica\u021bii<\/h2>\n<p>Un alt aspect important de men\u021bionat este c\u0103 Rhino Gold Gel este un produs natural, ceea ce \u00eenseamn\u0103 c\u0103 riscurile asociate utiliz\u0103rii sale sunt minime. Totu\u0219i, este important s\u0103 fim con\u0219tien\u021bi de posibilele contraindica\u021bii. Iat\u0103 c\u00e2teva dintre acestea:<\/p>\n<ul>\n<li>Alergie la unul dintre ingredientele active<\/li>\n<li>Probleme severe de s\u0103n\u0103tate (consulta\u021bi un medic \u00eenainte de utilizare)<\/li>\n<li>Utilizarea concomitent\u0103 cu alte suplimente sau medicamente care afecteaz\u0103 circula\u021bia s\u00e2ngelui<\/li>\n<\/ul>\n<p>Rhino Gold Gel este considerat sigur pentru majoritatea b\u0103rba\u021bilor, dar este \u00eentotdeauna recomandat s\u0103 consulta\u021bi un specialist \u00eenainte de a \u00eencepe orice tratament.<\/p>\n<p style=\"text-align: center;\"><a class=\"border-button\" href=\"https:\/\/tl-track.com\/tracker\/uqzC\">www.rhino-gold.ro<\/a><\/p>\n<h2>Instruc\u021biuni de utilizare Rhino Gold Gel, recomand\u0103ri generale<\/h2>\n<p>Pentru a ob\u021bine cele mai bune rezultate, este important s\u0103 urma\u021bi instruc\u021biunile de utilizare ale Rhino Gold Gel. Iat\u0103 c\u00e2teva recomand\u0103ri generale:<\/p>\n<ol>\n<li><strong>Cur\u0103\u021barea zonei intime<\/strong>: \u00cenainte de aplicarea gelului, asigura\u021bi-v\u0103 c\u0103 zona este curat\u0103 \u0219i uscat\u0103.<\/li>\n<li><strong>Aplicarea gelului<\/strong>: Aplica\u021bi o cantitate mic\u0103 de gel pe penis \u0219i masa\u021bi u\u0219or p\u00e2n\u0103 la absorb\u021bia complet\u0103.<\/li>\n<li><strong>Frecven\u021ba utiliz\u0103rii<\/strong>: Se recomand\u0103 utilizarea gelului de dou\u0103 ori pe zi, diminea\u021ba \u0219i seara, pentru a ob\u021bine cele mai bune rezultate.<\/li>\n<li><strong>Durata tratamentului<\/strong>: Utiliza\u021bi Rhino Gold Gel timp de cel pu\u021bin 30 de zile pentru a observa efectele maxime.<\/li>\n<\/ol>\n<h3>Recomand\u0103ri generale pentru solu\u021bionarea problemelor sexuale<\/h3>\n<p>Pe l\u00e2ng\u0103 utilizarea Rhino Gold Gel, iat\u0103 c\u00e2teva recomand\u0103ri generale care pot ajuta la \u00eembun\u0103t\u0103\u021birea performan\u021bei sexuale:<\/p>\n<ul>\n<li><strong>Adopta\u021bi un stil de via\u021b\u0103 s\u0103n\u0103tos<\/strong>: O alimenta\u021bie echilibrat\u0103 \u0219i exerci\u021biile fizice regulate pot contribui la o s\u0103n\u0103tate sexual\u0103 mai bun\u0103.<\/li>\n<li><strong>Reducerea stresului<\/strong>: Stresul poate afecta performan\u021ba sexual\u0103. Practicile de relaxare, cum ar fi medita\u021bia sau yoga, pot fi benefice.<\/li>\n<li><strong>Consultarea unui specialist<\/strong>: Dac\u0103 problemele persist\u0103, este recomandat s\u0103 consulta\u021bi un medic sau un specialist \u00een s\u0103n\u0103tate sexual\u0103.<\/li>\n<\/ul>\n<p>Rhino Gold Gel reprezint\u0103 o solu\u021bie promi\u021b\u0103toare pentru b\u0103rba\u021bii care doresc s\u0103 \u00ee\u0219i \u00eembun\u0103t\u0103\u021beasc\u0103 via\u021ba sexual\u0103. Cu o compozi\u021bie natural\u0103, efecte secundare minime \u0219i instruc\u021biuni clare de utilizare, acest gel poate oferi rezultate vizibile \u0219i satisf\u0103c\u0103toare. Cu toate acestea, este important s\u0103 consulta\u021bi un specialist \u00eenainte de utilizare, mai ales dac\u0103 ave\u021bi afec\u021biuni medicale preexistente. Prin urmare, Rhino Gold Gel nu doar c\u0103 \u00eembun\u0103t\u0103\u021be\u0219te performan\u021ba sexual\u0103, ci \u0219i \u00eencurajeaz\u0103 o abordare s\u0103n\u0103toas\u0103 a sexualit\u0103\u021bii masculine.<\/p>\n<\/div>\n<\/div>\n<\/div>\n<\/div>\n<div class=\"mb-2 flex gap-3 empty:hidden -ml-2\">\n<div class=\"items-center justify-start rounded-xl p-1 flex\">\n<div class=\"flex items-center\">\n<h2>De unde s\u0103 cump\u0103ra\u021bi Rhino Gold Gel, care este pre\u021bul<\/h2>\n<p>Achizi\u021bionarea Rhino Gold Gel este un proces simplu \u0219i convenabil. Produsul poate fi comandat direct de pe site-ul oficial, unde tot ce trebuie s\u0103 face\u021bi este s\u0103 completa\u021bi un formular de comand\u0103. Odat\u0103 ce formularul este trimis, ve\u021bi fi contactat de un specialist care va confirma comanda \u0219i va oferi informa\u021bii suplimentare despre livrare.<\/p>\n<p>Livrarea se face rapid \u0219i eficient, iar plata se poate face la primirea coletului, ceea ce elimin\u0103 riscurile asociate cu pl\u0103\u021bile online. Aceast\u0103 op\u021biune de plat\u0103 la livrare ofer\u0103 un plus de siguran\u021b\u0103 pentru clien\u021bi, asigur\u00e2ndu-se c\u0103 sunt mul\u021bumi\u021bi de produs \u00eenainte de a efectua plata. Astfel, pute\u021bi achizi\u021biona Rhino Gold Gel f\u0103r\u0103 griji, av\u00e2nd \u00eencredere c\u0103 ve\u021bi primi un produs de calitate.<\/p>\n<h2>Recenzii reale, forum<\/h2>\n<p>\u00cen ultimele luni, Rhino Gold Gel a acumulat numeroase recenzii pozitive pe diverse forumuri \u0219i platforme de discu\u021bii. Multe dintre acestea provin de la utilizatori care au experimentat efectele benefice ale produsului. Cei mai mul\u021bi clien\u021bi sunt extrem de mul\u021bumi\u021bi de rezultate \u0219i de modul \u00een care gelul le-a \u00eembun\u0103t\u0103\u021bit via\u021ba sexual\u0103.<\/p>\n<h3>Avantajele utiliz\u0103rii Rhino Gold Gel<\/h3>\n<p>Printre avantajele men\u021bionate de utilizatori se num\u0103r\u0103:<\/p>\n<ul>\n<li><strong>Eficien\u021b\u0103 rapid\u0103<\/strong>: Multe recenzii subliniaz\u0103 c\u0103 efectele gelului sunt resim\u021bite imediat dup\u0103 prima aplicare.<\/li>\n<li><strong>Cre\u0219terea \u00eencrederii<\/strong>: Utilizatorii au raportat o \u00eembun\u0103t\u0103\u021bire a \u00eencrederii \u00een sine, datorit\u0103 performan\u021belor sexuale \u00eembun\u0103t\u0103\u021bite.<\/li>\n<li><strong>Senza\u021bii pl\u0103cute<\/strong>: Unii utilizatori au men\u021bionat c\u0103 gelul ofer\u0103 senza\u021bii intense \u0219i pl\u0103cute, sporind pl\u0103cerea \u00een timpul actului sexual.<\/li>\n<li><strong>Utilizare u\u0219oar\u0103<\/strong>: Comoditatea aplic\u0103rii gelului a fost apreciat\u0103, iar mul\u021bi clien\u021bi au g\u0103sit c\u0103 este u\u0219or de integrat \u00een rutina lor zilnic\u0103.<\/li>\n<\/ul>\n<h2>Feedback de la utilizatori despre Rhino Gold Gel<\/h2>\n<h3>Andrei, 5 stele<\/h3>\n<p>\u201eRhino Gold Gel m-a surprins pl\u0103cut! Am observat rezultate imediat dup\u0103 prima utilizare. Rezultatele au fost consistente, iar acum m\u0103 simt mult mai \u00eencrez\u0103tor \u00een timpul actului sexual. Recomand cu c\u0103ldur\u0103!\u201d<\/p>\n<h3>Mihai, 4 stele<\/h3>\n<p>\u201eAm \u00eenceput s\u0103 folosesc Rhino Gold Gel acum c\u00e2teva s\u0103pt\u0103m\u00e2ni, iar rezultatele sunt impresionante. Gelul este u\u0219or de aplicat \u0219i nu las\u0103 senza\u021bii nepl\u0103cute. \u00cen plus, am sim\u021bit o cre\u0219tere a staminei \u0219i a pl\u0103cerii. Totu\u0219i, a\u0219 fi dorit s\u0103 fie disponibil \u00een magazine fizice.\u201d<\/p>\n<h3>Radu, 5 stele<\/h3>\n<p>\u201eDup\u0103 ce am \u00eencercat mai multe produse, am decis s\u0103 \u00eencerc Rhino Gold Gel. Nu doar c\u0103 a func\u021bionat, dar m-a \u0219i ajutat s\u0103 \u00eemi rec\u00e2\u0219tig \u00eencrederea. \u00cel folosesc zilnic \u0219i am observat o schimbare semnificativ\u0103. Foarte mul\u021bumit!\u201d<\/p>\n<p style=\"text-align: center;\"><a class=\"border-button\" href=\"https:\/\/tl-track.com\/tracker\/uqzC\">(\u221250%) Direct de la produc\u0103tor!<\/a><\/p>\n<p>Aceste recenzii subliniaz\u0103 eficien\u021ba Rhino Gold Gel \u0219i modul \u00een care acesta poate transforma via\u021ba sexual\u0103 a utilizatorilor, contribuind la o experien\u021b\u0103 intim\u0103 mai satisf\u0103c\u0103toare. Cu feedback at\u00e2t de pozitiv, Rhino Gold Gel se dovede\u0219te a fi o alegere excelent\u0103 pentru b\u0103rba\u021bii care doresc s\u0103 \u00eembun\u0103t\u0103\u021beasc\u0103 performan\u021ba sexual\u0103 \u00eentr-un mod natural \u0219i eficient.<\/p>\n<\/div>\n<\/div>\n<\/div>\n","protected":false},"excerpt":{"rendered":"<p style=\"text-align: center;\"><a class=\"border-button\" href=\"https:\/\/tl-track.com\/tracker\/uqzC\">Cump\u0103ra\u021bi<\/a><\/p>\n<p style=\"text-align: left;\">#prod. 76899143<\/p>\n","protected":false},"featured_media":458,"comment_status":"open","ping_status":"closed","template":"","meta":[],"product_brand":[],"product_cat":[15],"product_tag":[],"class_list":{"0":"post-457","1":"product","2":"type-product","3":"status-publish","4":"has-post-thumbnail","6":"product_cat-medic","8":"first","9":"instock","10":"sale","11":"shipping-taxable","12":"purchasable","13":"product-type-simple"},"aioseo_notices":[],"_links":{"self":[{"href":"https:\/\/clinicadomnitachiajna.ro\/medic\/wp-json\/wp\/v2\/product\/457","targetHints":{"allow":["GET"]}}],"collection":[{"href":"https:\/\/clinicadomnitachiajna.ro\/medic\/wp-json\/wp\/v2\/product"}],"about":[{"href":"https:\/\/clinicadomnitachiajna.ro\/medic\/wp-json\/wp\/v2\/types\/product"}],"replies":[{"embeddable":true,"href":"https:\/\/clinicadomnitachiajna.ro\/medic\/wp-json\/wp\/v2\/comments?post=457"}],"wp:featuredmedia":[{"embeddable":true,"href":"https:\/\/clinicadomnitachiajna.ro\/medic\/wp-json\/wp\/v2\/media\/458"}],"wp:attachment":[{"href":"https:\/\/clinicadomnitachiajna.ro\/medic\/wp-json\/wp\/v2\/media?parent=457"}],"wp:term":[{"taxonomy":"product_brand","embeddable":true,"href":"https:\/\/clinicadomnitachiajna.ro\/medic\/wp-json\/wp\/v2\/product_brand?post=457"},{"taxonomy":"product_cat","embeddable":true,"href":"https:\/\/clinicadomnitachiajna.ro\/medic\/wp-json\/wp\/v2\/product_cat?post=457"},{"taxonomy":"product_tag","embeddable":true,"href":"https:\/\/clinicadomnitachiajna.ro\/medic\/wp-json\/wp\/v2\/product_tag?post=457"}],"curies":[{"name":"wp","href":"https:\/\/api.w.org\/{rel}","templated":true}]}}