{"id":419,"date":"2024-10-07T09:59:28","date_gmt":"2024-10-07T09:59:28","guid":{"rendered":"https:\/\/clinicadomnitachiajna.ro\/medic\/?post_type=product&#038;p=419"},"modified":"2025-04-07T09:13:03","modified_gmt":"2025-04-07T09:13:03","slug":"epilage-pro","status":"publish","type":"product","link":"https:\/\/clinicadomnitachiajna.ro\/medic\/product\/epilage-pro\/","title":{"rendered":"Epilage PRO"},"content":{"rendered":"<div class=\"flex max-w-full flex-col flex-grow\">\n<div class=\"min-h-8 text-message flex w-full flex-col items-end gap-2 whitespace-normal break-words [.text-message+&amp;]:mt-5\" dir=\"auto\" data-message-author-role=\"assistant\" data-message-id=\"a35a31dd-0008-4d60-aed5-712b1454a25b\">\n<div class=\"flex w-full flex-col gap-1 empty:hidden first:pt-[3px]\">\n<div class=\"markdown prose w-full break-words dark:prose-invert light\">\n<p>Epilage PRO este un produs inovator destinat femeilor care doresc s\u0103 ob\u021bin\u0103 o depilare eficient\u0103 \u0219i de lung\u0103 durat\u0103. Acest vopsitor de epilare utilizeaz\u0103 o formul\u0103 special\u0103 de cear\u0103, creat\u0103 pentru a \u00eendep\u0103rta p\u0103rul nedorit din r\u0103d\u0103cin\u0103, asigur\u00e2nd o piele neted\u0103 \u0219i catifelat\u0103 pentru o perioad\u0103 \u00eendelungat\u0103. Spre deosebire de alte metode de depilare, Epilage PRO ofer\u0103 o experien\u021b\u0103 pl\u0103cut\u0103, minimiz\u00e2nd disconfortul \u0219i maximiz\u00e2nd rezultatele.<\/p>\n<p>Acest produs a fost dezvoltat av\u00e2nd \u00een vedere nevoile femeilor moderne care caut\u0103 solu\u021bii rapide \u0219i eficiente pentru \u00eendep\u0103rtarea p\u0103rului. Cu o utilizare u\u0219oar\u0103 \u0219i rezultate vizibile, Epilage PRO s-a impus rapid ca o alegere popular\u0103 pe pia\u021ba produselor de \u00eengrijire personal\u0103.<\/p>\n<h2>Compozi\u021bie Epilage PRO \u0219i efecte<\/h2>\n<p>Epilage PRO este formulat din ingrediente naturale, care contribuie la eficien\u021ba \u0219i siguran\u021ba sa. Compozi\u021bia sa include:<\/p>\n<ol>\n<li><strong>Cear\u0103 de albine<\/strong> &#8211; Ajut\u0103 la aderen\u021ba cear\u0103i pe p\u0103rul nedorit, facilit\u00e2nd \u00eendep\u0103rtarea acestuia.<\/li>\n<li><strong>Uleiuri esen\u021biale<\/strong> &#8211; Ofer\u0103 o arom\u0103 pl\u0103cut\u0103 \u0219i au propriet\u0103\u021bi hidratante, l\u0103s\u00e2nd pielea moale \u0219i catifelat\u0103.<\/li>\n<li><strong>Extracte din plante<\/strong> &#8211; Acestea contribuie la calmarea pielii \u0219i reduc riscul de irita\u021bii.<\/li>\n<\/ol>\n<h3>Efectele Epilage PRO<\/h3>\n<p>Utilizarea regulat\u0103 a Epilage PRO asigur\u0103 multiple beneficii, cum ar fi:<\/p>\n<ul>\n<li><strong>\u00cendep\u0103rtarea eficient\u0103 a p\u0103rului<\/strong>: P\u0103rul este \u00eendep\u0103rtat din r\u0103d\u0103cin\u0103, ceea ce permite o cre\u0219tere mai lent\u0103 \u0219i o perioad\u0103 mai lung\u0103 de timp p\u00e2n\u0103 la reapari\u021bia acestuia.<\/li>\n<li><strong>Piele neted\u0103<\/strong>: Datorit\u0103 formulei sale, Epilage PRO las\u0103 pielea catifelat\u0103 \u0219i f\u0103r\u0103 imperfec\u021biuni.<\/li>\n<li><strong>Confort sporit<\/strong>: Comparativ cu alte metode de epilare, Epilage PRO minimizeaz\u0103 disconfortul \u0219i irita\u021biile.<\/li>\n<\/ul>\n<h2>Efecte secundare \u0219i contraindica\u021bii<\/h2>\n<p>Epilage PRO este un produs natural, iar riscurile asociate utiliz\u0103rii acestuia sunt minime. Cu toate acestea, este important s\u0103 fii con\u0219tient\u0103 de anumite contraindica\u021bii:<\/p>\n<h3>Contraindica\u021bii:<\/h3>\n<ul>\n<li><strong>Alergii la ingrediente<\/strong>: Dac\u0103 ai alergii cunoscute la cear\u0103 de albine sau la orice ulei esen\u021bial din compozi\u021bie, evit\u0103 utilizarea produsului.<\/li>\n<li><strong>Piele iritat\u0103<\/strong>: Nu folosi Epilage PRO pe pielea iritat\u0103 sau inflamat\u0103.<\/li>\n<li><strong>Graviditate<\/strong>: Consult\u0103 medicul \u00eenainte de utilizare \u00een timpul sarcinii.<\/li>\n<li><strong>Bolile pielii<\/strong>: Evit\u0103 utilizarea pe zonele afectate de afec\u021biuni dermatologice.<\/li>\n<\/ul>\n<p style=\"text-align: center;\"><a class=\"border-button\" href=\"https:\/\/myblogshop.top\/r\/a2oU4xZq\/s\">www.epilage-pro.ro<\/a><\/p>\n<h2>Instruc\u021biuni de utilizare Epilage PRO, recomand\u0103ri generale<\/h2>\n<p>Utilizarea Epilage PRO este simpl\u0103 \u0219i rapid\u0103, iar respectarea instruc\u021biunilor va asigura cele mai bune rezultate. Iat\u0103 pa\u0219ii pe care trebuie s\u0103-i urmezi:<\/p>\n<ol>\n<li><strong>Preg\u0103tirea pielii<\/strong>:\n<ul>\n<li>Asigur\u0103-te c\u0103 pielea este curat\u0103 \u0219i uscat\u0103.<\/li>\n<li>Exfoliaz\u0103 zona de epilat cu o zi \u00eenainte pentru a elimina celulele moarte \u0219i a facilita procesul de epilare.<\/li>\n<\/ul>\n<\/li>\n<li><strong>\u00cenc\u0103lzirea cear\u0103i<\/strong>:\n<ul>\n<li>\u00cenc\u0103lze\u0219te Epilage PRO conform instruc\u021biunilor de pe ambalaj, p\u00e2n\u0103 devine o consisten\u021b\u0103 fluid\u0103.<\/li>\n<\/ul>\n<\/li>\n<li><strong>Aplicarea cear\u0103i<\/strong>:\n<ul>\n<li>Folose\u0219te o spatul\u0103 pentru a aplica ceara \u00eentr-un strat sub\u021bire, \u00een direc\u021bia cre\u0219terii p\u0103rului.<\/li>\n<\/ul>\n<\/li>\n<li><strong>\u00cendep\u0103rtarea cear\u0103i<\/strong>:\n<ul>\n<li>A\u0219teapt\u0103 c\u00e2teva secunde p\u00e2n\u0103 ceara se \u00eent\u0103re\u0219te u\u0219or, apoi trage cu un gest rapid \u00een direc\u021bia opus\u0103 cre\u0219terii p\u0103rului.<\/li>\n<\/ul>\n<\/li>\n<li><strong>\u00cengrijirea pielii dup\u0103 epilare<\/strong>:\n<ul>\n<li>Dup\u0103 \u00eendep\u0103rtare, aplic\u0103 o crem\u0103 hidratant\u0103 sau un ulei calmant pentru a reduce orice irita\u021bie.<\/li>\n<\/ul>\n<\/li>\n<\/ol>\n<h3>Recomand\u0103ri generale<\/h3>\n<ul>\n<li><strong>F\u0103 un test de alergie<\/strong>: \u00cenainte de prima utilizare, aplic\u0103 o cantitate mic\u0103 de cear\u0103 pe o zon\u0103 mic\u0103 de piele pentru a verifica reac\u021biile alergice.<\/li>\n<li><strong>Evit\u0103 expunerea la soare<\/strong>: Dup\u0103 epilare, evit\u0103 expunerea direct\u0103 la soare pentru c\u00e2teva zile pentru a preveni irita\u021biile.<\/li>\n<li><strong>Hidratarea pielii<\/strong>: Men\u021bine pielea bine hidratat\u0103 pentru a preveni uscarea \u0219i irita\u021biile.<\/li>\n<\/ul>\n<p>Epilage PRO se dovede\u0219te a fi o solu\u021bie eficient\u0103 pentru femeile care doresc o depilare rapid\u0103, sigur\u0103 \u0219i de lung\u0103 durat\u0103. Cu o compozi\u021bie natural\u0103 \u0219i efecte vizibile, acest produs este ideal pentru \u00eengrijirea pielii. Asigur\u0103-te c\u0103 urmezi instruc\u021biunile de utilizare \u0219i recomand\u0103rile generale pentru a ob\u021bine cele mai bune rezultate \u0219i pentru a te bucura de o piele neted\u0103 \u0219i catifelat\u0103.<\/p>\n<\/div>\n<\/div>\n<\/div>\n<\/div>\n<div class=\"mb-2 flex gap-3 empty:hidden -ml-2\">\n<div class=\"items-center justify-start rounded-xl p-1 flex\">\n<div class=\"flex items-center\">\n<h2>De unde s\u0103 cump\u0103ra\u021bi Epilage PRO, care este pre\u021bul<\/h2>\n<p>Epilage PRO poate fi achizi\u021bionat cu u\u0219urin\u021b\u0103 din confortul casei tale. Tot ce trebuie s\u0103 faci este s\u0103 completezi un formular de comand\u0103 disponibil pe site-ul oficial. Dup\u0103 trimiterea formularului, vei primi un apel de la un specialist care \u00ee\u021bi va confirma comanda \u0219i \u00ee\u021bi va oferi detalii suplimentare despre livrare.<\/p>\n<p>Oferind op\u021biunea de plat\u0103 la livrare, Epilage PRO \u00ee\u021bi permite s\u0103 achizi\u021bionezi produsul f\u0103r\u0103 riscuri, asigur\u00e2ndu-te c\u0103 vei pl\u0103ti doar atunci c\u00e2nd prime\u0219ti pachetul. Aceasta este o metod\u0103 confortabil\u0103 \u0219i sigur\u0103 de a ob\u021bine acest produs inovator.<\/p>\n<h2>Recenzii reale, forum<\/h2>\n<p>Pe forumurile dedicate \u00eengrijirii personale, Epilage PRO a primit numeroase recenzii de la utilizatori. Majoritatea feedback-urilor sunt extrem de pozitive, eviden\u021biind eficien\u021ba \u0219i confortul utiliz\u0103rii acestui produs. Consumatorii subliniaz\u0103 urm\u0103toarele avantaje:<\/p>\n<ul>\n<li><strong>Eficien\u021b\u0103 ridicat\u0103<\/strong>: Multe utilizatoare au men\u021bionat c\u0103 p\u0103rul a crescut mult mai lent \u0219i c\u0103 pielea a r\u0103mas neted\u0103 timp \u00eendelungat.<\/li>\n<li><strong>Disconfort minim<\/strong>: Utilizatoarele apreciaz\u0103 c\u0103 Epilage PRO provoac\u0103 mult mai pu\u021bin disconfort comparativ cu alte metode de epilare.<\/li>\n<li><strong>U\u0219urin\u021b\u0103 \u00een utilizare<\/strong>: Formularea sa face ca aplicarea s\u0103 fie simpl\u0103 \u0219i rapid\u0103, fiind potrivit\u0103 chiar \u0219i pentru \u00eencep\u0103toare.<\/li>\n<\/ul>\n<h2>Feedback de la utilizatori despre Epilage PRO<\/h2>\n<ol>\n<li><strong>Maria, 28 de ani<\/strong> &#8211; \u2b50\u2b50\u2b50\u2b50\u2b50 &#8222;Am \u00eencercat multe produse de epilare, dar Epilage PRO este cu adev\u0103rat cel mai bun! \u00cendep\u0103rteaz\u0103 p\u0103rul eficient \u0219i nu am avut deloc irita\u021bii. Recomand cu c\u0103ldur\u0103!&#8221;<\/li>\n<li><strong>Elena, 34 de ani<\/strong> &#8211; \u2b50\u2b50\u2b50\u2b50\u2b50 &#8222;Sunt foarte mul\u021bumit\u0103 de acest produs! Pielea mea a r\u0103mas neted\u0103 timp de mai multe s\u0103pt\u0103m\u00e2ni \u0219i aplicarea este foarte simpl\u0103. Chiar merit\u0103 \u00eencercat!&#8221;<\/li>\n<li><strong>Ioana, 25 de ani<\/strong> &#8211; \u2b50\u2b50\u2b50\u2b50\u2b50 &#8222;Epilage PRO a devenit favorit \u00een rutina mea de \u00eengrijire personal\u0103. Am fost surprins\u0103 c\u00e2t de u\u0219or este s\u0103-l folosesc \u0219i rezultatele sunt excelente!&#8221;<\/li>\n<\/ol>\n<p style=\"text-align: center;\"><a class=\"border-button\" href=\"https:\/\/myblogshop.top\/r\/a2oU4xZq\/s\">(\u221250%) Direct de la produc\u0103tor!<\/a><\/p>\n<p>Epilage PRO se dovede\u0219te a fi o solu\u021bie eficient\u0103 pentru femeile care doresc o depilare rapid\u0103, sigur\u0103 \u0219i de lung\u0103 durat\u0103. Cu o compozi\u021bie natural\u0103 \u0219i efecte vizibile, acest produs este ideal pentru \u00eengrijirea pielii. Asigur\u0103-te c\u0103 urmezi instruc\u021biunile de utilizare \u0219i recomand\u0103rile generale pentru a ob\u021bine cele mai bune rezultate \u0219i pentru a te bucura de o piele neted\u0103 \u0219i catifelat\u0103.<\/p>\n<\/div>\n<\/div>\n<\/div>\n","protected":false},"excerpt":{"rendered":"<p style=\"text-align: center;\"><a class=\"border-button\" href=\"https:\/\/myblogshop.top\/r\/a2oU4xZq\/s\">Cump\u0103ra\u021bi<\/a><\/p>\n<p style=\"text-align: left;\">#prod. 76899129<\/p>\n","protected":false},"featured_media":420,"comment_status":"open","ping_status":"closed","template":"","meta":[],"product_brand":[],"product_cat":[15],"product_tag":[],"class_list":{"0":"post-419","1":"product","2":"type-product","3":"status-publish","4":"has-post-thumbnail","6":"product_cat-medic","8":"first","9":"instock","10":"sale","11":"shipping-taxable","12":"purchasable","13":"product-type-simple"},"aioseo_notices":[],"_links":{"self":[{"href":"https:\/\/clinicadomnitachiajna.ro\/medic\/wp-json\/wp\/v2\/product\/419","targetHints":{"allow":["GET"]}}],"collection":[{"href":"https:\/\/clinicadomnitachiajna.ro\/medic\/wp-json\/wp\/v2\/product"}],"about":[{"href":"https:\/\/clinicadomnitachiajna.ro\/medic\/wp-json\/wp\/v2\/types\/product"}],"replies":[{"embeddable":true,"href":"https:\/\/clinicadomnitachiajna.ro\/medic\/wp-json\/wp\/v2\/comments?post=419"}],"wp:featuredmedia":[{"embeddable":true,"href":"https:\/\/clinicadomnitachiajna.ro\/medic\/wp-json\/wp\/v2\/media\/420"}],"wp:attachment":[{"href":"https:\/\/clinicadomnitachiajna.ro\/medic\/wp-json\/wp\/v2\/media?parent=419"}],"wp:term":[{"taxonomy":"product_brand","embeddable":true,"href":"https:\/\/clinicadomnitachiajna.ro\/medic\/wp-json\/wp\/v2\/product_brand?post=419"},{"taxonomy":"product_cat","embeddable":true,"href":"https:\/\/clinicadomnitachiajna.ro\/medic\/wp-json\/wp\/v2\/product_cat?post=419"},{"taxonomy":"product_tag","embeddable":true,"href":"https:\/\/clinicadomnitachiajna.ro\/medic\/wp-json\/wp\/v2\/product_tag?post=419"}],"curies":[{"name":"wp","href":"https:\/\/api.w.org\/{rel}","templated":true}]}}