{"id":382,"date":"2024-10-07T08:58:29","date_gmt":"2024-10-07T08:58:29","guid":{"rendered":"https:\/\/clinicadomnitachiajna.ro\/medic\/?post_type=product&#038;p=382"},"modified":"2025-04-07T09:24:58","modified_gmt":"2025-04-07T09:24:58","slug":"beauty-age","status":"publish","type":"product","link":"https:\/\/clinicadomnitachiajna.ro\/medic\/product\/beauty-age\/","title":{"rendered":"Beauty Age"},"content":{"rendered":"<p>\u00centr-o lume \u00een care aspectul fizic devine din ce \u00een ce mai important, produsele cosmetice care promit rezultate rapide \u0219i eficiente sunt la mare c\u0103utare. Unul dintre aceste produse inovatoare este <strong>Beauty Age<\/strong>, un crem special formulat pentru a combate semnele \u00eemb\u0103tr\u00e2nirii, \u00een special ridurile. Acest produs a fost creat pentru femeile care doresc s\u0103-\u0219i men\u021bin\u0103 frumuse\u021bea \u0219i tineretea tenului lor, oferind o solu\u021bie practic\u0103 \u0219i eficient\u0103.<\/p>\n<p>Beauty Age promite s\u0103 redea str\u0103lucirea pielii \u0219i s\u0103 reduc\u0103 aspectul ridurilor, av\u00e2nd ca obiectiv principal rejuvenarea tenului. Formula sa unic\u0103 se bazeaz\u0103 pe ingrediente naturale, care nu doar c\u0103 \u00eembun\u0103t\u0103\u021besc aspectul pielii, dar \u0219i \u00eembun\u0103t\u0103\u021besc s\u0103n\u0103tatea acesteia pe termen lung. Cu o popularitate \u00een cre\u0219tere pe pia\u021ba cosmeticelor, Beauty Age a devenit subiect de discu\u021bie \u00een r\u00e2ndul speciali\u0219tilor \u00een frumuse\u021be \u0219i al consumatorilor deopotriv\u0103.<\/p>\n<h2>Compozi\u021bie Beauty Age \u0219i efecte<\/h2>\n<p>Beauty Age con\u021bine o combina\u021bie unic\u0103 de ingrediente active, fiecare av\u00e2nd un rol specific \u00een procesul de \u00eembun\u0103t\u0103\u021bire a pielii. Printre ingredientele principale se num\u0103r\u0103:<\/p>\n<ul>\n<li><strong>Acid hialuronic<\/strong>: Un ingredient esen\u021bial pentru hidratarea pielii, care ajut\u0103 la men\u021binerea elasticit\u0103\u021bii \u0219i volumului acesteia. Acidul hialuronic are capacitatea de a atrage \u0219i re\u021bine apa, ceea ce contribuie la o piele mai plin\u0103 \u0219i mai t\u00e2n\u0103r\u0103.<\/li>\n<li><strong>Colagen<\/strong>: Protein\u0103 fundamental\u0103 pentru structura pielii, colagenul ajut\u0103 la reducerea ridurilor \u0219i la \u00eembun\u0103t\u0103\u021birea fermit\u0103\u021bii. Pe m\u0103sur\u0103 ce \u00eemb\u0103tr\u00e2nim, produc\u021bia natural\u0103 de colagen scade, ceea ce duce la apari\u021bia ridurilor.<\/li>\n<li><strong>Extract de plante<\/strong>: Beauty Age con\u021bine \u0219i extracte de plante cu propriet\u0103\u021bi antioxidante, care protejeaz\u0103 pielea \u00eempotriva radicalilor liberi. Aceste extracte contribuie la regenerarea celular\u0103 \u0219i la \u00eembun\u0103t\u0103\u021birea tonusului pielii.<\/li>\n<li><strong>Vitamina E<\/strong>: Un antioxidant puternic, vitamina E ajut\u0103 la protejarea pielii de stresul oxidativ \u0219i contribuie la hidratarea acesteia.<\/li>\n<\/ul>\n<p>Efectele utiliz\u0103rii Beauty Age sunt vizibile dup\u0103 c\u00e2teva s\u0103pt\u0103m\u00e2ni de utilizare constant\u0103. Printre rezultatele notabile se num\u0103r\u0103:<\/p>\n<ul>\n<li>Reducerea semnificativ\u0103 a ridurilor \u0219i liniilor fine.<\/li>\n<li>O piele mai neted\u0103 \u0219i mai ferm\u0103.<\/li>\n<li>Hidratarea intens\u0103 a tenului, oferind un aspect s\u0103n\u0103tos \u0219i radiant.<\/li>\n<li>\u00cembun\u0103t\u0103\u021birea elasticit\u0103\u021bii pielii.<\/li>\n<\/ul>\n<h2>Efecte secundare \u0219i contraindica\u021bii<\/h2>\n<p>Beauty Age este un produs natural, formulat pentru a minimiza riscurile asociate utiliz\u0103rii. Totu\u0219i, ca orice produs cosmetic, este important s\u0103 cunoa\u0219tem posibilele efecte secundare. \u00cen general, utilizarea Beauty Age este considerat\u0103 sigur\u0103, iar riscurile sunt minime. Cu toate acestea, exist\u0103 c\u00e2teva contraindica\u021bii de care trebuie s\u0103 se \u021bin\u0103 cont:<\/p>\n<ol>\n<li><strong>Alergii la componentele produsului<\/strong>: Persoanele cu alergii cunoscute la anumite ingrediente ar trebui s\u0103 verifice eticheta cu aten\u021bie \u00eenainte de utilizare.<\/li>\n<li><strong>Iritarea pielii<\/strong>: \u00cen cazul \u00een care apar reac\u021bii adverse, cum ar fi ro\u0219ea\u021ba sau m\u00e2nc\u0103rimea, este recomandat s\u0103 se opreasc\u0103 utilizarea \u0219i s\u0103 se consulte un medic.<\/li>\n<li><strong>Gravida \u0219i al\u0103pt\u0103toare<\/strong>: De\u0219i produsul este natural, femeile \u00eens\u0103rcinate sau care al\u0103pteaz\u0103 ar trebui s\u0103 consulte un specialist \u00eenainte de utilizare.<\/li>\n<\/ol>\n<p style=\"text-align: center;\"><a class=\"border-button\" href=\"https:\/\/ltvhksow.radarsaw.com\">www.beauty-age.ro<\/a><\/p>\n<h2>Instruc\u021biuni de utilizare Beauty Age, recomand\u0103ri generale<\/h2>\n<p>Pentru a ob\u021bine cele mai bune rezultate de la Beauty Age, este important s\u0103 respecta\u021bi instruc\u021biunile de utilizare. Iat\u0103 un ghid simplu \u0219i structurat pentru utilizarea corect\u0103 a produsului:<\/p>\n<h3>Pasul 1: Cur\u0103\u021barea fe\u021bei<\/h3>\n<ul>\n<li>Sp\u0103la\u021bi fa\u021ba cu un cleanser delicat pentru a elimina impurit\u0103\u021bile \u0219i machiajul.<\/li>\n<li>Cl\u0103ti\u021bi cu ap\u0103 c\u0103ldu\u021b\u0103 \u0219i usca\u021bi u\u0219or cu un prosop curat.<\/li>\n<\/ul>\n<h3>Pasul 2: Aplicarea cremei<\/h3>\n<ul>\n<li>Aplica\u021bi o cantitate mic\u0103 de Beauty Age pe v\u00e2rful degetelor.<\/li>\n<li>Masa\u021bi u\u0219or crema pe fa\u021b\u0103 \u0219i g\u00e2t, folosind mi\u0219c\u0103ri circulare, p\u00e2n\u0103 c\u00e2nd este complet absorbit\u0103.<\/li>\n<\/ul>\n<h3>Pasul 3: Hidratarea<\/h3>\n<ul>\n<li>Dac\u0103 este necesar, urma\u021bi cu un hidratant suplimentar, mai ales dac\u0103 ave\u021bi pielea foarte uscat\u0103.<\/li>\n<\/ul>\n<h3>Recomand\u0103ri generale<\/h3>\n<ul>\n<li>Utiliza\u021bi Beauty Age de dou\u0103 ori pe zi: diminea\u021ba \u0219i seara, pentru cele mai bune rezultate.<\/li>\n<li>Asigura\u021bi-v\u0103 c\u0103 ave\u021bi o rutin\u0103 de \u00eengrijire a pielii bine definit\u0103, care include cur\u0103\u021bare, tonifiere \u0219i hidratare.<\/li>\n<li>Proteja\u021bi-v\u0103 pielea de soare utiliz\u00e2nd un produs cu protec\u021bie solar\u0103 \u00een timpul zilei.<\/li>\n<\/ul>\n<p>Beauty Age este o solu\u021bie promi\u021b\u0103toare pentru femeile care doresc s\u0103 \u00eembun\u0103t\u0103\u021beasc\u0103 aspectul pielii lor \u0219i s\u0103 reduc\u0103 semnele \u00eemb\u0103tr\u00e2nirii. Cu o formul\u0103 bazat\u0103 pe ingrediente naturale, acest produs ofer\u0103 o alternativ\u0103 eficient\u0103 \u0219i sigur\u0103 la tratamentele mai invazive. Prin respectarea instruc\u021biunilor de utilizare \u0219i a recomand\u0103rilor generale, fiecare femeie poate beneficia de rezultatele dorite, redescoperind frumuse\u021bea \u0219i tineretea pielii sale.<\/p>\n<h2>De unde s\u0103 cump\u0103ra\u021bi Beauty Age, care este pre\u021bul<\/h2>\n<p>Achizi\u021bionarea produsului Beauty Age este un proces simplu \u0219i convenabil. Tot ce trebuie s\u0103 face\u021bi este s\u0103 completa\u021bi un formular de comand\u0103 disponibil pe site-ul oficial. Dup\u0103 trimiterea formularului, ve\u021bi a\u0219tepta un apel de confirmare din partea unui specialist, care va verifica detaliile comenzii \u0219i va oferi informa\u021bii suplimentare, dac\u0103 este necesar. Odat\u0103 ce comanda este confirmat\u0103, ve\u021bi a\u0219tepta livrarea produsului direct la u\u0219a dumneavoastr\u0103.<\/p>\n<p>Un alt avantaj este c\u0103 pute\u021bi pl\u0103ti produsul la livrare, ceea ce elimin\u0103 riscurile asociate cu pl\u0103\u021bile online. Astfel, ave\u021bi ocazia s\u0103 verifica\u021bi produsul \u00eenainte de a efectua plata.<\/p>\n<h2>Recenzii reale, forum<\/h2>\n<p>Recenziile utilizatorilor sunt esen\u021biale pentru a \u00een\u021belege eficien\u021ba unui produs, iar Beauty Age nu face excep\u021bie. Pe diferite forumuri \u0219i platforme de socializare, mul\u021bi utilizatori \u00ee\u0219i \u00eemp\u0103rt\u0103\u0219esc experien\u021bele pozitive. Cele mai multe dintre recenzii provin de la clien\u021bi mul\u021bumi\u021bi, care au observat rezultate semnificative dup\u0103 utilizarea regulat\u0103 a produsului.<\/p>\n<h3>Punctele forte men\u021bionate de utilizatori includ:<\/h3>\n<ul>\n<li><strong>Eficien\u021ba rapid\u0103<\/strong>: Multe femei au observat o reducere a ridurilor \u00een decurs de c\u00e2teva s\u0103pt\u0103m\u00e2ni.<\/li>\n<li><strong>Hidratare excelent\u0103<\/strong>: Consumatorii au apreciat c\u00e2t de bine hidrateaz\u0103 crema pielea, l\u0103s\u00e2nd-o moale \u0219i catifelat\u0103.<\/li>\n<li><strong>Textur\u0103 pl\u0103cut\u0103<\/strong>: Utilizatorii au subliniat c\u0103 produsul se absoarbe rapid \u0219i nu las\u0103 o pelicul\u0103 gras\u0103 pe piele.<\/li>\n<\/ul>\n<h2>Feedback de la utilizatori despre Beauty Age<\/h2>\n<p>Iat\u0103 c\u00e2teva recenzii de la utilizatori care au \u00eencercat Beauty Age:<\/p>\n<ol>\n<li><strong>Ana M. &#8211; 5 stele<\/strong><br \/>\n<blockquote><p>&#8222;Am \u00eenceput s\u0103 folosesc Beauty Age acum c\u00e2teva luni \u0219i nu pot s\u0103 cred c\u00e2t de mult mi s-a \u00eembun\u0103t\u0103\u021bit tenul! Ridurile sunt mult mai pu\u021bin vizibile, iar pielea mea arat\u0103 mai t\u00e2n\u0103r\u0103 \u0219i mai s\u0103n\u0103toas\u0103. Recomand cu c\u0103ldur\u0103!&#8221;<\/p><\/blockquote>\n<\/li>\n<li><strong>Maria P. &#8211; 4 stele<\/strong><br \/>\n<blockquote><p>&#8222;Sunt foarte mul\u021bumit\u0103 de rezultatele ob\u021binute cu Beauty Age. Crema se absoarbe rapid \u0219i nu mi-a iritat deloc pielea. O folosesc zilnic \u0219i am observat o hidratare excelent\u0103!&#8221;<\/p><\/blockquote>\n<\/li>\n<\/ol>\n<p><strong>Elena T. &#8211; 5 stele<\/strong><\/p>\n<blockquote><p>&#8222;Beauty Age este cel mai bun produs pe care l-am \u00eencercat p\u00e2n\u0103 acum! Ridurile din jurul ochilor s-au diminuat considerabil. M\u0103 simt mai \u00eencrez\u0103toare \u00een aspectul meu.&#8221;<\/p><\/blockquote>\n<p style=\"text-align: center;\"><a class=\"border-button\" href=\"https:\/\/ltvhksow.radarsaw.com\">(\u221250%) Direct de la produc\u0103tor!<\/a><\/p>\n<p>Beauty Age este o solu\u021bie promi\u021b\u0103toare pentru femeile care doresc s\u0103 \u00eembun\u0103t\u0103\u021beasc\u0103 aspectul pielii lor \u0219i s\u0103 reduc\u0103 semnele \u00eemb\u0103tr\u00e2nirii. Cu o formul\u0103 bazat\u0103 pe ingrediente naturale, acest produs ofer\u0103 o alternativ\u0103 eficient\u0103 \u0219i sigur\u0103 la tratamentele mai invazive. Prin respectarea instruc\u021biunilor de utilizare \u0219i a recomand\u0103rilor generale, fiecare femeie poate beneficia de rezultatele dorite, redescoperind frumuse\u021bea \u0219i tineretea pielii sale. Cu recenzii pozitive \u0219i feedback de la utilizatori, Beauty Age se dovede\u0219te a fi un produs demn de \u00eencercat pentru oricine \u00ee\u0219i dore\u0219te o piele mai t\u00e2n\u0103r\u0103 \u0219i mai s\u0103n\u0103toas\u0103.<\/p>\n","protected":false},"excerpt":{"rendered":"<p style=\"text-align: center;\"><a class=\"border-button\" href=\"https:\/\/ltvhksow.radarsaw.com\">Cump\u0103ra\u021bi<\/a><\/p>\n<p style=\"text-align: left;\">#prod. 76899113<\/p>\n","protected":false},"featured_media":385,"comment_status":"open","ping_status":"closed","template":"","meta":[],"product_brand":[],"product_cat":[15],"product_tag":[],"class_list":{"0":"post-382","1":"product","2":"type-product","3":"status-publish","4":"has-post-thumbnail","6":"product_cat-medic","8":"first","9":"instock","10":"sale","11":"shipping-taxable","12":"purchasable","13":"product-type-simple"},"aioseo_notices":[],"_links":{"self":[{"href":"https:\/\/clinicadomnitachiajna.ro\/medic\/wp-json\/wp\/v2\/product\/382","targetHints":{"allow":["GET"]}}],"collection":[{"href":"https:\/\/clinicadomnitachiajna.ro\/medic\/wp-json\/wp\/v2\/product"}],"about":[{"href":"https:\/\/clinicadomnitachiajna.ro\/medic\/wp-json\/wp\/v2\/types\/product"}],"replies":[{"embeddable":true,"href":"https:\/\/clinicadomnitachiajna.ro\/medic\/wp-json\/wp\/v2\/comments?post=382"}],"wp:featuredmedia":[{"embeddable":true,"href":"https:\/\/clinicadomnitachiajna.ro\/medic\/wp-json\/wp\/v2\/media\/385"}],"wp:attachment":[{"href":"https:\/\/clinicadomnitachiajna.ro\/medic\/wp-json\/wp\/v2\/media?parent=382"}],"wp:term":[{"taxonomy":"product_brand","embeddable":true,"href":"https:\/\/clinicadomnitachiajna.ro\/medic\/wp-json\/wp\/v2\/product_brand?post=382"},{"taxonomy":"product_cat","embeddable":true,"href":"https:\/\/clinicadomnitachiajna.ro\/medic\/wp-json\/wp\/v2\/product_cat?post=382"},{"taxonomy":"product_tag","embeddable":true,"href":"https:\/\/clinicadomnitachiajna.ro\/medic\/wp-json\/wp\/v2\/product_tag?post=382"}],"curies":[{"name":"wp","href":"https:\/\/api.w.org\/{rel}","templated":true}]}}