{"id":220,"date":"2024-10-03T09:07:42","date_gmt":"2024-10-03T09:07:42","guid":{"rendered":"https:\/\/clinicadomnitachiajna.ro\/medic\/?post_type=product&#038;p=220"},"modified":"2025-05-24T12:00:15","modified_gmt":"2025-05-24T12:00:15","slug":"alfazone","status":"publish","type":"product","link":"https:\/\/clinicadomnitachiajna.ro\/medic\/product\/alfazone\/","title":{"rendered":"ALFAZONE"},"content":{"rendered":"<div class=\"flex max-w-full flex-col flex-grow\">\n<div class=\"min-h-8 text-message flex w-full flex-col items-end gap-2 whitespace-normal break-words [.text-message+&amp;]:mt-5\" dir=\"auto\" data-message-author-role=\"assistant\" data-message-id=\"14994f9a-aecc-46d5-91ac-be5605519bcc\">\n<div class=\"flex w-full flex-col gap-1 empty:hidden first:pt-[3px]\">\n<div class=\"markdown prose w-full break-words dark:prose-invert light\">\n<p>\u00cen lumea modern\u0103, problemele legate de func\u021bia sexual\u0103 la b\u0103rba\u021bi sunt din ce \u00een ce mai frecvente. Stresul, stilul de via\u021b\u0103 nes\u0103n\u0103tos \u0219i diverse afec\u021biuni pot influen\u021ba negativ performan\u021ba sexual\u0103. \u00cen acest context, ALFAZONE a fost dezvoltat ca un supliment natural care promite s\u0103 \u00eembun\u0103t\u0103\u021beasc\u0103 func\u021bia sexual\u0103 a b\u0103rba\u021bilor. Acest produs se prezint\u0103 sub form\u0103 de capsule \u0219i este destinat s\u0103 sprijine s\u0103n\u0103tatea sexual\u0103 \u0219i s\u0103 contribuie la men\u021binerea unor rela\u021bii sexuale satisf\u0103c\u0103toare.<\/p>\n<p>ALFAZONE se bazeaz\u0103 pe ingrediente active naturale, fiecare av\u00e2nd un rol specific \u00een \u00eembun\u0103t\u0103\u021birea s\u0103n\u0103t\u0103\u021bii sexuale. Suplimentul se adreseaz\u0103 \u00een special b\u0103rba\u021bilor care doresc s\u0103 \u00ee\u0219i rec\u00e2\u0219tige vitalitatea sexual\u0103 \u0219i s\u0103 \u00eembun\u0103t\u0103\u021beasc\u0103 calitatea rela\u021biilor intime.<\/p>\n<h2>Compozi\u021bie ALFAZONE \u0219i efecte<\/h2>\n<p>Compozi\u021bia ALFAZONE include un amestec de ingrediente naturale, fiecare av\u00e2nd propriet\u0103\u021bi benefice pentru s\u0103n\u0103tatea sexual\u0103:<\/p>\n<ol>\n<li><strong>Extract de Damiana<\/strong> &#8211; Acest extract este cunoscut pentru propriet\u0103\u021bile sale afrodiziace. Ajut\u0103 la \u00eembun\u0103t\u0103\u021birea st\u0103rii de spirit \u0219i sus\u021bine s\u0103n\u0103tatea sexual\u0103, facilit\u00e2nd o mai bun\u0103 comunicare \u00eentre parteneri \u0219i men\u021bin\u00e2nd rela\u021bii sexuale armonioase.<\/li>\n<li><strong>Ginseng<\/strong> &#8211; Este un ingredient bine cunoscut pentru efectele sale stimulatoare asupra func\u021biei erectile. Ginsengul contribuie la ob\u021binerea unor erec\u021bii normale, \u00eembun\u0103t\u0103\u021bind vitalitatea \u0219i rezisten\u021ba sexual\u0103. De asemenea, acesta poate ajuta la reducerea oboselii \u0219i la cre\u0219terea energiei generale.<\/li>\n<li><strong>Zinc<\/strong> &#8211; Un mineral esen\u021bial pentru s\u0103n\u0103tatea reproducerii masculine. Zincul sprijin\u0103 fertilitatea prin men\u021binerea concentra\u021biilor de testosteron \u00een s\u00e2nge, un hormon crucial pentru func\u021bia sexual\u0103. O deficien\u021b\u0103 de zinc poate duce la probleme de erec\u021bie \u0219i sc\u0103derea dorin\u021bei sexuale.<\/li>\n<\/ol>\n<h3>Efecte<\/h3>\n<p>Prin combinarea acestor ingrediente naturale, ALFAZONE ajut\u0103 la:<\/p>\n<ul>\n<li>\u00cembun\u0103t\u0103\u021birea dorin\u021bei sexuale.<\/li>\n<li>Cre\u0219terea calit\u0103\u021bii erec\u021biilor.<\/li>\n<li>Sprijinirea fertilit\u0103\u021bii.<\/li>\n<li>\u00cembun\u0103t\u0103\u021birea st\u0103rii generale de s\u0103n\u0103tate.<\/li>\n<\/ul>\n<h2>Efecte secundare \u0219i contraindica\u021bii<\/h2>\n<p>Unul dintre avantajele principale ale ALFAZONE este natura sa natural\u0103. Datorit\u0103 compozi\u021biei sale, riscurile de efecte secundare sunt minime. Cu toate acestea, este important s\u0103 se \u021bin\u0103 cont de anumite contraindica\u021bii:<\/p>\n<h3>Contraindica\u021bii<\/h3>\n<ol>\n<li><strong>Alergii la ingrediente<\/strong> &#8211; Persoanele care au alergii cunoscute la oricare dintre ingredientele produsului ar trebui s\u0103 evite utilizarea acestuia.<\/li>\n<li><strong>Probleme cardiace<\/strong> &#8211; B\u0103rba\u021bii cu afec\u021biuni cardiace severe ar trebui s\u0103 consulte medicul \u00eenainte de a \u00eencepe un tratament cu ALFAZONE.<\/li>\n<li><strong>Diabet<\/strong> &#8211; Persoanele cu diabet ar trebui s\u0103 fie prudente, deoarece suplimentele pot influen\u021ba nivelul glicemiei.<\/li>\n<li><strong>Adolescen\u021bi<\/strong> &#8211; Acest produs nu este recomandat tinerilor sub 18 ani.<\/li>\n<li><strong>Gravide sau care al\u0103pteaz\u0103<\/strong> &#8211; Femeile \u00eens\u0103rcinate sau care al\u0103pteaz\u0103 ar trebui s\u0103 evite utilizarea acestui supliment.<\/li>\n<\/ol>\n<p style=\"text-align: center;\"><a class=\"border-button\" href=\"https:\/\/tl-track.com\/tracker\/uHVR\">www.alfazone.ro<\/a><\/p>\n<h2>Instruc\u021biuni de utilizare ALFAZONE, recomand\u0103ri generale<\/h2>\n<h3>Instruc\u021biuni de utilizare<\/h3>\n<p>ALFAZONE se administreaz\u0103 conform urm\u0103toarelor recomand\u0103ri:<\/p>\n<ol>\n<li><strong>Dozaj<\/strong>: Se recomand\u0103 1-2 capsule pe zi, preferabil cu un pahar cu ap\u0103. Este ideal s\u0103 le lua\u021bi cu aproximativ 30 de minute \u00eenainte de mas\u0103 pentru a asigura o absorb\u021bie optim\u0103.<\/li>\n<li><strong>Durata tratamentului<\/strong>: Este recomandat s\u0103 utiliza\u021bi ALFAZONE timp de cel pu\u021bin 30 de zile pentru a observa efectele maxime.<\/li>\n<li><strong>Consisten\u021b\u0103<\/strong>: Pentru cele mai bune rezultate, men\u021bine\u021bi o utilizare constant\u0103 a produsului \u0219i evita\u021bi s\u0103ri peste doze.<\/li>\n<\/ol>\n<h3>Recomand\u0103ri generale<\/h3>\n<p>Pentru a sprijini efectele ALFAZONE \u0219i a \u00eembun\u0103t\u0103\u021bi s\u0103n\u0103tatea sexual\u0103, considera\u021bi urm\u0103toarele sfaturi:<\/p>\n<ol>\n<li><strong>Adopta\u021bi un stil de via\u021b\u0103 s\u0103n\u0103tos<\/strong> &#8211; O diet\u0103 echilibrat\u0103, bogat\u0103 \u00een nutrien\u021bi, poate avea un impact pozitiv asupra s\u0103n\u0103t\u0103\u021bii sexuale. Consuma\u021bi alimente bogate \u00een zinc, precum nucile, semin\u021bele \u0219i produsele lactate.<\/li>\n<li><strong>Exerci\u021bii fizice regulate<\/strong> &#8211; Activitatea fizic\u0103 ajut\u0103 la \u00eembun\u0103t\u0103\u021birea circula\u021biei sanguine \u0219i la cre\u0219terea nivelului de energie, ceea ce poate contribui la o via\u021b\u0103 sexual\u0103 mai satisf\u0103c\u0103toare.<\/li>\n<li><strong>Gestionarea stresului<\/strong> &#8211; Stresul poate avea un impact negativ asupra dorin\u021bei sexuale. Practicarea tehnicilor de relaxare, cum ar fi yoga sau medita\u021bia, poate ajuta la \u00eembun\u0103t\u0103\u021birea st\u0103rii mentale \u0219i a vie\u021bii sexuale.<\/li>\n<li><strong>Consultarea unui specialist<\/strong> &#8211; Dac\u0103 ave\u021bi probleme persistente legate de func\u021bia sexual\u0103, este \u00eentotdeauna bine s\u0103 consulta\u021bi un medic specialist pentru a exclude eventuale afec\u021biuni medicale.<\/li>\n<\/ol>\n<p>ALFAZONE se dovede\u0219te a fi un supliment promi\u021b\u0103tor pentru b\u0103rba\u021bii care doresc s\u0103 \u00eembun\u0103t\u0103\u021beasc\u0103 func\u021bia sexual\u0103 \u0219i s\u0103 sus\u021bin\u0103 s\u0103n\u0103tatea general\u0103. Cu o formul\u0103 bazat\u0103 pe ingrediente naturale, efectele sale sunt notabile, iar riscurile de efecte secundare sunt minime. Prin respectarea instruc\u021biunilor de utilizare \u0219i adoptarea unui stil de via\u021b\u0103 s\u0103n\u0103tos, ALFAZONE poate contribui la o via\u021b\u0103 sexual\u0103 mai plin\u0103 de satisfac\u021bii.<\/p>\n<\/div>\n<\/div>\n<\/div>\n<\/div>\n<div class=\"mb-2 flex gap-3 empty:hidden -ml-2\">\n<div class=\"items-center justify-start rounded-xl p-1 flex\">\n<div class=\"flex items-center\">\n<h2>De unde s\u0103 cump\u0103ra\u021bi ALFAZONE, care este pre\u021bul<\/h2>\n<p>Achizi\u021bionarea ALFAZONE este un proces simplu \u0219i convenabil. Produsul poate fi comandat direct de pe site-ul oficial, unde utilizatorii trebuie doar s\u0103 completeze un formular de comand\u0103. Dup\u0103 trimiterea formularului, un specialist va contacta cump\u0103r\u0103torul pentru a confirma detaliile comenzii. Acest lucru asigur\u0103 o experien\u021b\u0103 f\u0103r\u0103 stres \u0219i f\u0103r\u0103 complica\u021bii.<\/p>\n<p>Odat\u0103 ce comanda a fost confirmat\u0103, utilizatorii pot a\u0219tepta livrarea produsului la adresa specificat\u0103. Un alt avantaj major este c\u0103 plata se poate face la livrare, ceea ce elimin\u0103 riscurile asociate cu achizi\u021biile online. Astfel, clien\u021bii pot avea lini\u0219tea c\u0103 vor pl\u0103ti doar pentru produsul pe care l-au primit.<\/p>\n<h2>Recenzii reale, forum<\/h2>\n<p>Pe diverse forumuri \u0219i site-uri de recenzii, ALFAZONE a primit numeroase comentarii din partea utilizatorilor. Cele mai multe recenzii sunt pozitive, iar utilizatorii eviden\u021biaz\u0103 o serie de avantaje pe care le-au observat \u00een urma utiliz\u0103rii produsului.<\/p>\n<p>Printre plusurile men\u021bionate de consumatori se num\u0103r\u0103:<\/p>\n<ul>\n<li><strong>\u00cembun\u0103t\u0103\u021birea dorin\u021bei sexuale<\/strong>: Multe persoane au raportat o cre\u0219tere semnificativ\u0103 a dorin\u021bei sexuale \u0219i a satisfac\u021biei \u00een timpul actului sexual.<\/li>\n<li><strong>Erections mai puternice \u0219i durabile<\/strong>: Utilizatorii au subliniat c\u0103 ALFAZONE le-a ajutat s\u0103 ob\u021bin\u0103 erec\u021bii mai ferme \u0219i mai durabile, ceea ce a dus la o experien\u021b\u0103 sexual\u0103 mai pl\u0103cut\u0103.<\/li>\n<li><strong>Energie \u0219i vitalitate crescute<\/strong>: Foarte mul\u021bi consumatori au observat o cre\u0219tere a nivelului de energie, ceea ce le permite s\u0103 se bucure de activit\u0103\u021bi sexuale mai intense \u0219i mai frecvente.<\/li>\n<li><strong>F\u0103r\u0103 efecte secundare<\/strong>: Utilizatorii au apreciat faptul c\u0103 produsul este natural \u0219i nu au \u00eent\u00e2mpinat efecte secundare nepl\u0103cute, ceea ce face ALFAZONE o op\u021biune sigur\u0103.<\/li>\n<\/ul>\n<p style=\"text-align: center;\"><a class=\"border-button\" href=\"https:\/\/tl-track.com\/tracker\/uHVR\">(\u221250%) Direct de la produc\u0103tor!<\/a><\/p>\n<h2>Feedback de la utilizatori despre ALFAZONE<\/h2>\n<p>Iat\u0103 c\u00e2teva recenzii din partea utilizatorilor:<\/p>\n<ol>\n<li><strong>Ion P. &#8211; \u2b50\u2b50\u2b50\u2b50\u2b50<\/strong><br \/>\n\u201eAm folosit ALFAZONE timp de o lun\u0103 \u0219i diferen\u021ba este uimitoare! Dorin\u021ba mea sexual\u0103 a crescut considerabil, iar erec\u021biile sunt mai puternice ca niciodat\u0103. Recomand cu c\u0103ldur\u0103 acest produs tuturor b\u0103rba\u021bilor care au nevoie de un boost \u00een via\u021ba sexual\u0103!\u201d<\/li>\n<li><strong>Andrei M. &#8211; \u2b50\u2b50\u2b50\u2b50<\/strong><br \/>\n\u201eM-am sim\u021bit \u00eentotdeauna bine, dar cu ALFAZONE, energia mea a crescut mult. \u00cemi place c\u0103 este un supliment natural \u0219i nu am avut nicio reac\u021bie advers\u0103. Satisfac\u021bia \u00een dormitor este la un alt nivel!\u201d<\/li>\n<li><strong>Cristian R. &#8211; \u2b50\u2b50\u2b50\u2b50\u2b50<\/strong><br \/>\n\u201eDup\u0103 c\u00e2teva s\u0103pt\u0103m\u00e2ni de utilizare, pot spune c\u0103 ALFAZONE a f\u0103cut minuni. Rela\u021bia mea a devenit mai pasional\u0103 \u0219i comunicarea cu partenera mea s-a \u00eembun\u0103t\u0103\u021bit. Este un produs fantastic!\u201d<\/li>\n<\/ol>\n<p>Aceste recenzii demonstreaz\u0103 c\u0103 ALFAZONE nu doar c\u0103 \u00eembun\u0103t\u0103\u021be\u0219te s\u0103n\u0103tatea sexual\u0103, dar \u0219i contribuie la o via\u021b\u0103 de cuplu mai fericit\u0103 \u0219i mai \u00eemplinit\u0103. Cu feedback-ul pozitiv de la utilizatori, ALFAZONE se dovede\u0219te a fi o alegere excelent\u0103 pentru b\u0103rba\u021bii care caut\u0103 s\u0103 \u00ee\u0219i \u00eembun\u0103t\u0103\u021beasc\u0103 via\u021ba sexual\u0103 \u0219i s\u0103n\u0103tatea general\u0103.<\/p>\n<\/div>\n<\/div>\n<\/div>\n","protected":false},"excerpt":{"rendered":"<p style=\"text-align: center;\"><a class=\"border-button\" href=\"https:\/\/tl-track.com\/tracker\/uHVR\">Cump\u0103ra\u021bi<\/a><\/p>\n<p style=\"text-align: left;\">#prod. 76899054<\/p>\n","protected":false},"featured_media":221,"comment_status":"open","ping_status":"closed","template":"","meta":[],"product_brand":[],"product_cat":[15],"product_tag":[],"class_list":{"0":"post-220","1":"product","2":"type-product","3":"status-publish","4":"has-post-thumbnail","6":"product_cat-medic","8":"first","9":"instock","10":"sale","11":"shipping-taxable","12":"purchasable","13":"product-type-simple"},"aioseo_notices":[],"_links":{"self":[{"href":"https:\/\/clinicadomnitachiajna.ro\/medic\/wp-json\/wp\/v2\/product\/220","targetHints":{"allow":["GET"]}}],"collection":[{"href":"https:\/\/clinicadomnitachiajna.ro\/medic\/wp-json\/wp\/v2\/product"}],"about":[{"href":"https:\/\/clinicadomnitachiajna.ro\/medic\/wp-json\/wp\/v2\/types\/product"}],"replies":[{"embeddable":true,"href":"https:\/\/clinicadomnitachiajna.ro\/medic\/wp-json\/wp\/v2\/comments?post=220"}],"wp:featuredmedia":[{"embeddable":true,"href":"https:\/\/clinicadomnitachiajna.ro\/medic\/wp-json\/wp\/v2\/media\/221"}],"wp:attachment":[{"href":"https:\/\/clinicadomnitachiajna.ro\/medic\/wp-json\/wp\/v2\/media?parent=220"}],"wp:term":[{"taxonomy":"product_brand","embeddable":true,"href":"https:\/\/clinicadomnitachiajna.ro\/medic\/wp-json\/wp\/v2\/product_brand?post=220"},{"taxonomy":"product_cat","embeddable":true,"href":"https:\/\/clinicadomnitachiajna.ro\/medic\/wp-json\/wp\/v2\/product_cat?post=220"},{"taxonomy":"product_tag","embeddable":true,"href":"https:\/\/clinicadomnitachiajna.ro\/medic\/wp-json\/wp\/v2\/product_tag?post=220"}],"curies":[{"name":"wp","href":"https:\/\/api.w.org\/{rel}","templated":true}]}}