{"id":1091,"date":"2025-09-10T06:46:41","date_gmt":"2025-09-10T06:46:41","guid":{"rendered":"https:\/\/clinicadomnitachiajna.ro\/medic\/?post_type=product&#038;p=1091"},"modified":"2025-09-10T06:46:42","modified_gmt":"2025-09-10T06:46:42","slug":"balancio","status":"publish","type":"product","link":"https:\/\/clinicadomnitachiajna.ro\/medic\/product\/balancio\/","title":{"rendered":"Balancio"},"content":{"rendered":"<p data-start=\"166\" data-end=\"552\">Balancio este un supliment inovator sub form\u0103 de capsule pentru sl\u0103bit, creat special pentru persoanele care doresc s\u0103 \u00ee\u0219i reduc\u0103 greutatea \u00eentr-un mod sigur \u0219i natural. Pe pia\u021ba suplimentelor pentru pierderea kilogramelor \u00een plus exist\u0103 multe produse, dar Balancio se eviden\u021biaz\u0103 datorit\u0103 formulei sale naturale, ac\u021biunii complexe \u0219i lipsei efectelor secundare semnificative.<\/p>\n<p data-start=\"554\" data-end=\"955\">Un stil de via\u021b\u0103 sedentar, alimenta\u021bia dezechilibrat\u0103 \u0219i stresul duc la acumularea de kilograme, iar \u00een timp acest lucru poate provoca probleme de s\u0103n\u0103tate. Balancio este conceput pentru a sprijini organismul s\u0103 ard\u0103 gr\u0103simile mai eficient, s\u0103 reduc\u0103 apetitul \u0219i s\u0103 creasc\u0103 nivelul de energie. Prin urmare, nu este doar un ajutor estetic, ci \u0219i unul pentru \u00eembun\u0103t\u0103\u021birea st\u0103rii generale de s\u0103n\u0103tate.<\/p>\n<p data-start=\"957\" data-end=\"1026\"><strong>Beneficiile pe care utilizatorii le men\u021bioneaz\u0103 cel mai des includ:<\/strong><\/p>\n<ul data-start=\"1027\" data-end=\"1184\">\n<li data-start=\"1027\" data-end=\"1058\">\n<p data-start=\"1029\" data-end=\"1058\">accelerarea metabolismului;<\/p>\n<\/li>\n<li data-start=\"1059\" data-end=\"1091\">\n<p data-start=\"1061\" data-end=\"1091\">controlul poftei de m\u00e2ncare;<\/p>\n<\/li>\n<li data-start=\"1092\" data-end=\"1133\">\n<p data-start=\"1094\" data-end=\"1133\">sus\u021binerea procesului de detoxifiere;<\/p>\n<\/li>\n<li data-start=\"1134\" data-end=\"1184\">\n<p data-start=\"1136\" data-end=\"1184\">\u00eembun\u0103t\u0103\u021birea tonusului \u0219i a energiei zilnice.<\/p>\n<\/li>\n<\/ul>\n<h2 data-start=\"1186\" data-end=\"1220\">Compozi\u021bie Balancio \u0219i efecte<\/h2>\n<p data-start=\"1222\" data-end=\"1447\">Secretul eficien\u021bei produsului Balancio const\u0103 \u00een ingredientele sale naturale atent selec\u021bionate. Formula con\u021bine extracte din plante \u0219i substan\u021be active recunoscute pentru capacitatea de a accelera procesul de sl\u0103bire.<\/p>\n<p data-start=\"1449\" data-end=\"1497\"><strong>Printre ingredientele des \u00eent\u00e2lnite se num\u0103r\u0103:<\/strong><\/p>\n<ul data-start=\"1498\" data-end=\"1978\">\n<li data-start=\"1498\" data-end=\"1585\">\n<p data-start=\"1500\" data-end=\"1585\"><strong data-start=\"1500\" data-end=\"1525\">Extract de ceai verde<\/strong> \u2013 stimuleaz\u0103 arderea gr\u0103similor \u0219i are efect antioxidant.<\/p>\n<\/li>\n<li data-start=\"1586\" data-end=\"1692\">\n<p data-start=\"1588\" data-end=\"1692\"><strong data-start=\"1588\" data-end=\"1609\">Garcinia cambogia<\/strong> \u2013 reduce pofta de m\u00e2ncare \u0219i ajut\u0103 la men\u021binerea nivelului normal de colesterol.<\/p>\n<\/li>\n<li data-start=\"1693\" data-end=\"1766\">\n<p data-start=\"1695\" data-end=\"1766\"><strong data-start=\"1695\" data-end=\"1715\">Cafein\u0103 natural\u0103<\/strong> \u2013 ofer\u0103 energie \u0219i sus\u021bine procesele metabolice.<\/p>\n<\/li>\n<li data-start=\"1767\" data-end=\"1884\">\n<p data-start=\"1769\" data-end=\"1884\"><strong data-start=\"1769\" data-end=\"1784\">L-carnitin\u0103<\/strong> \u2013 faciliteaz\u0103 transportul acizilor gra\u0219i c\u0103tre celulele musculare, unde sunt ar\u0219i pentru energie.<\/p>\n<\/li>\n<li data-start=\"1885\" data-end=\"1978\">\n<p data-start=\"1887\" data-end=\"1978\"><strong data-start=\"1887\" data-end=\"1920\">Extracte de plante medicinale<\/strong> \u2013 sprijin\u0103 detoxifierea \u0219i eliminarea reten\u021biei de ap\u0103.<\/p>\n<\/li>\n<\/ul>\n<p data-start=\"1980\" data-end=\"2010\"><strong>Cum ac\u021bioneaz\u0103 Balancio?<\/strong><\/p>\n<ul data-start=\"2011\" data-end=\"2409\">\n<li data-start=\"2011\" data-end=\"2112\">\n<p data-start=\"2013\" data-end=\"2112\"><strong data-start=\"2013\" data-end=\"2041\">Accelereaz\u0103 metabolismul<\/strong> \u2013 organismul \u00eencepe s\u0103 ard\u0103 mai rapid caloriile, chiar \u0219i \u00een repaus.<\/p>\n<\/li>\n<li data-start=\"2113\" data-end=\"2212\">\n<p data-start=\"2115\" data-end=\"2212\"><strong data-start=\"2115\" data-end=\"2134\">Reduce apetitul<\/strong> \u2013 consumul zilnic de alimente scade, ceea ce favorizeaz\u0103 deficitul caloric.<\/p>\n<\/li>\n<li data-start=\"2213\" data-end=\"2305\">\n<p data-start=\"2215\" data-end=\"2305\"><strong data-start=\"2215\" data-end=\"2233\">Arde gr\u0103simile<\/strong> \u2013 \u00een special \u00een zonele \u201edificile\u201d precum abdomen, \u0219olduri sau coapse.<\/p>\n<\/li>\n<li data-start=\"2306\" data-end=\"2409\">\n<p data-start=\"2308\" data-end=\"2409\"><strong data-start=\"2308\" data-end=\"2333\">\u00cembun\u0103t\u0103\u021be\u0219te energia<\/strong> \u2013 utilizatorii nu simt oboseal\u0103, chiar dac\u0103 urmeaz\u0103 o diet\u0103 hipocaloric\u0103.<\/p>\n<\/li>\n<\/ul>\n<p data-start=\"2411\" data-end=\"2537\">Astfel, Balancio devine un aliat real pentru persoanele care caut\u0103 o metod\u0103 natural\u0103 \u0219i echilibrat\u0103 de pierdere \u00een greutate.<\/p>\n<p style=\"text-align: center;\" data-start=\"2411\" data-end=\"2537\"><a class=\"border-button\" href=\"https:\/\/keonv.com\/JO0S?sub1=sub1&amp;sub2=sub2&amp;sub3=sub3&amp;sub4=sub4&amp;sub5=sub5\">www.balancio.ro<\/a><\/p>\n<h2 data-start=\"2539\" data-end=\"2579\">Efecte secundare \u0219i contraindica\u021bii<\/h2>\n<p data-start=\"2581\" data-end=\"2800\">Fiind un supliment 100% natural, Balancio are riscuri minime de efecte secundare. Totu\u0219i, ca \u00een cazul oric\u0103rui produs de acest tip, este important s\u0103 respecta\u021bi instruc\u021biunile \u0219i s\u0103 \u021bine\u021bi cont de contraindica\u021bii.<\/p>\n<p data-start=\"2802\" data-end=\"2851\"><strong>Posibile efecte secundare (rare \u0219i u\u0219oare):<\/strong><\/p>\n<ul data-start=\"2852\" data-end=\"3013\">\n<li data-start=\"2852\" data-end=\"2937\">\n<p data-start=\"2854\" data-end=\"2937\">u\u0219oar\u0103 insomnie dac\u0103 este consumat prea t\u00e2rziu din cauza con\u021binutului de cafein\u0103;<\/p>\n<\/li>\n<li data-start=\"2938\" data-end=\"3013\">\n<p data-start=\"2940\" data-end=\"3013\">sensibilitate gastric\u0103 la persoanele foarte sensibile la plante active.<\/p>\n<\/li>\n<\/ul>\n<p data-start=\"3015\" data-end=\"3037\"><strong>Contraindica\u021bii:<\/strong><\/p>\n<ul data-start=\"3038\" data-end=\"3277\">\n<li data-start=\"3038\" data-end=\"3079\">\n<p data-start=\"3040\" data-end=\"3079\">femei \u00eens\u0103rcinate sau care al\u0103pteaz\u0103;<\/p>\n<\/li>\n<li data-start=\"3080\" data-end=\"3184\">\n<p data-start=\"3082\" data-end=\"3184\">persoane cu boli cronice severe (diabet necontrolat, hipertensiune sever\u0103, probleme cardiace grave);<\/p>\n<\/li>\n<li data-start=\"3185\" data-end=\"3240\">\n<p data-start=\"3187\" data-end=\"3240\">alergie la oricare dintre ingredientele produsului;<\/p>\n<\/li>\n<li data-start=\"3241\" data-end=\"3277\">\n<p data-start=\"3243\" data-end=\"3277\">copii \u0219i adolescen\u021bi sub 18 ani.<\/p>\n<\/li>\n<\/ul>\n<p data-start=\"3279\" data-end=\"3409\">\u00cen general, produsul este bine tolerat \u0219i poate fi utilizat de majoritatea persoanelor adulte care doresc s\u0103 piard\u0103 \u00een greutate.<\/p>\n<h2 data-start=\"3411\" data-end=\"3472\">Instruc\u021biuni de utilizare Balancio, recomand\u0103ri generale<\/h2>\n<p data-start=\"3474\" data-end=\"3571\">Pentru a ob\u021bine cele mai bune rezultate, este important s\u0103 urma\u021bi corect modul de administrare.<\/p>\n<p data-start=\"3573\" data-end=\"3609\"><strong>Cum se administreaz\u0103 Balancio:<\/strong><\/p>\n<ol data-start=\"3610\" data-end=\"3892\">\n<li data-start=\"3610\" data-end=\"3671\">\n<p data-start=\"3613\" data-end=\"3671\">Lua\u021bi 1-2 capsule pe zi, preferabil \u00eenainte de mese.<\/p>\n<\/li>\n<li data-start=\"3672\" data-end=\"3720\">\n<p data-start=\"3675\" data-end=\"3720\">Consuma\u021bi produsul cu un pahar mare de ap\u0103.<\/p>\n<\/li>\n<li data-start=\"3721\" data-end=\"3798\">\n<p data-start=\"3724\" data-end=\"3798\">Evita\u021bi administrarea seara t\u00e2rziu pentru a preveni tulbur\u0103rile de somn.<\/p>\n<\/li>\n<li data-start=\"3799\" data-end=\"3892\">\n<p data-start=\"3802\" data-end=\"3892\">Urma\u021bi o cur\u0103 de cel pu\u021bin 30 de zile, pentru a permite organismului s\u0103 se adapteze.<\/p>\n<\/li>\n<\/ol>\n<p data-start=\"3894\" data-end=\"3948\"><strong>Recomand\u0103ri generale pentru o sl\u0103bire eficient\u0103:<\/strong><\/p>\n<ul data-start=\"3949\" data-end=\"4310\">\n<li data-start=\"3949\" data-end=\"4040\">\n<p data-start=\"3951\" data-end=\"4040\">Combina\u021bi administrarea cu o diet\u0103 echilibrat\u0103 bogat\u0103 \u00een legume, proteine \u0219i fibre.<\/p>\n<\/li>\n<li data-start=\"4041\" data-end=\"4092\">\n<p data-start=\"4043\" data-end=\"4092\">Be\u021bi suficient\u0103 ap\u0103 (minim 1,5\u20132 litri zilnic).<\/p>\n<\/li>\n<li data-start=\"4093\" data-end=\"4169\">\n<p data-start=\"4095\" data-end=\"4169\">Face\u021bi mi\u0219care regulat\u0103, chiar \u0219i plimb\u0103ri de 20\u201330 de minute pe zi.<\/p>\n<\/li>\n<li data-start=\"4170\" data-end=\"4229\">\n<p data-start=\"4172\" data-end=\"4229\">Evita\u021bi alimentele procesate \u0219i b\u0103uturile carbogazoase.<\/p>\n<\/li>\n<li data-start=\"4230\" data-end=\"4310\">\n<p data-start=\"4232\" data-end=\"4310\">Men\u021bine\u021bi un program regulat de somn, deoarece odihna sprijin\u0103 metabolismul.<\/p>\n<\/li>\n<\/ul>\n<p data-start=\"4312\" data-end=\"4414\">Respectarea acestor recomand\u0103ri va spori eficien\u021ba suplimentului \u0219i va accelera procesul de sl\u0103bire.<\/p>\n<h2 data-start=\"4416\" data-end=\"4468\">De unde s\u0103 cump\u0103ra\u021bi Balancio, care este pre\u021bul<\/h2>\n<p data-start=\"4470\" data-end=\"4684\">Balancio nu se g\u0103se\u0219te \u00een farmacii sau \u00een magazine obi\u0219nuite, ci se comand\u0103 direct de pe site-ul oficial al produc\u0103torului. Acest lucru garanteaz\u0103 originalitatea produsului \u0219i protec\u021bia \u00eempotriva imita\u021biilor.<\/p>\n<p data-start=\"4686\" data-end=\"4735\"><strong>Procesul de achizi\u021bie este simplu \u0219i sigur:<\/strong><\/p>\n<ol data-start=\"4736\" data-end=\"5094\">\n<li data-start=\"4736\" data-end=\"4838\">\n<p data-start=\"4739\" data-end=\"4838\">Completa\u021bi formularul de comand\u0103 de pe site-ul oficial, introduc\u00e2nd numele \u0219i num\u0103rul de telefon.<\/p>\n<\/li>\n<li data-start=\"4839\" data-end=\"4935\">\n<p data-start=\"4842\" data-end=\"4935\">Ve\u021bi fi contactat de un specialist pentru confirmarea comenzii \u0219i detaliile de livrare.<\/p>\n<\/li>\n<li data-start=\"4936\" data-end=\"5007\">\n<p data-start=\"4939\" data-end=\"5007\">Comanda este expediat\u0103 rapid, iar livrarea se face \u00een c\u00e2teva zile.<\/p>\n<\/li>\n<li data-start=\"5008\" data-end=\"5094\">\n<p data-start=\"5011\" data-end=\"5094\">Plata se efectueaz\u0103 la primirea coletului \u2013 f\u0103r\u0103 risc \u0219i f\u0103r\u0103 plat\u0103 \u00een avans.<\/p>\n<\/li>\n<\/ol>\n<p data-start=\"5096\" data-end=\"5316\">Pre\u021bul este accesibil \u0219i adesea disponibil cu reduceri promo\u021bionale pentru noii clien\u021bi sau pentru achizi\u021bii multiple. Astfel, oricine \u00ee\u0219i dore\u0219te s\u0103 \u00eenceap\u0103 o cur\u0103 de sl\u0103bire cu Balancio o poate face f\u0103r\u0103 dificult\u0103\u021bi.<\/p>\n<h2 data-start=\"121\" data-end=\"147\">Recenzii reale, forum<\/h2>\n<p data-start=\"149\" data-end=\"404\">Pe forumuri \u0219i platforme de s\u0103n\u0103tate, Balancio a adunat un num\u0103r impresionant de recenzii. Majoritatea celor care au folosit produsul confirm\u0103 faptul c\u0103 suplimentul ajut\u0103 vizibil la pierderea \u00een greutate \u0219i la men\u021binerea energiei pe parcursul zilei.<\/p>\n<p data-start=\"406\" data-end=\"458\"><strong>Avantajele men\u021bionate frecvent de utilizatori:<\/strong><\/p>\n<ul data-start=\"459\" data-end=\"1035\">\n<li data-start=\"459\" data-end=\"555\">\n<p data-start=\"461\" data-end=\"555\"><strong data-start=\"461\" data-end=\"506\">Sc\u0103dere treptat\u0103 \u0219i constant\u0103 \u00een greutate<\/strong> \u2013 f\u0103r\u0103 efect de yo-yo dup\u0103 \u00eentreruperea curei.<\/p>\n<\/li>\n<li data-start=\"556\" data-end=\"646\">\n<p data-start=\"558\" data-end=\"646\"><strong data-start=\"558\" data-end=\"574\">Apetit redus<\/strong> \u2013 multe persoane au remarcat c\u0103 senza\u021bia de foame scade semnificativ.<\/p>\n<\/li>\n<li data-start=\"647\" data-end=\"755\">\n<p data-start=\"649\" data-end=\"755\"><strong data-start=\"649\" data-end=\"674\">Energie \u0219i vitalitate<\/strong> \u2013 chiar \u0219i dup\u0103 o zi solicitant\u0103, utilizatorii spun c\u0103 nu se mai simt obosi\u021bi.<\/p>\n<\/li>\n<li data-start=\"756\" data-end=\"837\">\n<p data-start=\"758\" data-end=\"837\"><strong data-start=\"758\" data-end=\"803\">Rezultate vizibile \u00een zonele problematice<\/strong> \u2013 \u00een special abdomen \u0219i coapse.<\/p>\n<\/li>\n<li data-start=\"838\" data-end=\"936\">\n<p data-start=\"840\" data-end=\"936\"><strong data-start=\"840\" data-end=\"858\">Produs natural<\/strong> \u2013 lipsa reac\u021biilor adverse majore este un mare plus, subliniat pe forumuri.<\/p>\n<\/li>\n<li data-start=\"937\" data-end=\"1035\">\n<p data-start=\"939\" data-end=\"1035\"><strong data-start=\"939\" data-end=\"976\">Proces de comand\u0103 simplu \u0219i sigur<\/strong> \u2013 posibilitatea de a pl\u0103ti la livrare inspir\u0103 \u00eencredere.<\/p>\n<\/li>\n<\/ul>\n<p data-start=\"1037\" data-end=\"1255\">Cei care au \u00eemp\u0103rt\u0103\u0219it experien\u021ba lor afirm\u0103 c\u0103 Balancio nu este un \u201emiracol instant\u201d, ci un supliment care func\u021bioneaz\u0103 atunci c\u00e2nd este utilizat corect, combinat cu alimenta\u021bie echilibrat\u0103 \u0219i activitate fizic\u0103.<\/p>\n<p data-start=\"1257\" data-end=\"1412\">Astfel, imaginea general\u0103 pe forumuri este una pozitiv\u0103, iar produsul cap\u0103t\u0103 tot mai mult\u0103 popularitate printre cei care caut\u0103 metode naturale de sl\u0103bit.<\/p>\n<p style=\"text-align: center;\" data-start=\"1257\" data-end=\"1412\"><a class=\"border-button\" href=\"https:\/\/keonv.com\/JO0S?sub1=sub1&amp;sub2=sub2&amp;sub3=sub3&amp;sub4=sub4&amp;sub5=sub5\">(\u221250%) Direct de la produc\u0103tor!<\/a><\/p>\n<h2 data-start=\"1414\" data-end=\"1461\">Feedback de la utilizatori despre Balancio<\/h2>\n<p data-start=\"1463\" data-end=\"1588\">Mai jos g\u0103si\u021bi c\u00e2teva dintre recenziile autentice ale clien\u021bilor care au \u00eencercat Balancio \u0219i \u0219i-au \u00eemp\u0103rt\u0103\u0219it rezultatele:<\/p>\n<ol>\n<li data-start=\"1590\" data-end=\"1622\"><strong>\u2b50\u2b50\u2b50\u2b50\u2b50 \u2013 Andreea, 34 de ani:<\/strong> \u201eAm \u00eencercat multe suplimente pentru sl\u0103bit, dar Balancio a fost singurul care chiar a f\u0103cut diferen\u021ba. \u00cen prima lun\u0103 am pierdut 4 kg f\u0103r\u0103 s\u0103 simt foame constant\u0103. M\u0103 simt mai energic\u0103 \u0219i am \u00eenceput s\u0103 fac \u0219i sport u\u0219or. Recomand cu \u00eencredere!\u201d<\/li>\n<li data-start=\"1871\" data-end=\"1901\"><strong>\u2b50\u2b50\u2b50\u2b50\u2b50 \u2013 Mihai, 41 de ani:<\/strong> \u201eLucrez la birou \u0219i nu am foarte mult timp pentru sal\u0103. Cu Balancio am observat c\u0103 \u00eemi controleaz\u0103 apetitul \u0219i nu mai am poft\u0103 de dulciuri cum aveam \u00eenainte. \u00cen 6 s\u0103pt\u0103m\u00e2ni am sc\u0103zut cu aproape 7 kg \u0219i am mai mult\u0103 \u00eencredere \u00een mine. Un produs excelent!\u201d<\/li>\n<li data-start=\"2160\" data-end=\"2190\"><strong>\u2b50\u2b50\u2b50\u2b50\u2b50 \u2013 Elena, 28 de ani:<\/strong> \u201ePentru mine, cel mai mare avantaj este c\u0103 produsul este natural \u0219i nu am avut reac\u021bii adverse. Am comandat direct de pe site-ul oficial \u0219i coletul a ajuns \u00een dou\u0103 zile. Rezultatele sunt vizibile, iar hainele \u00eemi vin din ce \u00een ce mai bine. Sunt foarte mul\u021bumit\u0103!\u201d<\/li>\n<\/ol>\n","protected":false},"excerpt":{"rendered":"<p style=\"text-align: center;\"><a class=\"border-button\" href=\"https:\/\/keonv.com\/JO0S?sub1=sub1&amp;sub2=sub2&amp;sub3=sub3&amp;sub4=sub4&amp;sub5=sub5\">Cump\u0103ra\u021bi<\/a><\/p>\n<p style=\"text-align: left;\">#prod. 76002215<\/p>\n","protected":false},"featured_media":1092,"comment_status":"open","ping_status":"closed","template":"","meta":[],"product_brand":[],"product_cat":[15],"product_tag":[],"class_list":{"0":"post-1091","1":"product","2":"type-product","3":"status-publish","4":"has-post-thumbnail","6":"product_cat-medic","8":"first","9":"instock","10":"sale","11":"shipping-taxable","12":"purchasable","13":"product-type-simple"},"aioseo_notices":[],"_links":{"self":[{"href":"https:\/\/clinicadomnitachiajna.ro\/medic\/wp-json\/wp\/v2\/product\/1091","targetHints":{"allow":["GET"]}}],"collection":[{"href":"https:\/\/clinicadomnitachiajna.ro\/medic\/wp-json\/wp\/v2\/product"}],"about":[{"href":"https:\/\/clinicadomnitachiajna.ro\/medic\/wp-json\/wp\/v2\/types\/product"}],"replies":[{"embeddable":true,"href":"https:\/\/clinicadomnitachiajna.ro\/medic\/wp-json\/wp\/v2\/comments?post=1091"}],"wp:featuredmedia":[{"embeddable":true,"href":"https:\/\/clinicadomnitachiajna.ro\/medic\/wp-json\/wp\/v2\/media\/1092"}],"wp:attachment":[{"href":"https:\/\/clinicadomnitachiajna.ro\/medic\/wp-json\/wp\/v2\/media?parent=1091"}],"wp:term":[{"taxonomy":"product_brand","embeddable":true,"href":"https:\/\/clinicadomnitachiajna.ro\/medic\/wp-json\/wp\/v2\/product_brand?post=1091"},{"taxonomy":"product_cat","embeddable":true,"href":"https:\/\/clinicadomnitachiajna.ro\/medic\/wp-json\/wp\/v2\/product_cat?post=1091"},{"taxonomy":"product_tag","embeddable":true,"href":"https:\/\/clinicadomnitachiajna.ro\/medic\/wp-json\/wp\/v2\/product_tag?post=1091"}],"curies":[{"name":"wp","href":"https:\/\/api.w.org\/{rel}","templated":true}]}}