{"id":103,"date":"2024-09-18T13:16:16","date_gmt":"2024-09-18T13:16:16","guid":{"rendered":"https:\/\/clinicadomnitachiajna.ro\/medic\/?post_type=product&#038;p=103"},"modified":"2025-04-07T11:16:43","modified_gmt":"2025-04-07T11:16:43","slug":"keto-black","status":"publish","type":"product","link":"https:\/\/clinicadomnitachiajna.ro\/medic\/product\/keto-black\/","title":{"rendered":"Keto Black"},"content":{"rendered":"<p>Keto Black+ este o b\u0103utur\u0103 pentru sl\u0103bit bazat\u0103 pe principiile dietei ketogenice, una dintre cele mai populare metode de pierdere \u00een greutate \u00een lume. Principiul acestei diete const\u0103 \u00een reducerea aportului de carbohidra\u021bi pentru a for\u021ba organismul s\u0103 produc\u0103 ketone, care sunt utilizate ca surs\u0103 alternativ\u0103 de energie \u00een locul glucozei. B\u0103utura Keto Black+ vine \u00een ajutorul persoanelor care \u00ee\u0219i doresc s\u0103 intre \u00een cetoz\u0103 f\u0103r\u0103 a renun\u021ba complet la carbohidra\u021bi sau a trece prin perioade lungi de adaptare.<\/p>\n<p>Spre deosebire de alte suplimente pentru sl\u0103bit, Keto Black+ nu con\u021bine substan\u021be chimice periculoase sau stimulen\u021bi artificiali. Compozi\u021bia sa este bazat\u0103 pe extracte naturale din plante, ceea ce o face o op\u021biune sigur\u0103 \u0219i eficient\u0103 pentru cei care doresc s\u0103 piard\u0103 \u00een greutate \u00eentr-un mod s\u0103n\u0103tos.<\/p>\n<h2>Compozi\u021bie Keto Black \u0219i efecte<\/h2>\n<p>Unul dintre principalele avantaje ale Keto Black+ este formula sa unic\u0103, care include ingrediente naturale bine cunoscute pentru propriet\u0103\u021bile lor benefice \u00een procesul de sl\u0103bit. Principalele ingrediente active sunt:<\/p>\n<ul>\n<li><strong>Extract de fructe de avocado (Avocado fruits)<\/strong> \u2013 Avocado este o surs\u0103 bogat\u0103 de gr\u0103simi s\u0103n\u0103toase, care ajut\u0103 la cre\u0219terea senza\u021biei de sa\u021bietate \u0219i la stabilizarea nivelului de zah\u0103r din s\u00e2nge. Gr\u0103simile nesaturate din avocado contribuie la arderea gr\u0103similor \u0219i la \u00eembun\u0103t\u0103\u021birea metabolismului lipidic.<\/li>\n<li><strong>Extract de frunze de ceai verde (Green Tea)<\/strong> \u2013 Ceaiul verde este cunoscut pentru capacitatea sa de a accelera metabolismul \u0219i de a stimula arderea gr\u0103similor. El con\u021bine antioxidan\u021bi puternici care ajut\u0103 la detoxifierea organismului \u0219i reducerea stresului oxidativ.<\/li>\n<\/ul>\n<p>Aceast\u0103 combina\u021bie de ingrediente sprijin\u0103 organismul \u00een procesul de cetoz\u0103, \u00een care gr\u0103simile sunt folosite ca principal\u0103 surs\u0103 de energie. Astfel, utilizatorii pot observa o reducere semnificativ\u0103 a stratului de gr\u0103sime, \u00een special \u00een zonele problematice, cum ar fi abdomenul \u0219i coapsele. \u00cen plus, Keto Black+ ajut\u0103 la reglarea apetitului, prevenind gust\u0103rile nes\u0103n\u0103toase \u00eentre mese.<\/p>\n<h2>Efecte secundare \u0219i contraindica\u021bii<\/h2>\n<p>Deoarece Keto Black+ este un produs pe baz\u0103 de ingrediente naturale, riscurile asociate cu utilizarea sa sunt minime. Totu\u0219i, ca orice alt supliment alimentar, exist\u0103 c\u00e2teva contraindica\u021bii de care trebuie \u021binut cont.<\/p>\n<h4>Contraindica\u021bii:<\/h4>\n<ul>\n<li>Persoanele alergice la oricare dintre ingredientele produsului.<\/li>\n<li>Femeile \u00eens\u0103rcinate sau care al\u0103pteaz\u0103.<\/li>\n<li>Persoanele care sufer\u0103 de afec\u021biuni cronice severe (diabet, probleme cardiovasculare) trebuie s\u0103 consulte un medic \u00eenainte de utilizare.<\/li>\n<\/ul>\n<p>Keto Black+ nu provoac\u0103 reac\u021bii alergice sau efecte secundare grave. Este un produs care nu creeaz\u0103 dependen\u021b\u0103 \u0219i poate fi utilizat pe termen lung pentru a sprijini pierderea \u00een greutate.<\/p>\n<p style=\"text-align: center;\"><a class=\"border-button\" href=\"http:\/\/tl-track.com\/tracker\/uexR\">www.keto-black.ro<\/a><\/p>\n<h2>Instruc\u021biuni de utilizare Keto Black, recomand\u0103ri generale<\/h2>\n<p>Utilizarea corect\u0103 a Keto Black+ este esen\u021bial\u0103 pentru a ob\u021bine rezultatele dorite. Iat\u0103 cum ar trebui s\u0103 fie utilizat produsul:<\/p>\n<ol>\n<li><strong>Mod de administrare<\/strong>: Se recomand\u0103 dizolvarea unei m\u0103suri (aproximativ 10 grame) de Keto Black+ \u00eentr-un pahar cu ap\u0103 (200 ml). Se amestec\u0103 bine \u0219i se consum\u0103 \u00eenainte de o mas\u0103 principal\u0103.<\/li>\n<li><strong>Frecven\u021ba<\/strong>: Produsul poate fi consumat de 1-2 ori pe zi, \u00een func\u021bie de obiectivele de sl\u0103bit \u0219i de stilul de via\u021b\u0103 al utilizatorului.<\/li>\n<li><strong>Durata utiliz\u0103rii<\/strong>: Pentru rezultate optime, se recomand\u0103 utilizarea continu\u0103 a produsului timp de cel pu\u021bin 1-2 luni.<\/li>\n<\/ol>\n<h4>Recomand\u0103ri generale pentru sl\u0103bit:<\/h4>\n<ul>\n<li>Adopt\u0103 un regim alimentar echilibrat, cu un aport sc\u0103zut de carbohidra\u021bi \u0219i bogat \u00een gr\u0103simi s\u0103n\u0103toase \u0219i proteine.<\/li>\n<li>F\u0103 exerci\u021bii fizice regulate pentru a sprijini arderea gr\u0103similor \u0219i tonifierea muscular\u0103.<\/li>\n<li>Hidrateaz\u0103-te corespunz\u0103tor, consum\u00e2nd cel pu\u021bin 2 litri de ap\u0103 pe zi.<\/li>\n<li>Evit\u0103 consumul excesiv de zah\u0103r \u0219i alimente procesate.<\/li>\n<\/ul>\n<h2>De unde s\u0103 cump\u0103ra\u021bi Keto Black \u0219i care este pre\u021bul<\/h2>\n<p>Keto Black+ este disponibil pentru cump\u0103rare exclusiv online, ceea ce face achizi\u021bionarea produsului extrem de simpl\u0103 \u0219i convenabil\u0103. Iat\u0103 pa\u0219ii pentru a comanda:<\/p>\n<ol>\n<li>Acceseaz\u0103 site-ul oficial al produsului.<\/li>\n<li>Completeaz\u0103 formularul de comand\u0103 cu datele personale: nume, num\u0103r de telefon \u0219i adres\u0103.<\/li>\n<li>A\u0219teapt\u0103 apelul unui specialist care va confirma comanda \u0219i \u00ee\u021bi va r\u0103spunde la orice \u00eentrebare suplimentar\u0103 despre produs.<\/li>\n<li>Produsul va fi livrat direct la adresa ta \u00een c\u00e2teva zile lucr\u0103toare.<\/li>\n<\/ol>\n<p>Keto Black+ poate fi achitat la livrare, ceea ce elimin\u0103 riscurile asociate cu plata online. Pre\u021bul variaz\u0103 \u00een func\u021bie de promo\u021bii \u0219i oferte, dar este considerat accesibil \u00een compara\u021bie cu alte suplimente similare.<\/p>\n<h2>Recenzii reale, forum<\/h2>\n<p>Pe forumurile online \u0219i \u00een sec\u021biunile de recenzii ale site-urilor de specialitate, Keto Black+ se bucur\u0103 de feedback preponderent pozitiv. Utilizatorii laud\u0103 eficien\u021ba produsului \u00een procesul de sl\u0103bit, men\u021bion\u00e2nd \u00een special urm\u0103toarele avantaje:<\/p>\n<ul>\n<li><strong>Pierderea rapid\u0103 \u00een greutate<\/strong> \u2013 Mul\u021bi utilizatori au raportat c\u0103 au pierdut \u00eentre 4-6 kilograme \u00een prima lun\u0103 de utilizare.<\/li>\n<li><strong>Reducerea apetitului<\/strong> \u2013 Consumatorii men\u021bioneaz\u0103 c\u0103 senza\u021bia de foame este semnificativ redus\u0103 dup\u0103 administrarea Keto Black+.<\/li>\n<li><strong>Energie \u0219i vitalitate<\/strong> \u2013 Persoanele care au utilizat produsul au observat o cre\u0219tere a nivelului de energie \u0219i o \u00eembun\u0103t\u0103\u021bire a st\u0103rii generale de bine.<\/li>\n<\/ul>\n<p>Recenziile de pe forumuri confirm\u0103 c\u0103 majoritatea cump\u0103r\u0103torilor sunt mul\u021bumi\u021bi de rezultate \u0219i recomand\u0103 produsul altor persoane care doresc s\u0103 sl\u0103beasc\u0103.<\/p>\n<p style=\"text-align: center;\"><a class=\"border-button\" href=\"http:\/\/tl-track.com\/tracker\/uexR\">(\u221250%) Direct de la produc\u0103tor!<\/a><\/p>\n<h2>Feedback de la utilizatori despre Keto Black<\/h2>\n<ul>\n<li><strong>Andreea, 32 de ani<\/strong>: &#8222;Am \u00eencercat multe produse pentru sl\u0103bit, dar Keto Black+ este singurul care a func\u021bionat cu adev\u0103rat pentru mine. Am pierdut 5 kilograme \u00een prima lun\u0103 \u0219i m\u0103 simt plin\u0103 de energie. \u00cei dau 5 stele!&#8221;<\/li>\n<li><strong>Mihai, 45 de ani<\/strong>: &#8222;\u00cencepusem s\u0103 am probleme cu greutatea din cauza sedentarismului, dar Keto Black+ m-a ajutat s\u0103 scap de 8 kilograme \u00eentr-un timp relativ scurt. Este u\u0219or de folosit \u0219i foarte eficient. Merit\u0103 4,5 stele!&#8221;<\/li>\n<li><strong>Ioana, 28 de ani<\/strong>: &#8222;De c\u00e2nd folosesc Keto Black+, am observat o schimbare major\u0103 \u00een corpul meu. Am sl\u0103bit 6 kilograme \u0219i am reu\u0219it s\u0103-mi controlez mai bine apetitul. \u00cel recomand cu \u00eencredere! 5 stele!&#8221;<\/li>\n<\/ul>\n<p>Keto Black+ este o solu\u021bie excelent\u0103 pentru cei care caut\u0103 un produs natural, sigur \u0219i eficient pentru pierderea \u00een greutate. Cu ingrediente de calitate, recenzii pozitive \u0219i o modalitate simpl\u0103 de achizi\u021bie, acest supliment merit\u0103 \u00eencercat de oricine dore\u0219te s\u0103-\u0219i transforme corpul \u00eentr-un mod s\u0103n\u0103tos \u0219i durabil.<\/p>\n","protected":false},"excerpt":{"rendered":"<p style=\"text-align: center;\"><a class=\"border-button\" href=\"http:\/\/tl-track.com\/tracker\/uexR\">Cump\u0103ra\u021bi<\/a><\/p>\n<p style=\"text-align: center;\"><span data-sheets-root=\"1\">*la cump\u0103rarea unui curs<\/span><\/p>\n<p style=\"text-align: left;\">#prod. 76899516<\/p>\n","protected":false},"featured_media":867,"comment_status":"open","ping_status":"closed","template":"","meta":[],"product_brand":[],"product_cat":[15],"product_tag":[],"class_list":{"0":"post-103","1":"product","2":"type-product","3":"status-publish","4":"has-post-thumbnail","6":"product_cat-medic","8":"first","9":"instock","10":"sale","11":"shipping-taxable","12":"purchasable","13":"product-type-simple"},"aioseo_notices":[],"_links":{"self":[{"href":"https:\/\/clinicadomnitachiajna.ro\/medic\/wp-json\/wp\/v2\/product\/103","targetHints":{"allow":["GET"]}}],"collection":[{"href":"https:\/\/clinicadomnitachiajna.ro\/medic\/wp-json\/wp\/v2\/product"}],"about":[{"href":"https:\/\/clinicadomnitachiajna.ro\/medic\/wp-json\/wp\/v2\/types\/product"}],"replies":[{"embeddable":true,"href":"https:\/\/clinicadomnitachiajna.ro\/medic\/wp-json\/wp\/v2\/comments?post=103"}],"wp:featuredmedia":[{"embeddable":true,"href":"https:\/\/clinicadomnitachiajna.ro\/medic\/wp-json\/wp\/v2\/media\/867"}],"wp:attachment":[{"href":"https:\/\/clinicadomnitachiajna.ro\/medic\/wp-json\/wp\/v2\/media?parent=103"}],"wp:term":[{"taxonomy":"product_brand","embeddable":true,"href":"https:\/\/clinicadomnitachiajna.ro\/medic\/wp-json\/wp\/v2\/product_brand?post=103"},{"taxonomy":"product_cat","embeddable":true,"href":"https:\/\/clinicadomnitachiajna.ro\/medic\/wp-json\/wp\/v2\/product_cat?post=103"},{"taxonomy":"product_tag","embeddable":true,"href":"https:\/\/clinicadomnitachiajna.ro\/medic\/wp-json\/wp\/v2\/product_tag?post=103"}],"curies":[{"name":"wp","href":"https:\/\/api.w.org\/{rel}","templated":true}]}}